{"id":1653,"date":"2025-03-20T05:01:44","date_gmt":"2025-03-20T05:01:44","guid":{"rendered":"http:\/\/es-natural.local\/product\/castana-gallega-kilo\/"},"modified":"2026-02-22T05:48:56","modified_gmt":"2026-02-22T05:48:56","slug":"castana-gallega","status":"publish","type":"product","link":"http:\/\/esnaturalbarcelona.com\/en\/product\/castana-gallega\/","title":{"rendered":"Galician Chestnuts Extra GGG 500g"},"content":{"rendered":"<p>Galician Chestnuts Extra GGG 500g<\/p>\n","protected":false},"excerpt":{"rendered":"<p>Las casta\u00f1as pertenecen a la familia de las Fag\u00e1ceas. Casi la mitad de la composici\u00f3n de las casta\u00f1as est\u00e1 formada por hidratos de carbono. Poseen abundante riqueza en vitamina B que solo puede asimilarse en su totalidad cuando se comen crudas dado que la cocci\u00f3n estropea este elemento. Tambi\u00e9n son ricas en potasio y hierro.<br \/>\nLas podemos encontrar en el mercado en los meses de octubre y noviembre.<\/p>\n<ul class=\"list-inline\">\n<li><strong>Origen<\/strong>: GALICIA<\/li>\n<li><strong>Categor\u00eda<\/strong>: Primera<\/li>\n<\/ul>\n<p>Informaci\u00f3n nutricional 100 gr<\/p>\n<p>Agua: 47,6 g. \/ Energ\u00eda: 195 kcal. \/ Proteinas: 3 g. \/ Hidratos de Carbono: 40 g.<\/p>\n","protected":false},"featured_media":1655,"comment_status":"open","ping_status":"closed","template":"","meta":[],"product_brand":[],"product_cat":[159,77],"product_tag":[],"class_list":{"0":"post-1653","1":"product","2":"type-product","3":"status-publish","4":"has-post-thumbnail","6":"product_cat-productos-frescos","7":"product_cat-frutas","8":"product_shipping_class-fruits-vegetables","10":"first","11":"outofstock","12":"purchasable","13":"product-type-simple"},"_links":{"self":[{"href":"http:\/\/esnaturalbarcelona.com\/en\/wp-json\/wp\/v2\/product\/1653","targetHints":{"allow":["GET"]}}],"collection":[{"href":"http:\/\/esnaturalbarcelona.com\/en\/wp-json\/wp\/v2\/product"}],"about":[{"href":"http:\/\/esnaturalbarcelona.com\/en\/wp-json\/wp\/v2\/types\/product"}],"replies":[{"embeddable":true,"href":"http:\/\/esnaturalbarcelona.com\/en\/wp-json\/wp\/v2\/comments?post=1653"}],"version-history":[{"count":3,"href":"http:\/\/esnaturalbarcelona.com\/en\/wp-json\/wp\/v2\/product\/1653\/revisions"}],"predecessor-version":[{"id":9194,"href":"http:\/\/esnaturalbarcelona.com\/en\/wp-json\/wp\/v2\/product\/1653\/revisions\/9194"}],"wp:featuredmedia":[{"embeddable":true,"href":"http:\/\/esnaturalbarcelona.com\/en\/wp-json\/wp\/v2\/media\/1655"}],"wp:attachment":[{"href":"http:\/\/esnaturalbarcelona.com\/en\/wp-json\/wp\/v2\/media?parent=1653"}],"wp:term":[{"taxonomy":"product_brand","embeddable":true,"href":"http:\/\/esnaturalbarcelona.com\/en\/wp-json\/wp\/v2\/product_brand?post=1653"},{"taxonomy":"product_cat","embeddable":true,"href":"http:\/\/esnaturalbarcelona.com\/en\/wp-json\/wp\/v2\/product_cat?post=1653"},{"taxonomy":"product_tag","embeddable":true,"href":"http:\/\/esnaturalbarcelona.com\/en\/wp-json\/wp\/v2\/product_tag?post=1653"}],"curies":[{"name":"wp","href":"https:\/\/api.w.org\/{rel}","templated":true}]}}