{"id":1733,"date":"2025-03-20T05:02:21","date_gmt":"2025-03-20T05:02:21","guid":{"rendered":"http:\/\/es-natural.local\/product\/proteina-de-canamo-bio\/"},"modified":"2026-02-22T05:58:26","modified_gmt":"2026-02-22T05:58:26","slug":"proteina-de-canamo-bio","status":"publish","type":"product","link":"http:\/\/esnaturalbarcelona.com\/en\/product\/proteina-de-canamo-bio\/","title":{"rendered":"Organic Hemp Protein Powder 250g"},"content":{"rendered":"<p>Organic Hemp Protein Powder 250g<\/p>\n","protected":false},"excerpt":{"rendered":"<p>Es una prote\u00edna vegetal alternativa a la prote\u00edna del suero de la leche y de la soja. Este producto contiene un alto contenido en prote\u00ednas y es una fuente natural de diversas vitaminas y minerales<\/p>\n<ul>\n<li>Alto contenido de prote\u00ednas<\/li>\n<li>Fuente de \u00e1cidos grasos omega-3<\/li>\n<\/ul>\n","protected":false},"featured_media":1735,"comment_status":"open","ping_status":"closed","template":"","meta":[],"product_brand":[],"product_cat":[85],"product_tag":[],"class_list":{"0":"post-1733","1":"product","2":"type-product","3":"status-publish","4":"has-post-thumbnail","6":"product_cat-superalimentos-y-suplementos-iswari","7":"product_shipping_class-custom-delivery-radius","9":"first","10":"outofstock","11":"purchasable","12":"product-type-simple"},"_links":{"self":[{"href":"http:\/\/esnaturalbarcelona.com\/en\/wp-json\/wp\/v2\/product\/1733","targetHints":{"allow":["GET"]}}],"collection":[{"href":"http:\/\/esnaturalbarcelona.com\/en\/wp-json\/wp\/v2\/product"}],"about":[{"href":"http:\/\/esnaturalbarcelona.com\/en\/wp-json\/wp\/v2\/types\/product"}],"replies":[{"embeddable":true,"href":"http:\/\/esnaturalbarcelona.com\/en\/wp-json\/wp\/v2\/comments?post=1733"}],"version-history":[{"count":2,"href":"http:\/\/esnaturalbarcelona.com\/en\/wp-json\/wp\/v2\/product\/1733\/revisions"}],"predecessor-version":[{"id":9177,"href":"http:\/\/esnaturalbarcelona.com\/en\/wp-json\/wp\/v2\/product\/1733\/revisions\/9177"}],"wp:featuredmedia":[{"embeddable":true,"href":"http:\/\/esnaturalbarcelona.com\/en\/wp-json\/wp\/v2\/media\/1735"}],"wp:attachment":[{"href":"http:\/\/esnaturalbarcelona.com\/en\/wp-json\/wp\/v2\/media?parent=1733"}],"wp:term":[{"taxonomy":"product_brand","embeddable":true,"href":"http:\/\/esnaturalbarcelona.com\/en\/wp-json\/wp\/v2\/product_brand?post=1733"},{"taxonomy":"product_cat","embeddable":true,"href":"http:\/\/esnaturalbarcelona.com\/en\/wp-json\/wp\/v2\/product_cat?post=1733"},{"taxonomy":"product_tag","embeddable":true,"href":"http:\/\/esnaturalbarcelona.com\/en\/wp-json\/wp\/v2\/product_tag?post=1733"}],"curies":[{"name":"wp","href":"https:\/\/api.w.org\/{rel}","templated":true}]}}