{"id":1736,"date":"2025-03-20T05:02:21","date_gmt":"2025-03-20T05:02:21","guid":{"rendered":"http:\/\/es-natural.local\/product\/spiriluna-polvo-bio\/"},"modified":"2026-02-22T05:58:30","modified_gmt":"2026-02-22T05:58:30","slug":"spiriluna-polvo-bio","status":"publish","type":"product","link":"http:\/\/esnaturalbarcelona.com\/en\/product\/spiriluna-polvo-bio\/","title":{"rendered":"Organic Spirulina Powder 125g"},"content":{"rendered":"<p>Organic Spirulina Powder 125g<\/p>\n","protected":false},"excerpt":{"rendered":"<p>Espirulina en Polvo Bio de Iswari es una alga acu\u00e1tica, considerada uno de los alimentos m\u00e1s completos del planeta, debido a su alta concentraci\u00f3n de macro y micronutrientes como prote\u00edna vegetal, minerales, antioxidantes, \u00e1cidos grasos y amino\u00e1cidos esenciales.<\/p>\n<p class=\"product-rich-descriptive-content-title\"><strong>Propiedades y beneficios de Espirulina en Polvo Bio<\/strong><\/p>\n<p>Acelera el metabolismo, ayudando a eliminar la grasa, desintoxica y depura (muy rica en clorofila, un desintoxicante natural). Proporciona 65% de prote\u00edna vegetal altamente asimilable por el organismo, rica en vitaminas del complejo B (Vitamina B12 muy importante en Vegetarianos). Fuente de Prote\u00edna, Hierro y Vitamina E, ayuda a mejorar la recuperaci\u00f3n muscular.<\/p>\n<p>Aval ecol\u00f3gico: PT-BIO-10<\/p>\n","protected":false},"featured_media":1738,"comment_status":"open","ping_status":"closed","template":"","meta":[],"product_brand":[],"product_cat":[85],"product_tag":[],"class_list":{"0":"post-1736","1":"product","2":"type-product","3":"status-publish","4":"has-post-thumbnail","6":"product_cat-superalimentos-y-suplementos-iswari","7":"product_shipping_class-custom-delivery-radius","9":"first","10":"outofstock","11":"purchasable","12":"product-type-simple"},"_links":{"self":[{"href":"http:\/\/esnaturalbarcelona.com\/en\/wp-json\/wp\/v2\/product\/1736","targetHints":{"allow":["GET"]}}],"collection":[{"href":"http:\/\/esnaturalbarcelona.com\/en\/wp-json\/wp\/v2\/product"}],"about":[{"href":"http:\/\/esnaturalbarcelona.com\/en\/wp-json\/wp\/v2\/types\/product"}],"replies":[{"embeddable":true,"href":"http:\/\/esnaturalbarcelona.com\/en\/wp-json\/wp\/v2\/comments?post=1736"}],"version-history":[{"count":2,"href":"http:\/\/esnaturalbarcelona.com\/en\/wp-json\/wp\/v2\/product\/1736\/revisions"}],"predecessor-version":[{"id":9178,"href":"http:\/\/esnaturalbarcelona.com\/en\/wp-json\/wp\/v2\/product\/1736\/revisions\/9178"}],"wp:featuredmedia":[{"embeddable":true,"href":"http:\/\/esnaturalbarcelona.com\/en\/wp-json\/wp\/v2\/media\/1738"}],"wp:attachment":[{"href":"http:\/\/esnaturalbarcelona.com\/en\/wp-json\/wp\/v2\/media?parent=1736"}],"wp:term":[{"taxonomy":"product_brand","embeddable":true,"href":"http:\/\/esnaturalbarcelona.com\/en\/wp-json\/wp\/v2\/product_brand?post=1736"},{"taxonomy":"product_cat","embeddable":true,"href":"http:\/\/esnaturalbarcelona.com\/en\/wp-json\/wp\/v2\/product_cat?post=1736"},{"taxonomy":"product_tag","embeddable":true,"href":"http:\/\/esnaturalbarcelona.com\/en\/wp-json\/wp\/v2\/product_tag?post=1736"}],"curies":[{"name":"wp","href":"https:\/\/api.w.org\/{rel}","templated":true}]}}