{"id":2301,"date":"2025-03-20T05:14:13","date_gmt":"2025-03-20T05:14:13","guid":{"rendered":"http:\/\/es-natural.local\/product\/uva-teulada-500-gr\/"},"modified":"2026-02-22T05:33:49","modified_gmt":"2026-02-22T05:33:49","slug":"uva-teulada-500-gr","status":"publish","type":"product","link":"http:\/\/esnaturalbarcelona.com\/en\/product\/uva-teulada-500-gr\/","title":{"rendered":"Seedless black grapes 500g"},"content":{"rendered":"<h5>Seedless black grapes Candy Crush<\/h5>\n","protected":false},"excerpt":{"rendered":"<p>La Candy m\u00e1s fuerte y mordaz. Es una variedad con fuerte sabor y con ligeros toques a moscatel. Su grano es alargado y un tanto ovalado. Es la mandam\u00e1s de las quintillizas.<\/p>\n<p>La uva es el nombre que recibe el fruto que crece formando racimos de la vid. Las uvas vienen en racimos y son peque\u00f1as y dulces. Se comen frescas o se utilizan para producir mosto, vino y vinagre.<br \/>\nLa composici\u00f3n de la uva var\u00eda seg\u00fan se trate de uvas blancas o negras. En ambas destacan dos tipos de nutrientes: los az\u00facares, principalmente glucosa y fructosa, m\u00e1s abundantes en las uvas blancas y las vitaminas (\u00e1cido f\u00f3lico y vitamina B6).<br \/>\nSu riqueza en az\u00facares, les convierte en una de las frutas m\u00e1s cal\u00f3ricas. Las uvas cultivadas en regiones fr\u00edas suelen tener menos az\u00facares que las cultivadas en terrenos c\u00e1lidos y secos. Entre los minerales, el potasio es el m\u00e1s abundante y se encuentra en mayor cantidad en la uva negra; mientras que el magnesio y el calcio est\u00e1n en cantidades moderadas y son m\u00e1s abundantes en la uva blanca.<br \/>\nLa uva va madurando seg\u00fan las variedades y las zonas de cultivo desde mediados de verano hasta principios del invierno. La recolecci\u00f3n de la uva se lleva a cabo en cuanto es posible la etapa de maduraci\u00f3n, lo que sucede entre mediados de septiembre y final de noviembre. Por tanto, las uvas frescas de temporada se pueden degustar durante los meses de oto\u00f1o y principios de invierno.<\/p>\n<ul class=\"list-inline\">\n<li><strong>Origen<\/strong>: Alicante<\/li>\n<li><strong>Categor\u00eda<\/strong>: primera<\/li>\n<li><strong>Variedad<\/strong>: candy crush<\/li>\n<\/ul>\n<p><strong>Informaci\u00f3n nutricional 100 gr:<\/strong><\/p>\n<p>Agua: 83,5 g \/ Energ\u00eda: 64,4 kcal. \/ Prote\u00ednas: 0,6 g. \/ Hidratos de Carbono: 15,5 g<\/p>\n","protected":false},"featured_media":2303,"comment_status":"open","ping_status":"closed","template":"","meta":[],"product_brand":[],"product_cat":[159,77],"product_tag":[],"class_list":{"0":"post-2301","1":"product","2":"type-product","3":"status-publish","4":"has-post-thumbnail","6":"product_cat-productos-frescos","7":"product_cat-frutas","8":"product_shipping_class-fruits-vegetables","10":"first","11":"instock","12":"purchasable","13":"product-type-simple"},"_links":{"self":[{"href":"http:\/\/esnaturalbarcelona.com\/en\/wp-json\/wp\/v2\/product\/2301","targetHints":{"allow":["GET"]}}],"collection":[{"href":"http:\/\/esnaturalbarcelona.com\/en\/wp-json\/wp\/v2\/product"}],"about":[{"href":"http:\/\/esnaturalbarcelona.com\/en\/wp-json\/wp\/v2\/types\/product"}],"replies":[{"embeddable":true,"href":"http:\/\/esnaturalbarcelona.com\/en\/wp-json\/wp\/v2\/comments?post=2301"}],"version-history":[{"count":3,"href":"http:\/\/esnaturalbarcelona.com\/en\/wp-json\/wp\/v2\/product\/2301\/revisions"}],"predecessor-version":[{"id":8893,"href":"http:\/\/esnaturalbarcelona.com\/en\/wp-json\/wp\/v2\/product\/2301\/revisions\/8893"}],"wp:featuredmedia":[{"embeddable":true,"href":"http:\/\/esnaturalbarcelona.com\/en\/wp-json\/wp\/v2\/media\/2303"}],"wp:attachment":[{"href":"http:\/\/esnaturalbarcelona.com\/en\/wp-json\/wp\/v2\/media?parent=2301"}],"wp:term":[{"taxonomy":"product_brand","embeddable":true,"href":"http:\/\/esnaturalbarcelona.com\/en\/wp-json\/wp\/v2\/product_brand?post=2301"},{"taxonomy":"product_cat","embeddable":true,"href":"http:\/\/esnaturalbarcelona.com\/en\/wp-json\/wp\/v2\/product_cat?post=2301"},{"taxonomy":"product_tag","embeddable":true,"href":"http:\/\/esnaturalbarcelona.com\/en\/wp-json\/wp\/v2\/product_tag?post=2301"}],"curies":[{"name":"wp","href":"https:\/\/api.w.org\/{rel}","templated":true}]}}