{"id":2995,"date":"2025-03-20T05:23:14","date_gmt":"2025-03-20T05:23:14","guid":{"rendered":"http:\/\/es-natural.local\/product\/azucar-de-abedul-xilitol-sol-natural-500g\/"},"modified":"2026-02-22T05:26:44","modified_gmt":"2026-02-22T05:26:44","slug":"azucar-de-abedul-xilitol-sol-natural-500g","status":"publish","type":"product","link":"http:\/\/esnaturalbarcelona.com\/en\/product\/azucar-de-abedul-xilitol-sol-natural-500g\/","title":{"rendered":"Birch Sugar (Xylitol) Sol Natural 500G"},"content":{"rendered":"<p>Birch Sugar (Xylitol) Sol Natural 500G<\/p>\n","protected":false},"excerpt":{"rendered":"<p>Xilitol en Polvo vegano de Sol Natural es un sustituto del az\u00facar sin \u00edndice glic\u00e9mico.<\/p>\n<p>Es un compuesto org\u00e1nico que se puede comparar en apariencia, textura y poder edulcorante al az\u00facar com\u00fan, puede mejorar la salud dental, ya que el Xilitol (al contrario del az\u00facar) no puede metabolizar las bacterias de la flora bucal.<\/p>\n","protected":false},"featured_media":2997,"comment_status":"open","ping_status":"closed","template":"","meta":[],"product_brand":[],"product_cat":[158,137],"product_tag":[],"class_list":{"0":"post-2995","1":"product","2":"type-product","3":"status-publish","4":"has-post-thumbnail","6":"product_cat-untables-y-edulcorantes","7":"product_cat-edulcorantes","8":"product_shipping_class-custom-delivery-radius","10":"first","11":"instock","12":"purchasable","13":"product-type-simple"},"_links":{"self":[{"href":"http:\/\/esnaturalbarcelona.com\/en\/wp-json\/wp\/v2\/product\/2995","targetHints":{"allow":["GET"]}}],"collection":[{"href":"http:\/\/esnaturalbarcelona.com\/en\/wp-json\/wp\/v2\/product"}],"about":[{"href":"http:\/\/esnaturalbarcelona.com\/en\/wp-json\/wp\/v2\/types\/product"}],"replies":[{"embeddable":true,"href":"http:\/\/esnaturalbarcelona.com\/en\/wp-json\/wp\/v2\/comments?post=2995"}],"version-history":[{"count":2,"href":"http:\/\/esnaturalbarcelona.com\/en\/wp-json\/wp\/v2\/product\/2995\/revisions"}],"predecessor-version":[{"id":8635,"href":"http:\/\/esnaturalbarcelona.com\/en\/wp-json\/wp\/v2\/product\/2995\/revisions\/8635"}],"wp:featuredmedia":[{"embeddable":true,"href":"http:\/\/esnaturalbarcelona.com\/en\/wp-json\/wp\/v2\/media\/2997"}],"wp:attachment":[{"href":"http:\/\/esnaturalbarcelona.com\/en\/wp-json\/wp\/v2\/media?parent=2995"}],"wp:term":[{"taxonomy":"product_brand","embeddable":true,"href":"http:\/\/esnaturalbarcelona.com\/en\/wp-json\/wp\/v2\/product_brand?post=2995"},{"taxonomy":"product_cat","embeddable":true,"href":"http:\/\/esnaturalbarcelona.com\/en\/wp-json\/wp\/v2\/product_cat?post=2995"},{"taxonomy":"product_tag","embeddable":true,"href":"http:\/\/esnaturalbarcelona.com\/en\/wp-json\/wp\/v2\/product_tag?post=2995"}],"curies":[{"name":"wp","href":"https:\/\/api.w.org\/{rel}","templated":true}]}}