{"id":3001,"date":"2025-03-20T05:23:14","date_gmt":"2025-03-20T05:23:14","guid":{"rendered":"http:\/\/es-natural.local\/product\/azucar-de-coco-iswari-250g\/"},"modified":"2026-02-22T05:26:48","modified_gmt":"2026-02-22T05:26:48","slug":"azucar-de-coco-iswari-250g","status":"publish","type":"product","link":"http:\/\/esnaturalbarcelona.com\/en\/product\/azucar-de-coco-iswari-250g\/","title":{"rendered":"Coconut Sugar Iswari 250 GR"},"content":{"rendered":"<p>Coconut Sugar Iswari 250 GR<\/p>\n","protected":false},"excerpt":{"rendered":"<p>El az\u00facar de coco es un sustituto nutritivo del az\u00facar blanco y los edulcorantes artificiales. Se produce a partir de las flores de coco. Tiene un alto contenido de minerales, como potasio, cobre y zinc. Adem\u00e1s tiene un nivel glic\u00e9mico bajo (grado de Gi 35); no est\u00e1 blanqueada, tiene un sabor ligeramente caramelizado, es bastante vers\u00e1til y se puede utilizar en la misma cantidad que el az\u00facar blanco convencional.<\/p>\n","protected":false},"featured_media":3003,"comment_status":"open","ping_status":"closed","template":"","meta":[],"product_brand":[],"product_cat":[158,137],"product_tag":[],"class_list":{"0":"post-3001","1":"product","2":"type-product","3":"status-publish","4":"has-post-thumbnail","6":"product_cat-untables-y-edulcorantes","7":"product_cat-edulcorantes","8":"product_shipping_class-custom-delivery-radius","10":"first","11":"instock","12":"purchasable","13":"product-type-simple"},"_links":{"self":[{"href":"http:\/\/esnaturalbarcelona.com\/en\/wp-json\/wp\/v2\/product\/3001","targetHints":{"allow":["GET"]}}],"collection":[{"href":"http:\/\/esnaturalbarcelona.com\/en\/wp-json\/wp\/v2\/product"}],"about":[{"href":"http:\/\/esnaturalbarcelona.com\/en\/wp-json\/wp\/v2\/types\/product"}],"replies":[{"embeddable":true,"href":"http:\/\/esnaturalbarcelona.com\/en\/wp-json\/wp\/v2\/comments?post=3001"}],"version-history":[{"count":2,"href":"http:\/\/esnaturalbarcelona.com\/en\/wp-json\/wp\/v2\/product\/3001\/revisions"}],"predecessor-version":[{"id":8637,"href":"http:\/\/esnaturalbarcelona.com\/en\/wp-json\/wp\/v2\/product\/3001\/revisions\/8637"}],"wp:featuredmedia":[{"embeddable":true,"href":"http:\/\/esnaturalbarcelona.com\/en\/wp-json\/wp\/v2\/media\/3003"}],"wp:attachment":[{"href":"http:\/\/esnaturalbarcelona.com\/en\/wp-json\/wp\/v2\/media?parent=3001"}],"wp:term":[{"taxonomy":"product_brand","embeddable":true,"href":"http:\/\/esnaturalbarcelona.com\/en\/wp-json\/wp\/v2\/product_brand?post=3001"},{"taxonomy":"product_cat","embeddable":true,"href":"http:\/\/esnaturalbarcelona.com\/en\/wp-json\/wp\/v2\/product_cat?post=3001"},{"taxonomy":"product_tag","embeddable":true,"href":"http:\/\/esnaturalbarcelona.com\/en\/wp-json\/wp\/v2\/product_tag?post=3001"}],"curies":[{"name":"wp","href":"https:\/\/api.w.org\/{rel}","templated":true}]}}