{"id":3355,"date":"2025-03-20T05:27:45","date_gmt":"2025-03-20T05:27:45","guid":{"rendered":"http:\/\/es-natural.local\/product\/alubias-blancas-eco-cal-valls-250g\/"},"modified":"2026-02-22T05:14:33","modified_gmt":"2026-02-22T05:14:33","slug":"alubias-blancas-eco-cal-valls-250g","status":"publish","type":"product","link":"http:\/\/esnaturalbarcelona.com\/en\/product\/alubias-blancas-eco-cal-valls-250g\/","title":{"rendered":"Organic white beans Cal Valls 250g"},"content":{"rendered":"<p>Organic white beans Cal Valls 250g<\/p>\n","protected":false},"excerpt":{"rendered":"<p>Jud\u00edas Blancas Cocidas Eco de Cal Valls cocidas, para consumir directamente o para elaborar un rico plato acompa\u00f1ado de ensaladas.<\/p>\n<p>Cal Valls es una empresa familiar, dedicada desde 1978 a la producci\u00f3n y elaboraci\u00f3n de zumos y conservas vegetales de cultivo ecol\u00f3gico.<\/p>\n","protected":false},"featured_media":3357,"comment_status":"open","ping_status":"closed","template":"","meta":[],"product_brand":[],"product_cat":[88],"product_tag":[],"class_list":{"0":"post-3355","1":"product","2":"type-product","3":"status-publish","4":"has-post-thumbnail","6":"product_cat-conservas","7":"product_shipping_class-custom-delivery-radius","9":"first","10":"instock","11":"purchasable","12":"product-type-simple"},"_links":{"self":[{"href":"http:\/\/esnaturalbarcelona.com\/en\/wp-json\/wp\/v2\/product\/3355","targetHints":{"allow":["GET"]}}],"collection":[{"href":"http:\/\/esnaturalbarcelona.com\/en\/wp-json\/wp\/v2\/product"}],"about":[{"href":"http:\/\/esnaturalbarcelona.com\/en\/wp-json\/wp\/v2\/types\/product"}],"replies":[{"embeddable":true,"href":"http:\/\/esnaturalbarcelona.com\/en\/wp-json\/wp\/v2\/comments?post=3355"}],"version-history":[{"count":2,"href":"http:\/\/esnaturalbarcelona.com\/en\/wp-json\/wp\/v2\/product\/3355\/revisions"}],"predecessor-version":[{"id":8477,"href":"http:\/\/esnaturalbarcelona.com\/en\/wp-json\/wp\/v2\/product\/3355\/revisions\/8477"}],"wp:featuredmedia":[{"embeddable":true,"href":"http:\/\/esnaturalbarcelona.com\/en\/wp-json\/wp\/v2\/media\/3357"}],"wp:attachment":[{"href":"http:\/\/esnaturalbarcelona.com\/en\/wp-json\/wp\/v2\/media?parent=3355"}],"wp:term":[{"taxonomy":"product_brand","embeddable":true,"href":"http:\/\/esnaturalbarcelona.com\/en\/wp-json\/wp\/v2\/product_brand?post=3355"},{"taxonomy":"product_cat","embeddable":true,"href":"http:\/\/esnaturalbarcelona.com\/en\/wp-json\/wp\/v2\/product_cat?post=3355"},{"taxonomy":"product_tag","embeddable":true,"href":"http:\/\/esnaturalbarcelona.com\/en\/wp-json\/wp\/v2\/product_tag?post=3355"}],"curies":[{"name":"wp","href":"https:\/\/api.w.org\/{rel}","templated":true}]}}