{"id":3581,"date":"2025-03-20T05:31:22","date_gmt":"2025-03-20T05:31:22","guid":{"rendered":"http:\/\/es-natural.local\/product\/uva-blanca-500-gr-2\/"},"modified":"2026-02-22T04:57:52","modified_gmt":"2026-02-22T04:57:52","slug":"uva-blanca-500-gr-2","status":"publish","type":"product","link":"http:\/\/esnaturalbarcelona.com\/en\/product\/uva-blanca-500-gr-2\/","title":{"rendered":"WHITE GRAPES 500GR"},"content":{"rendered":"<h5>WHITE GRAPES 500GR<\/h5>\n","protected":false},"excerpt":{"rendered":"<p>La uva es una fruta obtenida de la vid. Las uvas vienen en racimos, son peque\u00f1as y dulces. Es comen frescas o se utilizan para producir agraz, mosto, vino, vinagre y pisco. Crecen agrupadas en racimos de entre 6 y 300 racimos. Pueden ser negros, moradas, amarillas, doradas, p\u00farpura, rosadas, marrones, anaranjadas o blancas, aunque estas \u00faltimas son realmente verdes y evolutivamente proceden de las uvas rojas con la mutaci\u00f3n de dos genes que hacen que no desarrolla antocianinas, siento estas las que dan la pigmentaci\u00f3n.<\/p>\n<ul class=\"list-inline\">\n<li><strong>Origen<\/strong>: Alicante<\/li>\n<li><strong>Categor\u00eda<\/strong>: Primera<\/li>\n<li><strong>Variedad<\/strong>: Timpson<\/li>\n<\/ul>\n<p>Valor Nutricional:<br \/>\nCalor\u00edas 70,30 kcal<br \/>\nGrasas 0,16 g<br \/>\nColesterol 0 mg<br \/>\nSodio 2 mg<br \/>\nCarbohidratos 16,10 g<br \/>\nFibra 0,80 g<br \/>\nAz\u00facares 16,10 g<br \/>\nProte\u00ednas 0,72 g<br \/>\nVitamina A 0,00 ug<br \/>\nVitamina C 3 mg<br \/>\nVitamina B12 0 ug<br \/>\nVitamina B3 0,37 mg<br \/>\nCalcio 17 mg<br \/>\nHierro 0,60 mg.<\/p>\n","protected":false},"featured_media":1481,"comment_status":"open","ping_status":"closed","template":"","meta":[],"product_brand":[],"product_cat":[159,77],"product_tag":[],"class_list":{"0":"post-3581","1":"product","2":"type-product","3":"status-publish","4":"has-post-thumbnail","6":"product_cat-productos-frescos","7":"product_cat-frutas","8":"product_shipping_class-fruits-vegetables","10":"first","11":"instock","12":"purchasable","13":"product-type-simple"},"_links":{"self":[{"href":"http:\/\/esnaturalbarcelona.com\/en\/wp-json\/wp\/v2\/product\/3581","targetHints":{"allow":["GET"]}}],"collection":[{"href":"http:\/\/esnaturalbarcelona.com\/en\/wp-json\/wp\/v2\/product"}],"about":[{"href":"http:\/\/esnaturalbarcelona.com\/en\/wp-json\/wp\/v2\/types\/product"}],"replies":[{"embeddable":true,"href":"http:\/\/esnaturalbarcelona.com\/en\/wp-json\/wp\/v2\/comments?post=3581"}],"version-history":[{"count":2,"href":"http:\/\/esnaturalbarcelona.com\/en\/wp-json\/wp\/v2\/product\/3581\/revisions"}],"predecessor-version":[{"id":8367,"href":"http:\/\/esnaturalbarcelona.com\/en\/wp-json\/wp\/v2\/product\/3581\/revisions\/8367"}],"wp:featuredmedia":[{"embeddable":true,"href":"http:\/\/esnaturalbarcelona.com\/en\/wp-json\/wp\/v2\/media\/1481"}],"wp:attachment":[{"href":"http:\/\/esnaturalbarcelona.com\/en\/wp-json\/wp\/v2\/media?parent=3581"}],"wp:term":[{"taxonomy":"product_brand","embeddable":true,"href":"http:\/\/esnaturalbarcelona.com\/en\/wp-json\/wp\/v2\/product_brand?post=3581"},{"taxonomy":"product_cat","embeddable":true,"href":"http:\/\/esnaturalbarcelona.com\/en\/wp-json\/wp\/v2\/product_cat?post=3581"},{"taxonomy":"product_tag","embeddable":true,"href":"http:\/\/esnaturalbarcelona.com\/en\/wp-json\/wp\/v2\/product_tag?post=3581"}],"curies":[{"name":"wp","href":"https:\/\/api.w.org\/{rel}","templated":true}]}}