{"id":8096,"date":"2025-03-20T05:27:45","date_gmt":"2025-03-20T05:27:45","guid":{"rendered":"https:\/\/esnaturalbarcelona.com\/product\/chucrut-bio-natursoy-360-gr\/"},"modified":"2026-02-10T04:24:47","modified_gmt":"2026-02-10T04:24:47","slug":"chucrut-bio-natursoy-360-gr","status":"publish","type":"product","link":"http:\/\/esnaturalbarcelona.com\/en\/product\/chucrut-bio-natursoy-360-gr\/","title":{"rendered":"CHUCRUT BIO NATURSOY 360 GR"},"content":{"rendered":"<p>CHUCRUT BIO NATURSOY 360 GR<\/p>\n","protected":false},"excerpt":{"rendered":"<p>Chucrut Bio de Natursoy est\u00e1 fabricado a base de col fermentada de origen ecol\u00f3gico que presenta mayor composici\u00f3n mineral, vitam\u00ednica y antioxidante. Un producto de calidad que satisface plenamente por ser un producto sabroso, nutritivo que da tranquilidad al consumirlo <\/p>\n","protected":false},"featured_media":6552,"comment_status":"open","ping_status":"closed","template":"","meta":[],"product_brand":[],"product_cat":[199],"product_tag":[],"class_list":{"0":"post-8096","1":"product","2":"type-product","3":"status-publish","4":"has-post-thumbnail","6":"product_cat-conservas-es","7":"product_shipping_class-custom-delivery-radius","9":"first","10":"instock","11":"purchasable","12":"product-type-simple"},"_links":{"self":[{"href":"http:\/\/esnaturalbarcelona.com\/en\/wp-json\/wp\/v2\/product\/8096","targetHints":{"allow":["GET"]}}],"collection":[{"href":"http:\/\/esnaturalbarcelona.com\/en\/wp-json\/wp\/v2\/product"}],"about":[{"href":"http:\/\/esnaturalbarcelona.com\/en\/wp-json\/wp\/v2\/types\/product"}],"replies":[{"embeddable":true,"href":"http:\/\/esnaturalbarcelona.com\/en\/wp-json\/wp\/v2\/comments?post=8096"}],"version-history":[{"count":1,"href":"http:\/\/esnaturalbarcelona.com\/en\/wp-json\/wp\/v2\/product\/8096\/revisions"}],"predecessor-version":[{"id":10027,"href":"http:\/\/esnaturalbarcelona.com\/en\/wp-json\/wp\/v2\/product\/8096\/revisions\/10027"}],"wp:featuredmedia":[{"embeddable":true,"href":"http:\/\/esnaturalbarcelona.com\/en\/wp-json\/wp\/v2\/media\/6552"}],"wp:attachment":[{"href":"http:\/\/esnaturalbarcelona.com\/en\/wp-json\/wp\/v2\/media?parent=8096"}],"wp:term":[{"taxonomy":"product_brand","embeddable":true,"href":"http:\/\/esnaturalbarcelona.com\/en\/wp-json\/wp\/v2\/product_brand?post=8096"},{"taxonomy":"product_cat","embeddable":true,"href":"http:\/\/esnaturalbarcelona.com\/en\/wp-json\/wp\/v2\/product_cat?post=8096"},{"taxonomy":"product_tag","embeddable":true,"href":"http:\/\/esnaturalbarcelona.com\/en\/wp-json\/wp\/v2\/product_tag?post=8096"}],"curies":[{"name":"wp","href":"https:\/\/api.w.org\/{rel}","templated":true}]}}