{"id":1294,"date":"2025-03-20T04:57:10","date_gmt":"2025-03-20T04:57:10","guid":{"rendered":"http:\/\/es-natural.local\/product\/arandano-bandeja\/"},"modified":"2026-02-22T06:10:37","modified_gmt":"2026-02-22T06:10:37","slug":"arandano-bandeja","status":"publish","type":"product","link":"https:\/\/esnaturalbarcelona.com\/en\/product\/arandano-bandeja\/","title":{"rendered":"Ar\u00e1ndano Bandeja 125 GR"},"content":{"rendered":"<div id=\"e94a9b4aefa57db2\" class=\"conversation-container message-actions-hover-boundary ng-star-inserted\">\n<div>\n<div class=\"response-container ng-tns-c2160746184-145 response-container-with-gpi is-mobile ng-star-inserted response-container-has-multiple-responses\">\n<div class=\"presented-response-container ng-tns-c2160746184-145\">\n<div class=\"response-container-content ng-tns-c2160746184-145 is-mobile\">\n<div class=\"response-content ng-tns-c2160746184-145\">\n<div id=\"model-response-message-contentr_e94a9b4aefa57db2\" class=\"markdown markdown-main-panel stronger enable-updated-hr-color\" dir=\"ltr\">\n<p>El ar\u00e1ndano es de color rojo cuando est\u00e1 verde y se torna negro azulado al madurar. En la parte superior tiene una peque\u00f1a corona que lo distingue de la grosella negra. Su pulpa es jugosa y de sabor agridulce. Se puede consumir como fruta fresca, pero se utiliza principalmente para hacer mermeladas, confituras y jaleas. Tambi\u00e9n tienen un contenido importante de vitamina A y C, por lo que son bueno para evitar la oxidaci\u00f3n de las c\u00e9lulas. Una vez recolectado, se conserva durante 4 \u00f3 5 semanas teniendo en cuenta sus necesidades de humedad y temperatura.<\/p>\n<ul class=\"list-inline\">\n<li><strong>Origen<\/strong>: Cantabria<\/li>\n<li><strong>Categor\u00eda<\/strong>: Primera<\/li>\n<li><strong>Variedad<\/strong>: Blueberry<\/li>\n<li><\/li>\n<li><strong>Informaci\u00f3n nutricional 100 gr<\/strong><\/li>\n<li>Agua 87,8 g<br \/>\nEnerg\u00eda 32 kcal<br \/>\nProte\u00ednas 0,6 g<br \/>\nHidratos de Carbono 6,1 g.<\/li>\n<\/ul>\n<\/div>\n<div class=\"response-footer is-mobile gap complete\"><\/div>\n<\/div>\n<\/div>\n<\/div>\n<div class=\"response-container-footer ng-tns-c2160746184-145\">\n<div class=\"actions-container-v2 ng-tns-c2794356830-147 mobile\">\n<div class=\"spacer ng-tns-c2794356830-147 ng-star-inserted\"><\/div>\n<\/div>\n<\/div>\n<\/div>\n<div id=\"feedback-form-26\" class=\"feedback-form-turn-index\"><\/div>\n<\/div>\n<div class=\"restart-chat-button-scroll-placeholder ng-star-inserted\"><\/div>\n<\/div>\n","protected":false},"excerpt":{"rendered":"<p>Approximate weight per unit: 125g<\/p>\n<p data-pm-slice=\"1 1 []\">23,92 \u20ac\/kg<\/p>\n","protected":false},"featured_media":1296,"comment_status":"open","ping_status":"closed","template":"","meta":[],"product_brand":[],"product_cat":[159,77],"product_tag":[],"class_list":{"0":"post-1294","1":"product","2":"type-product","3":"status-publish","4":"has-post-thumbnail","6":"product_cat-productos-frescos","7":"product_cat-frutas","8":"product_shipping_class-fruits-vegetables","10":"first","11":"instock","12":"purchasable","13":"product-type-simple"},"_links":{"self":[{"href":"https:\/\/esnaturalbarcelona.com\/en\/wp-json\/wp\/v2\/product\/1294","targetHints":{"allow":["GET"]}}],"collection":[{"href":"https:\/\/esnaturalbarcelona.com\/en\/wp-json\/wp\/v2\/product"}],"about":[{"href":"https:\/\/esnaturalbarcelona.com\/en\/wp-json\/wp\/v2\/types\/product"}],"replies":[{"embeddable":true,"href":"https:\/\/esnaturalbarcelona.com\/en\/wp-json\/wp\/v2\/comments?post=1294"}],"version-history":[{"count":3,"href":"https:\/\/esnaturalbarcelona.com\/en\/wp-json\/wp\/v2\/product\/1294\/revisions"}],"predecessor-version":[{"id":11264,"href":"https:\/\/esnaturalbarcelona.com\/en\/wp-json\/wp\/v2\/product\/1294\/revisions\/11264"}],"wp:featuredmedia":[{"embeddable":true,"href":"https:\/\/esnaturalbarcelona.com\/en\/wp-json\/wp\/v2\/media\/1296"}],"wp:attachment":[{"href":"https:\/\/esnaturalbarcelona.com\/en\/wp-json\/wp\/v2\/media?parent=1294"}],"wp:term":[{"taxonomy":"product_brand","embeddable":true,"href":"https:\/\/esnaturalbarcelona.com\/en\/wp-json\/wp\/v2\/product_brand?post=1294"},{"taxonomy":"product_cat","embeddable":true,"href":"https:\/\/esnaturalbarcelona.com\/en\/wp-json\/wp\/v2\/product_cat?post=1294"},{"taxonomy":"product_tag","embeddable":true,"href":"https:\/\/esnaturalbarcelona.com\/en\/wp-json\/wp\/v2\/product_tag?post=1294"}],"curies":[{"name":"wp","href":"https:\/\/api.w.org\/{rel}","templated":true}]}}