{"id":1297,"date":"2025-03-20T04:57:10","date_gmt":"2025-03-20T04:57:10","guid":{"rendered":"http:\/\/es-natural.local\/product\/cereza-extra-500-gr\/"},"modified":"2026-02-22T06:10:41","modified_gmt":"2026-02-22T06:10:41","slug":"cereza-extra","status":"publish","type":"product","link":"https:\/\/esnaturalbarcelona.com\/en\/product\/cereza-extra\/","title":{"rendered":"Extra Cherry kg"},"content":{"rendered":"<div class=\"intro-fruta\">\n<p class=\"rtejustify\">Las cerezas y las guindas son los frutos del cerezo y del guindo respectivamente, \u00e1rboles de la familia de las Ros\u00e1ceas que alcanzan hasta 20 metros de altura. Esta familia incluye m\u00e1s de 2.000 especies de plantas herb\u00e1ceas, arbustos y \u00e1rboles distribuidos por las regiones templadas de todo el mundo. Las principales frutas europeas, adem\u00e1s del rosal, pertenecen a esta gran familia. Existen cientos de variedades de cerezas. Sus productores las clasifican por su sabor en dulces o agrias. Tambi\u00e9n existen h\u00edbridos de variedades dulces y agrias que pueden comerse tanto frescas como cocinadas en un sinf\u00edn de formas. Las cerezas silvestres, clasificadas como fruta agria, se denominan guindas y son las antecesoras de todas las variedades actuales.<\/p>\n<\/div>\n<h3 class=\"rtejustify\">Propiedades nutritivas<\/h3>\n<p class=\"rtejustify\">La cereza es rica en hidratos de carbono, sobre todo fructosa, si bien su valor cal\u00f3rico es moderado respecto de otras frutas. Aporta cantidades significativas de fibra, que mejora el tr\u00e1nsito intestinal. En lo que se refiere a su contenido de vitaminas, est\u00e1n presentes en peque\u00f1as cantidades la provitamina A y la vitamina C.<\/p>\n<p class=\"rtejustify\">Lo que en realidad destaca de las cerezas es su contenido en flavonoides (sobre todo antocianos, relacionados con el color caracter\u00edstico de estas frutas) y \u00e1cido el\u00e1gico del grupo de los polifenoles, ambos excelentes antioxidantes. Contiene cantidades importantes de potasio y en menor proporci\u00f3n de magnesio, hierro, f\u00f3sforo y calcio, este \u00faltimo de peor aprovechamiento que el que procede de los l\u00e1cteos u otros alimentos que son buena fuente de dicho mineral. El potasio es un mineral necesario para la transmisi\u00f3n y generaci\u00f3n del impulso nervioso y para la actividad muscular normal, interviene en el equilibrio de agua dentro y fuera de la c\u00e9lula. El magnesio se relaciona con el funcionamiento de intestino, nervios y m\u00fasculos, forma parte de huesos y dientes, mejora la inmunidad y posee un suave efecto laxante. El hierro ayuda a transportar el ox\u00edgeno necesario para el metabolismo celular. Por \u00faltimo, el f\u00f3sforo ayuda a la correcta mineralizaci\u00f3n en huesos y dientes. Forma parte de todas las c\u00e9lulas y es constituyente del material gen\u00e9tico. Adem\u00e1s, es necesario para la activaci\u00f3n de enzimas y vitaminas del grupo B.<\/p>\n<table>\n<tbody>\n<tr>\n<th>Composici\u00f3n por 100 gramos de porci\u00f3n comestible<\/th>\n<th><\/th>\n<\/tr>\n<tr>\n<td>Calor\u00edas<\/td>\n<td>63<\/td>\n<\/tr>\n<tr>\n<td>Hidratos de carbono (g)<\/td>\n<td>13,5<\/td>\n<\/tr>\n<tr>\n<td>Fibra (g)<\/td>\n<td>1,5<\/td>\n<\/tr>\n<tr>\n<td>Potasio (mg)<\/td>\n<td>255<\/td>\n<\/tr>\n<tr>\n<td>Magnesio (mg)<\/td>\n<td>11<\/td>\n<\/tr>\n<tr>\n<td>Hierro (mg)<\/td>\n<td>0,4<\/td>\n<\/tr>\n<tr>\n<td>F\u00f3sforo (mg)<\/td>\n<td>21<\/td>\n<\/tr>\n<tr>\n<td>Provitamina A (mcg)<\/td>\n<td>3<\/td>\n<\/tr>\n<tr>\n<td>Vitamina C (mg)<\/td>\n<td>8<\/td>\n<\/tr>\n<tr>\n<td>Calcio (mg)<\/td>\n<td>16<\/td>\n<\/tr>\n<\/tbody>\n<\/table>\n","protected":false},"excerpt":{"rendered":"<p>Approximate weight per unit: 500g<br \/>\n<span class=\"ametllerorigen-product-price-1-x-currencyContainer\"><span class=\"ametllerorigen-product-price-1-x-currencyInteger\">19<\/span><span class=\"ametllerorigen-product-price-1-x-currencyDecimal\">,86<\/span><span class=\"ametllerorigen-product-price-1-x-currencyLiteral\">\u00a0<\/span><span class=\"ametllerorigen-product-price-1-x-currencyCode\">\u20ac<\/span><\/span><span class=\"ametllerorigen-product-price-1-x-pesoUnidades\">\/kg<\/span><\/p>\n","protected":false},"featured_media":1299,"comment_status":"open","ping_status":"closed","template":"","meta":[],"product_brand":[],"product_cat":[159,77],"product_tag":[],"class_list":{"0":"post-1297","1":"product","2":"type-product","3":"status-publish","4":"has-post-thumbnail","6":"product_cat-productos-frescos","7":"product_cat-frutas","8":"product_shipping_class-fruits-vegetables","10":"first","11":"instock","12":"purchasable","13":"product-type-simple"},"_links":{"self":[{"href":"https:\/\/esnaturalbarcelona.com\/en\/wp-json\/wp\/v2\/product\/1297","targetHints":{"allow":["GET"]}}],"collection":[{"href":"https:\/\/esnaturalbarcelona.com\/en\/wp-json\/wp\/v2\/product"}],"about":[{"href":"https:\/\/esnaturalbarcelona.com\/en\/wp-json\/wp\/v2\/types\/product"}],"replies":[{"embeddable":true,"href":"https:\/\/esnaturalbarcelona.com\/en\/wp-json\/wp\/v2\/comments?post=1297"}],"version-history":[{"count":4,"href":"https:\/\/esnaturalbarcelona.com\/en\/wp-json\/wp\/v2\/product\/1297\/revisions"}],"predecessor-version":[{"id":11270,"href":"https:\/\/esnaturalbarcelona.com\/en\/wp-json\/wp\/v2\/product\/1297\/revisions\/11270"}],"wp:featuredmedia":[{"embeddable":true,"href":"https:\/\/esnaturalbarcelona.com\/en\/wp-json\/wp\/v2\/media\/1299"}],"wp:attachment":[{"href":"https:\/\/esnaturalbarcelona.com\/en\/wp-json\/wp\/v2\/media?parent=1297"}],"wp:term":[{"taxonomy":"product_brand","embeddable":true,"href":"https:\/\/esnaturalbarcelona.com\/en\/wp-json\/wp\/v2\/product_brand?post=1297"},{"taxonomy":"product_cat","embeddable":true,"href":"https:\/\/esnaturalbarcelona.com\/en\/wp-json\/wp\/v2\/product_cat?post=1297"},{"taxonomy":"product_tag","embeddable":true,"href":"https:\/\/esnaturalbarcelona.com\/en\/wp-json\/wp\/v2\/product_tag?post=1297"}],"curies":[{"name":"wp","href":"https:\/\/api.w.org\/{rel}","templated":true}]}}