{"id":1438,"date":"2025-03-20T04:58:36","date_gmt":"2025-03-20T04:58:36","guid":{"rendered":"http:\/\/es-natural.local\/product\/manzana-starking-18-kilo\/"},"modified":"2026-02-22T06:09:12","modified_gmt":"2026-02-22T06:09:12","slug":"manzana-starking-18-kilo","status":"publish","type":"product","link":"https:\/\/esnaturalbarcelona.com\/en\/product\/manzana-starking-18-kilo\/","title":{"rendered":"Starking Apple Size 18 Girona 500 g"},"content":{"rendered":"<p>Starking Apple Size 18 Girona 500 g<\/p>\n","protected":false},"excerpt":{"rendered":"<p>La manzana es una de las frutas m\u00e1s cultivadas del mundo. La pulpa puede ser dura o blanda, pero siempre refrescante y jugosa, y su sabor va desde el muy dulce al muy \u00e1cido pasando por toda una mezcla de gustos acidulados y azucarados. La carne es m\u00e1s o menos arom\u00e1tica seg\u00fan la variedad. Desde el punto de vista nutritivo la manzana es una de las frutas m\u00e1s completas y enriquecedoras en la dieta. Un 85% de su composici\u00f3n es agua, por lo que resulta muy refrescante e hidratante. Los az\u00facares, la mayor parte fructosa (az\u00facar de la fruta) y en menor proporci\u00f3n, glucosa y sacarosa, de r\u00e1pida asimilaci\u00f3n en el organismo, son los nutrientes m\u00e1s abundantes despu\u00e9s del agua. Es fuente discreta de vitamina E o tocoferol y aporta una escasa cantidad de vitamina C. Tambi\u00e9n es rica en fibra. Dadas las numerosas variedades de manzanas, podemos encontrar la mayor\u00eda de ellas en el mercado desde septiembre hasta junio, excepto la Golden que se encuentra en el mercado todo el a\u00f1o.<br \/>\nEstas manzanas son libres de ceras a\u00f1adidas (una capa externa que se a\u00f1ade a la piel para embellecerlas. Si las lavas bien, te las puedes comer con la piel y aprovechar al m\u00e1ximo los nutrientes que se concentran.<\/p>\n<ul class=\"list-inline\">\n<li><strong>Origen<\/strong>: Girona<\/li>\n<li><strong>Categor\u00eda<\/strong>: Extra<\/li>\n<li><strong>Variedad<\/strong>: Starking<\/li>\n<li><\/li>\n<li>Valor Nutricional:<br \/>\nAgua 85,7 g<br \/>\nEnerg\u00eda 49,2 kcal<br \/>\nProte\u00ednas 0,3 g<br \/>\nHidratos de Carbono 12 g.<\/li>\n<\/ul>\n","protected":false},"featured_media":1440,"comment_status":"open","ping_status":"closed","template":"","meta":[],"product_brand":[],"product_cat":[159,77],"product_tag":[],"class_list":{"0":"post-1438","1":"product","2":"type-product","3":"status-publish","4":"has-post-thumbnail","6":"product_cat-productos-frescos","7":"product_cat-frutas","8":"product_shipping_class-fruits-vegetables","10":"first","11":"instock","12":"purchasable","13":"product-type-simple"},"_links":{"self":[{"href":"https:\/\/esnaturalbarcelona.com\/en\/wp-json\/wp\/v2\/product\/1438","targetHints":{"allow":["GET"]}}],"collection":[{"href":"https:\/\/esnaturalbarcelona.com\/en\/wp-json\/wp\/v2\/product"}],"about":[{"href":"https:\/\/esnaturalbarcelona.com\/en\/wp-json\/wp\/v2\/types\/product"}],"replies":[{"embeddable":true,"href":"https:\/\/esnaturalbarcelona.com\/en\/wp-json\/wp\/v2\/comments?post=1438"}],"version-history":[{"count":3,"href":"https:\/\/esnaturalbarcelona.com\/en\/wp-json\/wp\/v2\/product\/1438\/revisions"}],"predecessor-version":[{"id":9295,"href":"https:\/\/esnaturalbarcelona.com\/en\/wp-json\/wp\/v2\/product\/1438\/revisions\/9295"}],"wp:featuredmedia":[{"embeddable":true,"href":"https:\/\/esnaturalbarcelona.com\/en\/wp-json\/wp\/v2\/media\/1440"}],"wp:attachment":[{"href":"https:\/\/esnaturalbarcelona.com\/en\/wp-json\/wp\/v2\/media?parent=1438"}],"wp:term":[{"taxonomy":"product_brand","embeddable":true,"href":"https:\/\/esnaturalbarcelona.com\/en\/wp-json\/wp\/v2\/product_brand?post=1438"},{"taxonomy":"product_cat","embeddable":true,"href":"https:\/\/esnaturalbarcelona.com\/en\/wp-json\/wp\/v2\/product_cat?post=1438"},{"taxonomy":"product_tag","embeddable":true,"href":"https:\/\/esnaturalbarcelona.com\/en\/wp-json\/wp\/v2\/product_tag?post=1438"}],"curies":[{"name":"wp","href":"https:\/\/api.w.org\/{rel}","templated":true}]}}