{"id":1453,"date":"2025-03-20T04:58:36","date_gmt":"2025-03-20T04:58:36","guid":{"rendered":"http:\/\/es-natural.local\/product\/naranja-mesa-kilo\/"},"modified":"2026-02-22T06:09:24","modified_gmt":"2026-02-22T06:09:24","slug":"naranja-mesa-kilo","status":"publish","type":"product","link":"https:\/\/esnaturalbarcelona.com\/en\/product\/naranja-mesa-kilo\/","title":{"rendered":"Table Orange 500 g"},"content":{"rendered":"<p>Table Orange 500 g<\/p>\n","protected":false},"excerpt":{"rendered":"<p>La naranja es el fruto del naranjo dulce, \u00e1rbol que pertenece al g\u00e9nero Citrus de la familia de las Rut\u00e1ceas. Las naranjas se comercializan maduras, ya que son frutas no climat\u00e9ricas y a diferencia de otras, no maduran una vez recolectadas. De su composici\u00f3n nutritiva, destaca su escaso valor energ\u00e9tico, gracias a su elevado contenido en agua y su riqueza de vitamina C, \u00e1cido f\u00f3lico y minerales como el potasio, el magnesio y calcio. Contiene cantidades apreciables de beta-caroteno, responsable de su color t\u00edpico y conocido por sus propiedades antioxidantes; adem\u00e1s de los \u00e1cidos m\u00e1lico, ox\u00e1lico, tart\u00e1rico y c\u00edtrico, este \u00faltimo potencia la acci\u00f3n de la vitamina C.<\/p>\n<ul class=\"list-inline\">\n<li><strong>Origen<\/strong>: Espa\u00f1a<\/li>\n<li><strong>Categor\u00eda<\/strong>: Primera<\/li>\n<li><strong>Variedad<\/strong>: Navelina<\/li>\n<\/ul>\n<p>Valor Nutricional:<br \/>\nCalor\u00edas 47<br \/>\nGrasas totales 0,1 g<br \/>\n\u00c1cidos grasos saturados 0 g<br \/>\n\u00c1cidos grasos poliinsaturados 0 g<br \/>\n\u00c1cidos grasos monoinsaturados 0 g<br \/>\nColesterol 0 mg<br \/>\nSodio 0 mg<br \/>\nPotasio 181 mg<br \/>\nHidratos de carbono 12 g<br \/>\nFibra alimentaria 2,4 g<br \/>\nSures 9 g<br \/>\nProte\u00ednas 0,9 g<br \/>\nVitamina A 225 IU<br \/>\nVitamina C 53,2 mg<br \/>\nCalcio 40 mg<br \/>\nHierro 0,1 mg<\/p>\n","protected":false},"featured_media":1455,"comment_status":"open","ping_status":"closed","template":"","meta":[],"product_brand":[],"product_cat":[159,77],"product_tag":[],"class_list":{"0":"post-1453","1":"product","2":"type-product","3":"status-publish","4":"has-post-thumbnail","6":"product_cat-productos-frescos","7":"product_cat-frutas","8":"product_shipping_class-fruits-vegetables","10":"first","11":"instock","12":"purchasable","13":"product-type-simple"},"_links":{"self":[{"href":"https:\/\/esnaturalbarcelona.com\/en\/wp-json\/wp\/v2\/product\/1453","targetHints":{"allow":["GET"]}}],"collection":[{"href":"https:\/\/esnaturalbarcelona.com\/en\/wp-json\/wp\/v2\/product"}],"about":[{"href":"https:\/\/esnaturalbarcelona.com\/en\/wp-json\/wp\/v2\/types\/product"}],"replies":[{"embeddable":true,"href":"https:\/\/esnaturalbarcelona.com\/en\/wp-json\/wp\/v2\/comments?post=1453"}],"version-history":[{"count":2,"href":"https:\/\/esnaturalbarcelona.com\/en\/wp-json\/wp\/v2\/product\/1453\/revisions"}],"predecessor-version":[{"id":9301,"href":"https:\/\/esnaturalbarcelona.com\/en\/wp-json\/wp\/v2\/product\/1453\/revisions\/9301"}],"wp:featuredmedia":[{"embeddable":true,"href":"https:\/\/esnaturalbarcelona.com\/en\/wp-json\/wp\/v2\/media\/1455"}],"wp:attachment":[{"href":"https:\/\/esnaturalbarcelona.com\/en\/wp-json\/wp\/v2\/media?parent=1453"}],"wp:term":[{"taxonomy":"product_brand","embeddable":true,"href":"https:\/\/esnaturalbarcelona.com\/en\/wp-json\/wp\/v2\/product_brand?post=1453"},{"taxonomy":"product_cat","embeddable":true,"href":"https:\/\/esnaturalbarcelona.com\/en\/wp-json\/wp\/v2\/product_cat?post=1453"},{"taxonomy":"product_tag","embeddable":true,"href":"https:\/\/esnaturalbarcelona.com\/en\/wp-json\/wp\/v2\/product_tag?post=1453"}],"curies":[{"name":"wp","href":"https:\/\/api.w.org\/{rel}","templated":true}]}}