{"id":1482,"date":"2025-03-20T04:59:18","date_gmt":"2025-03-20T04:59:18","guid":{"rendered":"http:\/\/es-natural.local\/product\/lima-kilo\/"},"modified":"2026-02-22T05:51:24","modified_gmt":"2026-02-22T05:51:24","slug":"sweet-lemon","status":"publish","type":"product","link":"https:\/\/esnaturalbarcelona.com\/en\/product\/sweet-lemon\/","title":{"rendered":"Sweet lemon"},"content":{"rendered":"<p>Sweet lemon<\/p>\n","protected":false},"excerpt":{"rendered":"<p>La lima es originaria del Sud-Este Asi\u00e1tico, Persia (Ir\u00e1n) y Malasia, aunque se cultiva en todos los pa\u00edses tropicales y muchos subtropicales. Su pulpa es dulce o muy \u00e1cida, en funci\u00f3n de la variedad, y muy refrescante. Su componente mayoritario es el agua. Junto con el lim\u00f3n es una de las frutas de menor valor cal\u00f3rico, aunque hay que tener en cuenta que no se consumen como fruta fresca sino s\u00f3lo su zumo. Destaca su contenido en vitamina C, \u00e1cido c\u00edtrico y sustancias de acci\u00f3n astringente. El mineral m\u00e1s abundante es el potasio. Las limas deben manipularse con cuidado, ya que son bastante m\u00e1s delicadas que sus parientes los limones. Pierden agua f\u00e1cilmente, por lo que se secan con rapidez, arrug\u00e1ndose y perdiendo su jugosidad. La lima mide unos 5 cm de di\u00e1metro y pesa alrededor de 60 g. Est\u00e1 disponible en el mercado durante todo el a\u00f1o.<\/p>\n<p>Valor Nutricional:<br \/>\nAgua 88,3 g<br \/>\nEnerg\u00eda 30 kcal<br \/>\nProte\u00ednas 0,7 g<br \/>\nHidratos de Carbono 10,5 g.<\/p>\n<ul class=\"list-inline\">\n<li><strong>Origen<\/strong>: Brasil<\/li>\n<li><strong>Categor\u00eda<\/strong>: Primera<\/li>\n<li><strong>Calibre<\/strong>: 40\/44<\/li>\n<\/ul>\n","protected":false},"featured_media":1484,"comment_status":"open","ping_status":"closed","template":"","meta":[],"product_brand":[],"product_cat":[159,77],"product_tag":[],"class_list":{"0":"post-1482","1":"product","2":"type-product","3":"status-publish","4":"has-post-thumbnail","6":"product_cat-productos-frescos","7":"product_cat-frutas","8":"product_shipping_class-fruits-vegetables","10":"first","11":"instock","12":"purchasable","13":"product-type-simple"},"_links":{"self":[{"href":"https:\/\/esnaturalbarcelona.com\/en\/wp-json\/wp\/v2\/product\/1482","targetHints":{"allow":["GET"]}}],"collection":[{"href":"https:\/\/esnaturalbarcelona.com\/en\/wp-json\/wp\/v2\/product"}],"about":[{"href":"https:\/\/esnaturalbarcelona.com\/en\/wp-json\/wp\/v2\/types\/product"}],"replies":[{"embeddable":true,"href":"https:\/\/esnaturalbarcelona.com\/en\/wp-json\/wp\/v2\/comments?post=1482"}],"version-history":[{"count":4,"href":"https:\/\/esnaturalbarcelona.com\/en\/wp-json\/wp\/v2\/product\/1482\/revisions"}],"predecessor-version":[{"id":10684,"href":"https:\/\/esnaturalbarcelona.com\/en\/wp-json\/wp\/v2\/product\/1482\/revisions\/10684"}],"wp:featuredmedia":[{"embeddable":true,"href":"https:\/\/esnaturalbarcelona.com\/en\/wp-json\/wp\/v2\/media\/1484"}],"wp:attachment":[{"href":"https:\/\/esnaturalbarcelona.com\/en\/wp-json\/wp\/v2\/media?parent=1482"}],"wp:term":[{"taxonomy":"product_brand","embeddable":true,"href":"https:\/\/esnaturalbarcelona.com\/en\/wp-json\/wp\/v2\/product_brand?post=1482"},{"taxonomy":"product_cat","embeddable":true,"href":"https:\/\/esnaturalbarcelona.com\/en\/wp-json\/wp\/v2\/product_cat?post=1482"},{"taxonomy":"product_tag","embeddable":true,"href":"https:\/\/esnaturalbarcelona.com\/en\/wp-json\/wp\/v2\/product_tag?post=1482"}],"curies":[{"name":"wp","href":"https:\/\/api.w.org\/{rel}","templated":true}]}}