{"id":1656,"date":"2025-03-20T05:01:44","date_gmt":"2025-03-20T05:01:44","guid":{"rendered":"http:\/\/es-natural.local\/product\/kakis-kilo\/"},"modified":"2026-02-22T05:48:58","modified_gmt":"2026-02-22T05:48:58","slug":"kakis-kilo","status":"publish","type":"product","link":"https:\/\/esnaturalbarcelona.com\/en\/product\/kakis-kilo\/","title":{"rendered":"Kakis Rojos Bandeja"},"content":{"rendered":"","protected":false},"excerpt":{"rendered":"<p>El caqui es una fruta muy fr\u00e1gil, que ha de encontrarse muy madura en el momento de su consumo. Si a\u00fan est\u00e1 verde, se debe conservar a temperatura ambiente mientras madura. Este proceso se puede acelerar manteniendo el caqui en una bolsa de papel. La maduraci\u00f3n se activa a\u00fan m\u00e1s si se introducen en la bolsa otras frutas, como pl\u00e1tano o manzana. Una vez que el caqui ha alcanzado su punto \u00f3ptimo de maduraci\u00f3n, se ha de conservar en el refrigerador hasta el momento de su consumo, que debe ser lo antes posible. Esta fruta admite muy bien la congelaci\u00f3n, ya sea entera o en pur\u00e9. Para evitar la decoloraci\u00f3n que experimenta, se recomienda a\u00f1adir zumo de lim\u00f3n.<\/p>\n<ul class=\"list-inline\">\n<li><strong>Origen<\/strong>: Valencia<\/li>\n<li><strong>Categor\u00eda<\/strong>: Primera<\/li>\n<li><\/li>\n<\/ul>\n","protected":false},"featured_media":1658,"comment_status":"open","ping_status":"closed","template":"","meta":[],"product_brand":[],"product_cat":[159,77],"product_tag":[],"class_list":{"0":"post-1656","1":"product","2":"type-product","3":"status-publish","4":"has-post-thumbnail","6":"product_cat-productos-frescos","7":"product_cat-frutas","8":"product_shipping_class-fruits-vegetables","10":"first","11":"instock","12":"purchasable","13":"product-type-simple"},"_links":{"self":[{"href":"https:\/\/esnaturalbarcelona.com\/en\/wp-json\/wp\/v2\/product\/1656","targetHints":{"allow":["GET"]}}],"collection":[{"href":"https:\/\/esnaturalbarcelona.com\/en\/wp-json\/wp\/v2\/product"}],"about":[{"href":"https:\/\/esnaturalbarcelona.com\/en\/wp-json\/wp\/v2\/types\/product"}],"replies":[{"embeddable":true,"href":"https:\/\/esnaturalbarcelona.com\/en\/wp-json\/wp\/v2\/comments?post=1656"}],"version-history":[{"count":3,"href":"https:\/\/esnaturalbarcelona.com\/en\/wp-json\/wp\/v2\/product\/1656\/revisions"}],"predecessor-version":[{"id":10642,"href":"https:\/\/esnaturalbarcelona.com\/en\/wp-json\/wp\/v2\/product\/1656\/revisions\/10642"}],"wp:featuredmedia":[{"embeddable":true,"href":"https:\/\/esnaturalbarcelona.com\/en\/wp-json\/wp\/v2\/media\/1658"}],"wp:attachment":[{"href":"https:\/\/esnaturalbarcelona.com\/en\/wp-json\/wp\/v2\/media?parent=1656"}],"wp:term":[{"taxonomy":"product_brand","embeddable":true,"href":"https:\/\/esnaturalbarcelona.com\/en\/wp-json\/wp\/v2\/product_brand?post=1656"},{"taxonomy":"product_cat","embeddable":true,"href":"https:\/\/esnaturalbarcelona.com\/en\/wp-json\/wp\/v2\/product_cat?post=1656"},{"taxonomy":"product_tag","embeddable":true,"href":"https:\/\/esnaturalbarcelona.com\/en\/wp-json\/wp\/v2\/product_tag?post=1656"}],"curies":[{"name":"wp","href":"https:\/\/api.w.org\/{rel}","templated":true}]}}