{"id":1712,"date":"2025-03-20T05:02:21","date_gmt":"2025-03-20T05:02:21","guid":{"rendered":"http:\/\/es-natural.local\/product\/despertar-de-buda-cacao-crudo-bio\/"},"modified":"2026-02-22T05:58:18","modified_gmt":"2026-02-22T05:58:18","slug":"despertar-de-buda-cacao-crudo-bio","status":"publish","type":"product","link":"https:\/\/esnaturalbarcelona.com\/en\/product\/despertar-de-buda-cacao-crudo-bio\/","title":{"rendered":"Despertar de Buda Raw Cacao Bio 360g"},"content":{"rendered":"<p>Despertar de Buda Raw Cacao Bio 360g<\/p>\n","protected":false},"excerpt":{"rendered":"<p>Despertar de Buda Cacao de Iswari es una mezcla para batido o papilla, para tomar en el desayuno, que se prepara de forma instant\u00e1nea, en cuesti\u00f3n de minutos, con s\u00f3lo a\u00f1adir agua a tu bebida vegetal favorita.<\/p>\n<p>La combinaci\u00f3n con ingredientes nutricionalmente excelentes, tales como las semillas de ch\u00eda y lino molidas, fuentes vegetales m\u00e1s ricas en Omega 3 y 6, el cacao crudo en polvo, el cacao crudo cibs, pepitas de cacao ricas en minerales y con un sabor de chocolate delicioso, la l\u00facuma en polvo, una fruta dulce y nutritiva con todo el complejo vitam\u00ednico B en especial la vitamina B3 o Niacina. Rica en minerales y carbohidratos de combusti\u00f3n lenta. El az\u00facar de coco que es una verdadera alternativa saludable y de bajo \u00edndice gluc\u00e9mico para el az\u00facar, la almendra molida, el trigo sarraceno molido.<\/p>\n<p>Aval ecol\u00f3gico: PT-BIO-09<\/p>\n","protected":false},"featured_media":1714,"comment_status":"open","ping_status":"closed","template":"","meta":[],"product_brand":[],"product_cat":[85],"product_tag":[],"class_list":{"0":"post-1712","1":"product","2":"type-product","3":"status-publish","4":"has-post-thumbnail","6":"product_cat-superalimentos-y-suplementos-iswari","7":"product_shipping_class-custom-delivery-radius","9":"first","10":"outofstock","11":"purchasable","12":"product-type-simple"},"_links":{"self":[{"href":"https:\/\/esnaturalbarcelona.com\/en\/wp-json\/wp\/v2\/product\/1712","targetHints":{"allow":["GET"]}}],"collection":[{"href":"https:\/\/esnaturalbarcelona.com\/en\/wp-json\/wp\/v2\/product"}],"about":[{"href":"https:\/\/esnaturalbarcelona.com\/en\/wp-json\/wp\/v2\/types\/product"}],"replies":[{"embeddable":true,"href":"https:\/\/esnaturalbarcelona.com\/en\/wp-json\/wp\/v2\/comments?post=1712"}],"version-history":[{"count":2,"href":"https:\/\/esnaturalbarcelona.com\/en\/wp-json\/wp\/v2\/product\/1712\/revisions"}],"predecessor-version":[{"id":9169,"href":"https:\/\/esnaturalbarcelona.com\/en\/wp-json\/wp\/v2\/product\/1712\/revisions\/9169"}],"wp:featuredmedia":[{"embeddable":true,"href":"https:\/\/esnaturalbarcelona.com\/en\/wp-json\/wp\/v2\/media\/1714"}],"wp:attachment":[{"href":"https:\/\/esnaturalbarcelona.com\/en\/wp-json\/wp\/v2\/media?parent=1712"}],"wp:term":[{"taxonomy":"product_brand","embeddable":true,"href":"https:\/\/esnaturalbarcelona.com\/en\/wp-json\/wp\/v2\/product_brand?post=1712"},{"taxonomy":"product_cat","embeddable":true,"href":"https:\/\/esnaturalbarcelona.com\/en\/wp-json\/wp\/v2\/product_cat?post=1712"},{"taxonomy":"product_tag","embeddable":true,"href":"https:\/\/esnaturalbarcelona.com\/en\/wp-json\/wp\/v2\/product_tag?post=1712"}],"curies":[{"name":"wp","href":"https:\/\/api.w.org\/{rel}","templated":true}]}}