{"id":1739,"date":"2025-03-20T05:02:21","date_gmt":"2025-03-20T05:02:21","guid":{"rendered":"http:\/\/es-natural.local\/product\/super-green-protein-bio\/"},"modified":"2026-02-22T05:58:34","modified_gmt":"2026-02-22T05:58:34","slug":"super-green-protein-bio","status":"publish","type":"product","link":"https:\/\/esnaturalbarcelona.com\/en\/product\/super-green-protein-bio\/","title":{"rendered":"Iswari Super Green Protein Bio 125g"},"content":{"rendered":"","protected":false},"excerpt":{"rendered":"<p>Super Green Protein de Iswari es una combinaci\u00f3n de tres fant\u00e1sticas prote\u00ednas vegetales, c\u00e1\u00f1amo, guisante y arroz. Es un superalimento con una excelente combinaci\u00f3n de amino\u00e1cidos necesarios para el cuerpo humano. Tiene adem\u00e1s espirulina, chlorella y matcha.<\/p>\n<p>Adem\u00e1s de prote\u00ednas, que contribuyen a aumentar y mantener la masa muscular, es tambi\u00e9n fuente de f\u00f3sforo, manganeso y vitamina B12.<\/p>\n","protected":false},"featured_media":1741,"comment_status":"open","ping_status":"closed","template":"","meta":[],"product_brand":[],"product_cat":[85],"product_tag":[],"class_list":{"0":"post-1739","1":"product","2":"type-product","3":"status-publish","4":"has-post-thumbnail","6":"product_cat-superalimentos-y-suplementos-iswari","7":"product_shipping_class-custom-delivery-radius","9":"first","10":"outofstock","11":"purchasable","12":"product-type-simple"},"_links":{"self":[{"href":"https:\/\/esnaturalbarcelona.com\/en\/wp-json\/wp\/v2\/product\/1739","targetHints":{"allow":["GET"]}}],"collection":[{"href":"https:\/\/esnaturalbarcelona.com\/en\/wp-json\/wp\/v2\/product"}],"about":[{"href":"https:\/\/esnaturalbarcelona.com\/en\/wp-json\/wp\/v2\/types\/product"}],"replies":[{"embeddable":true,"href":"https:\/\/esnaturalbarcelona.com\/en\/wp-json\/wp\/v2\/comments?post=1739"}],"version-history":[{"count":2,"href":"https:\/\/esnaturalbarcelona.com\/en\/wp-json\/wp\/v2\/product\/1739\/revisions"}],"predecessor-version":[{"id":9179,"href":"https:\/\/esnaturalbarcelona.com\/en\/wp-json\/wp\/v2\/product\/1739\/revisions\/9179"}],"wp:featuredmedia":[{"embeddable":true,"href":"https:\/\/esnaturalbarcelona.com\/en\/wp-json\/wp\/v2\/media\/1741"}],"wp:attachment":[{"href":"https:\/\/esnaturalbarcelona.com\/en\/wp-json\/wp\/v2\/media?parent=1739"}],"wp:term":[{"taxonomy":"product_brand","embeddable":true,"href":"https:\/\/esnaturalbarcelona.com\/en\/wp-json\/wp\/v2\/product_brand?post=1739"},{"taxonomy":"product_cat","embeddable":true,"href":"https:\/\/esnaturalbarcelona.com\/en\/wp-json\/wp\/v2\/product_cat?post=1739"},{"taxonomy":"product_tag","embeddable":true,"href":"https:\/\/esnaturalbarcelona.com\/en\/wp-json\/wp\/v2\/product_tag?post=1739"}],"curies":[{"name":"wp","href":"https:\/\/api.w.org\/{rel}","templated":true}]}}