{"id":1742,"date":"2025-03-20T05:02:21","date_gmt":"2025-03-20T05:02:21","guid":{"rendered":"http:\/\/es-natural.local\/product\/super-vegan-protein-bio\/"},"modified":"2026-02-22T05:58:38","modified_gmt":"2026-02-22T05:58:38","slug":"super-vegan-protein-bio","status":"publish","type":"product","link":"https:\/\/esnaturalbarcelona.com\/en\/product\/super-vegan-protein-bio\/","title":{"rendered":"Iswari Super Vegan Protein Bio 250g"},"content":{"rendered":"<p>Iswari Super Vegan Protein Bio 250g<\/p>\n","protected":false},"excerpt":{"rendered":"<p>Prote\u00edna super vegana superalimento Bio si est\u00e1 buscando una prote\u00edna vegana, org\u00e1nica y saludable, con prote\u00edna y el nivel m\u00e1s bajo de toxicidad hep\u00e1tica, \u00a1Super Vegan Protein es lo que necesita!<\/p>\n<p class=\"product-rich-descriptive-content-title\"><strong>Propiedades y beneficios de Prote\u00edna super vegana superalimento Bio<\/strong><\/p>\n<p><strong>C\u00e1\u00f1amo<\/strong>: es la reina de todas las plantas, la diosa de los superalimentos. Rico en prote\u00ednas, minerales y vitaminas, es un concentrado de propiedades beneficiosas. Contiene los 8 amino\u00e1cidos esenciales para la s\u00edntesis de prote\u00ednas, pero tambi\u00e9n antioxidantes, calcio, potasio, magnesio y vitamina E. Contiene \u00e1cidos grasos esenciales Omega-3 y Omega-6 en la proporci\u00f3n perfecta: 1:5.<\/p>\n<p><strong>Arroz<\/strong>: las prote\u00ednas de arroz son extremadamente f\u00e1ciles de digerir, pueden reequilibrar la flora bacteriana intestinal y ofrecen un gran aporte de potasio y f\u00f3sforo.<\/p>\n<p><strong>Guisantes<\/strong>: las prote\u00ednas de guisante no contienen gluten nilactosa. De f\u00e1cil asimilaci\u00f3n, son ricos en arginina, lisina y glutamina, amino\u00e1cidos muy \u00fatiles para el crecimiento muscular.<\/p>\n","protected":false},"featured_media":1744,"comment_status":"open","ping_status":"closed","template":"","meta":[],"product_brand":[],"product_cat":[85],"product_tag":[],"class_list":{"0":"post-1742","1":"product","2":"type-product","3":"status-publish","4":"has-post-thumbnail","6":"product_cat-superalimentos-y-suplementos-iswari","7":"product_shipping_class-custom-delivery-radius","9":"first","10":"outofstock","11":"purchasable","12":"product-type-simple"},"_links":{"self":[{"href":"https:\/\/esnaturalbarcelona.com\/en\/wp-json\/wp\/v2\/product\/1742","targetHints":{"allow":["GET"]}}],"collection":[{"href":"https:\/\/esnaturalbarcelona.com\/en\/wp-json\/wp\/v2\/product"}],"about":[{"href":"https:\/\/esnaturalbarcelona.com\/en\/wp-json\/wp\/v2\/types\/product"}],"replies":[{"embeddable":true,"href":"https:\/\/esnaturalbarcelona.com\/en\/wp-json\/wp\/v2\/comments?post=1742"}],"version-history":[{"count":2,"href":"https:\/\/esnaturalbarcelona.com\/en\/wp-json\/wp\/v2\/product\/1742\/revisions"}],"predecessor-version":[{"id":9180,"href":"https:\/\/esnaturalbarcelona.com\/en\/wp-json\/wp\/v2\/product\/1742\/revisions\/9180"}],"wp:featuredmedia":[{"embeddable":true,"href":"https:\/\/esnaturalbarcelona.com\/en\/wp-json\/wp\/v2\/media\/1744"}],"wp:attachment":[{"href":"https:\/\/esnaturalbarcelona.com\/en\/wp-json\/wp\/v2\/media?parent=1742"}],"wp:term":[{"taxonomy":"product_brand","embeddable":true,"href":"https:\/\/esnaturalbarcelona.com\/en\/wp-json\/wp\/v2\/product_brand?post=1742"},{"taxonomy":"product_cat","embeddable":true,"href":"https:\/\/esnaturalbarcelona.com\/en\/wp-json\/wp\/v2\/product_cat?post=1742"},{"taxonomy":"product_tag","embeddable":true,"href":"https:\/\/esnaturalbarcelona.com\/en\/wp-json\/wp\/v2\/product_tag?post=1742"}],"curies":[{"name":"wp","href":"https:\/\/api.w.org\/{rel}","templated":true}]}}