{"id":1745,"date":"2025-03-20T05:02:21","date_gmt":"2025-03-20T05:02:21","guid":{"rendered":"http:\/\/es-natural.local\/product\/despertar-de-buda-maca-vainilla-bio-360-gr\/"},"modified":"2026-02-22T05:58:42","modified_gmt":"2026-02-22T05:58:42","slug":"despertar-de-buda-maca-vainilla-bio","status":"publish","type":"product","link":"https:\/\/esnaturalbarcelona.com\/en\/product\/despertar-de-buda-maca-vainilla-bio\/","title":{"rendered":"Despertar de Buda Maca &#038; Vainilla Bio"},"content":{"rendered":"<p>Despertar de Buda Maca &amp; Vainilla Bio 360g<\/p>\n","protected":false},"excerpt":{"rendered":"<p>Despertar de Buda con Maca y Vainilla de Iswari es una mezcla para batido o papilla, para tomar en el desayuno o merienda. Se prepara de forma instant\u00e1nea, se puede hacer en cuesti\u00f3n de minutos con s\u00f3lo a\u00f1adir agua o con tu bebida vegetal favorita.<\/p>\n<p>Alto contenido en fosforo y magnesio.<\/p>\n<p>Aporte nutricional excelente, por sus ingredientes:<\/p>\n<ul>\n<li><strong>Semillas Ch\u00eda molidas<\/strong>\u00a0y\u00a0<strong>Semillas de Lino molidas<\/strong>: las fuentes vegetales m\u00e1s ricas en Omega 3 y 6.<\/li>\n<li>Ra\u00edz de\u00a0<strong>Maca<\/strong>\u00a0en polvo que tradicionalmente se ha utilizado para la energ\u00eda y la resistencia.<\/li>\n<li><strong>Ll\u00facuma<\/strong>\u00a0en polvo que es una fruta dulce y nutritiva con todo el complejo vitam\u00ednico B en especial la vitamina B3 o Niacina.\u00a0Rica en minerales y carbohidratos de combusti\u00f3n lenta.<\/li>\n<li><strong>Almendra<\/strong>\u00a0molida y\u00a0<strong>trigo sarraceno<\/strong>\u00a0molido.<\/li>\n<li><strong>Az\u00facar de coco<\/strong>\u00a0que es una alternativa dulce de bajo \u00edndice gluc\u00e9mico y m\u00e1s saludable que el az\u00facar.<\/li>\n<\/ul>\n","protected":false},"featured_media":1747,"comment_status":"open","ping_status":"closed","template":"","meta":[],"product_brand":[],"product_cat":[85],"product_tag":[],"class_list":{"0":"post-1745","1":"product","2":"type-product","3":"status-publish","4":"has-post-thumbnail","6":"product_cat-superalimentos-y-suplementos-iswari","7":"product_shipping_class-custom-delivery-radius","9":"first","10":"outofstock","11":"purchasable","12":"product-type-simple"},"_links":{"self":[{"href":"https:\/\/esnaturalbarcelona.com\/en\/wp-json\/wp\/v2\/product\/1745","targetHints":{"allow":["GET"]}}],"collection":[{"href":"https:\/\/esnaturalbarcelona.com\/en\/wp-json\/wp\/v2\/product"}],"about":[{"href":"https:\/\/esnaturalbarcelona.com\/en\/wp-json\/wp\/v2\/types\/product"}],"replies":[{"embeddable":true,"href":"https:\/\/esnaturalbarcelona.com\/en\/wp-json\/wp\/v2\/comments?post=1745"}],"version-history":[{"count":3,"href":"https:\/\/esnaturalbarcelona.com\/en\/wp-json\/wp\/v2\/product\/1745\/revisions"}],"predecessor-version":[{"id":10977,"href":"https:\/\/esnaturalbarcelona.com\/en\/wp-json\/wp\/v2\/product\/1745\/revisions\/10977"}],"wp:featuredmedia":[{"embeddable":true,"href":"https:\/\/esnaturalbarcelona.com\/en\/wp-json\/wp\/v2\/media\/1747"}],"wp:attachment":[{"href":"https:\/\/esnaturalbarcelona.com\/en\/wp-json\/wp\/v2\/media?parent=1745"}],"wp:term":[{"taxonomy":"product_brand","embeddable":true,"href":"https:\/\/esnaturalbarcelona.com\/en\/wp-json\/wp\/v2\/product_brand?post=1745"},{"taxonomy":"product_cat","embeddable":true,"href":"https:\/\/esnaturalbarcelona.com\/en\/wp-json\/wp\/v2\/product_cat?post=1745"},{"taxonomy":"product_tag","embeddable":true,"href":"https:\/\/esnaturalbarcelona.com\/en\/wp-json\/wp\/v2\/product_tag?post=1745"}],"curies":[{"name":"wp","href":"https:\/\/api.w.org\/{rel}","templated":true}]}}