{"id":1960,"date":"2025-03-20T05:06:45","date_gmt":"2025-03-20T05:06:45","guid":{"rendered":"http:\/\/es-natural.local\/product\/freson-bandeja\/"},"modified":"2026-02-22T05:40:20","modified_gmt":"2026-02-22T05:40:20","slug":"freson-bandeja","status":"publish","type":"product","link":"https:\/\/esnaturalbarcelona.com\/en\/product\/freson-bandeja\/","title":{"rendered":"Strawberries Tray"},"content":{"rendered":"<p>FRESON<\/p>\n<p>&nbsp;<\/p>\n","protected":false},"excerpt":{"rendered":"<p>Ricas en sabor y vitaminas, con un interesante contenido en minerales, adem\u00e1s de poco cal\u00f3ricas, las fresas tienen muchas propiedades pero tambi\u00e9n puntos d\u00e9biles, entre ellos su fragilidad.<\/p>\n<p>CAT 1<\/p>\n<p>ORIGEN MARESME KM 0<\/p>\n<p><strong>Informaci\u00f3n nutricional 100 gr<\/strong><\/p>\n<table class=\"table table-striped table-sm d-table mt-4\">\n<tbody>\n<tr>\n<td class=\"h4\">Kcalor\u00edas<\/td>\n<td class=\"text-center\">32.24<\/td>\n<td class=\"text-center\">1.7%<\/td>\n<\/tr>\n<tr>\n<td class=\"h4\">Carbohidratos<\/td>\n<td class=\"text-center\">5.51<\/td>\n<td class=\"text-center\">1.8%<\/td>\n<\/tr>\n<tr>\n<td class=\"h4\">Prote\u00ednas<\/td>\n<td class=\"text-center\">0.81<\/td>\n<td class=\"text-center\">1.7%<\/td>\n<\/tr>\n<tr>\n<td class=\"h4\">Fibra<\/td>\n<td class=\"text-center\">1.68<\/td>\n<td class=\"text-center\">5.6%<\/td>\n<\/tr>\n<tr>\n<td class=\"h4\">Grasas<\/td>\n<td class=\"text-center\">0.4<\/td>\n<td class=\"text-center\">0.8%<\/td>\n<\/tr>\n<\/tbody>\n<\/table>\n<p>&nbsp;<\/p>\n","protected":false},"featured_media":1962,"comment_status":"open","ping_status":"closed","template":"","meta":[],"product_brand":[],"product_cat":[159,77],"product_tag":[],"class_list":{"0":"post-1960","1":"product","2":"type-product","3":"status-publish","4":"has-post-thumbnail","6":"product_cat-productos-frescos","7":"product_cat-frutas","8":"product_shipping_class-fruits-vegetables","10":"first","11":"instock","12":"purchasable","13":"product-type-simple"},"_links":{"self":[{"href":"https:\/\/esnaturalbarcelona.com\/en\/wp-json\/wp\/v2\/product\/1960","targetHints":{"allow":["GET"]}}],"collection":[{"href":"https:\/\/esnaturalbarcelona.com\/en\/wp-json\/wp\/v2\/product"}],"about":[{"href":"https:\/\/esnaturalbarcelona.com\/en\/wp-json\/wp\/v2\/types\/product"}],"replies":[{"embeddable":true,"href":"https:\/\/esnaturalbarcelona.com\/en\/wp-json\/wp\/v2\/comments?post=1960"}],"version-history":[{"count":2,"href":"https:\/\/esnaturalbarcelona.com\/en\/wp-json\/wp\/v2\/product\/1960\/revisions"}],"predecessor-version":[{"id":9069,"href":"https:\/\/esnaturalbarcelona.com\/en\/wp-json\/wp\/v2\/product\/1960\/revisions\/9069"}],"wp:featuredmedia":[{"embeddable":true,"href":"https:\/\/esnaturalbarcelona.com\/en\/wp-json\/wp\/v2\/media\/1962"}],"wp:attachment":[{"href":"https:\/\/esnaturalbarcelona.com\/en\/wp-json\/wp\/v2\/media?parent=1960"}],"wp:term":[{"taxonomy":"product_brand","embeddable":true,"href":"https:\/\/esnaturalbarcelona.com\/en\/wp-json\/wp\/v2\/product_brand?post=1960"},{"taxonomy":"product_cat","embeddable":true,"href":"https:\/\/esnaturalbarcelona.com\/en\/wp-json\/wp\/v2\/product_cat?post=1960"},{"taxonomy":"product_tag","embeddable":true,"href":"https:\/\/esnaturalbarcelona.com\/en\/wp-json\/wp\/v2\/product_tag?post=1960"}],"curies":[{"name":"wp","href":"https:\/\/api.w.org\/{rel}","templated":true}]}}