{"id":2141,"date":"2025-03-20T05:10:55","date_gmt":"2025-03-20T05:10:55","guid":{"rendered":"http:\/\/es-natural.local\/product\/despertar-de-buda-acai-platano\/"},"modified":"2026-02-22T05:42:44","modified_gmt":"2026-02-22T05:42:44","slug":"despertar-de-buda-acai-platano","status":"publish","type":"product","link":"https:\/\/esnaturalbarcelona.com\/en\/product\/despertar-de-buda-acai-platano\/","title":{"rendered":"Buddha\u2019s awakening acai banana"},"content":{"rendered":"","protected":false},"excerpt":{"rendered":"<p>El despertar del Buda es un desayuno crudo e instant\u00e1neo que se puede preparar en minutos. Una mezcla de ingredientes deliciosos y saludables que brindar\u00e1n toda la energ\u00eda que necesita para el d\u00eda. Esta mezcla exclusiva de Iswari asegura un comienzo brillante para su d\u00eda.<\/p>\n<p>Con este desayuno instant\u00e1neo aportar al organismo, por la ma\u00f1ana, una comida sana, pr\u00e1ctica y de f\u00e1cil digesti\u00f3n, rica en vitaminas, minerales y antioxidantes. Acai, esta peque\u00f1a fruta morada, originaria de la regi\u00f3n amaz\u00f3nica, tiene muchas propiedades antioxidantes comprobadas. Su pulpo se extrae y se congela inmediatamente para mantener intactas sus cualidades nutricionales. Fresa, antioxidante y rica en vitamina C, le da un sabor delicado y sensual a la mezcla.<\/p>\n","protected":false},"featured_media":2143,"comment_status":"open","ping_status":"closed","template":"","meta":[],"product_brand":[],"product_cat":[85],"product_tag":[],"class_list":{"0":"post-2141","1":"product","2":"type-product","3":"status-publish","4":"has-post-thumbnail","6":"product_cat-superalimentos-y-suplementos-iswari","7":"product_shipping_class-custom-delivery-radius","9":"first","10":"instock","11":"purchasable","12":"product-type-simple"},"_links":{"self":[{"href":"https:\/\/esnaturalbarcelona.com\/en\/wp-json\/wp\/v2\/product\/2141","targetHints":{"allow":["GET"]}}],"collection":[{"href":"https:\/\/esnaturalbarcelona.com\/en\/wp-json\/wp\/v2\/product"}],"about":[{"href":"https:\/\/esnaturalbarcelona.com\/en\/wp-json\/wp\/v2\/types\/product"}],"replies":[{"embeddable":true,"href":"https:\/\/esnaturalbarcelona.com\/en\/wp-json\/wp\/v2\/comments?post=2141"}],"version-history":[{"count":2,"href":"https:\/\/esnaturalbarcelona.com\/en\/wp-json\/wp\/v2\/product\/2141\/revisions"}],"predecessor-version":[{"id":8971,"href":"https:\/\/esnaturalbarcelona.com\/en\/wp-json\/wp\/v2\/product\/2141\/revisions\/8971"}],"wp:featuredmedia":[{"embeddable":true,"href":"https:\/\/esnaturalbarcelona.com\/en\/wp-json\/wp\/v2\/media\/2143"}],"wp:attachment":[{"href":"https:\/\/esnaturalbarcelona.com\/en\/wp-json\/wp\/v2\/media?parent=2141"}],"wp:term":[{"taxonomy":"product_brand","embeddable":true,"href":"https:\/\/esnaturalbarcelona.com\/en\/wp-json\/wp\/v2\/product_brand?post=2141"},{"taxonomy":"product_cat","embeddable":true,"href":"https:\/\/esnaturalbarcelona.com\/en\/wp-json\/wp\/v2\/product_cat?post=2141"},{"taxonomy":"product_tag","embeddable":true,"href":"https:\/\/esnaturalbarcelona.com\/en\/wp-json\/wp\/v2\/product_tag?post=2141"}],"curies":[{"name":"wp","href":"https:\/\/api.w.org\/{rel}","templated":true}]}}