{"id":2295,"date":"2025-03-20T05:13:35","date_gmt":"2025-03-20T05:13:35","guid":{"rendered":"http:\/\/es-natural.local\/product\/pera-ercolina-500-gr\/"},"modified":"2026-02-22T05:34:54","modified_gmt":"2026-02-22T05:34:54","slug":"pera-ercolina-500-gr","status":"publish","type":"product","link":"https:\/\/esnaturalbarcelona.com\/en\/product\/pera-ercolina-500-gr\/","title":{"rendered":"Ercolina pear 500g"},"content":{"rendered":"<p>Ercolina pear 500g<\/p>\n","protected":false},"excerpt":{"rendered":"<p style=\"font-weight: 400;\">La pulpa de la pera es dura y muy \u00e1cida o astringente cuando a\u00fan est\u00e1 verde. Conforme madura, se ablanda y dulcifica. Su componente mayoritario es el agua. Destaca su aporte de az\u00facares, fibra, minerales como el potasio y taninos de acci\u00f3n astringente. Su contenido de vitaminas no es destacable. Las peras est\u00e1n maduras si ceden a la leve presi\u00f3n con el dedo. Existen diferentes variedades y en funci\u00f3n de esta, podemos disponer de esta fruta todo el a\u00f1o. Pera ercolina: es una pera de piel fina amarillenta, mediano tama\u00f1o y pulpa blanca.<\/p>\n<ul class=\"list-inline\">\n<li><strong>Origen<\/strong>: Jumilla<\/li>\n<li><strong>Categor\u00eda<\/strong>: Primera<\/li>\n<li><strong>Variedad<\/strong>: Ercolina<\/li>\n<\/ul>\n<p>Valor Nutricional:<br \/>\nAgua 86,7 g<br \/>\nEnerg\u00eda 44 kcal<br \/>\nProte\u00ednas 0,4 g<br \/>\nHidratos de Carbono 10,6 g.<\/p>\n","protected":false},"featured_media":2297,"comment_status":"open","ping_status":"closed","template":"","meta":[],"product_brand":[],"product_cat":[159,77],"product_tag":[],"class_list":{"0":"post-2295","1":"product","2":"type-product","3":"status-publish","4":"has-post-thumbnail","6":"product_cat-productos-frescos","7":"product_cat-frutas","8":"product_shipping_class-fruits-vegetables","10":"first","11":"instock","12":"purchasable","13":"product-type-simple"},"_links":{"self":[{"href":"https:\/\/esnaturalbarcelona.com\/en\/wp-json\/wp\/v2\/product\/2295","targetHints":{"allow":["GET"]}}],"collection":[{"href":"https:\/\/esnaturalbarcelona.com\/en\/wp-json\/wp\/v2\/product"}],"about":[{"href":"https:\/\/esnaturalbarcelona.com\/en\/wp-json\/wp\/v2\/types\/product"}],"replies":[{"embeddable":true,"href":"https:\/\/esnaturalbarcelona.com\/en\/wp-json\/wp\/v2\/comments?post=2295"}],"version-history":[{"count":2,"href":"https:\/\/esnaturalbarcelona.com\/en\/wp-json\/wp\/v2\/product\/2295\/revisions"}],"predecessor-version":[{"id":8939,"href":"https:\/\/esnaturalbarcelona.com\/en\/wp-json\/wp\/v2\/product\/2295\/revisions\/8939"}],"wp:featuredmedia":[{"embeddable":true,"href":"https:\/\/esnaturalbarcelona.com\/en\/wp-json\/wp\/v2\/media\/2297"}],"wp:attachment":[{"href":"https:\/\/esnaturalbarcelona.com\/en\/wp-json\/wp\/v2\/media?parent=2295"}],"wp:term":[{"taxonomy":"product_brand","embeddable":true,"href":"https:\/\/esnaturalbarcelona.com\/en\/wp-json\/wp\/v2\/product_brand?post=2295"},{"taxonomy":"product_cat","embeddable":true,"href":"https:\/\/esnaturalbarcelona.com\/en\/wp-json\/wp\/v2\/product_cat?post=2295"},{"taxonomy":"product_tag","embeddable":true,"href":"https:\/\/esnaturalbarcelona.com\/en\/wp-json\/wp\/v2\/product_tag?post=2295"}],"curies":[{"name":"wp","href":"https:\/\/api.w.org\/{rel}","templated":true}]}}