{"id":2304,"date":"2025-03-20T05:14:13","date_gmt":"2025-03-20T05:14:13","guid":{"rendered":"http:\/\/es-natural.local\/product\/flor-de-calabacin-unidad\/"},"modified":"2026-02-22T05:33:51","modified_gmt":"2026-02-22T05:33:51","slug":"flor-de-calabacin-unidad","status":"publish","type":"product","link":"https:\/\/esnaturalbarcelona.com\/en\/product\/flor-de-calabacin-unidad\/","title":{"rendered":"Zucchini flower unit"},"content":{"rendered":"","protected":false},"excerpt":{"rendered":"<p>Las\u00a0<strong>flores de calabac\u00edn<\/strong> son todo un manjar. Con estas bonitas y llamativas flores de color amarillo anaranjado podemos acompa\u00f1ar muchos platos e incluso presentarlas como plato entrante tan solo prepar\u00e1ndolas rebozadas o en tempura, rellenas, salteadas o incluso acompa\u00f1ando ensaladas. Las flores de calabac\u00edn son muy apreciadas en la alta cocina de muchos pa\u00edses como la cocina Italiana, Jap\u00f3n, M\u00e9xico\u2026 De hecho, en Espa\u00f1a cada vez son m\u00e1s los restaurantes en los que podemos ver que ofrecen flores de calabac\u00edn en sus cartas. El sabor de la flor de calabac\u00edn es delicado, tiene un toque dulce, y recuerda ligeramente al sabor de las <strong>almendras<\/strong>.<\/p>\n","protected":false},"featured_media":2306,"comment_status":"open","ping_status":"closed","template":"","meta":[],"product_brand":[],"product_cat":[159,78],"product_tag":[],"class_list":{"0":"post-2304","1":"product","2":"type-product","3":"status-publish","4":"has-post-thumbnail","6":"product_cat-productos-frescos","7":"product_cat-verduras","8":"product_shipping_class-fruits-vegetables","10":"first","11":"outofstock","12":"purchasable","13":"product-type-simple"},"_links":{"self":[{"href":"https:\/\/esnaturalbarcelona.com\/en\/wp-json\/wp\/v2\/product\/2304","targetHints":{"allow":["GET"]}}],"collection":[{"href":"https:\/\/esnaturalbarcelona.com\/en\/wp-json\/wp\/v2\/product"}],"about":[{"href":"https:\/\/esnaturalbarcelona.com\/en\/wp-json\/wp\/v2\/types\/product"}],"replies":[{"embeddable":true,"href":"https:\/\/esnaturalbarcelona.com\/en\/wp-json\/wp\/v2\/comments?post=2304"}],"version-history":[{"count":2,"href":"https:\/\/esnaturalbarcelona.com\/en\/wp-json\/wp\/v2\/product\/2304\/revisions"}],"predecessor-version":[{"id":8894,"href":"https:\/\/esnaturalbarcelona.com\/en\/wp-json\/wp\/v2\/product\/2304\/revisions\/8894"}],"wp:featuredmedia":[{"embeddable":true,"href":"https:\/\/esnaturalbarcelona.com\/en\/wp-json\/wp\/v2\/media\/2306"}],"wp:attachment":[{"href":"https:\/\/esnaturalbarcelona.com\/en\/wp-json\/wp\/v2\/media?parent=2304"}],"wp:term":[{"taxonomy":"product_brand","embeddable":true,"href":"https:\/\/esnaturalbarcelona.com\/en\/wp-json\/wp\/v2\/product_brand?post=2304"},{"taxonomy":"product_cat","embeddable":true,"href":"https:\/\/esnaturalbarcelona.com\/en\/wp-json\/wp\/v2\/product_cat?post=2304"},{"taxonomy":"product_tag","embeddable":true,"href":"https:\/\/esnaturalbarcelona.com\/en\/wp-json\/wp\/v2\/product_tag?post=2304"}],"curies":[{"name":"wp","href":"https:\/\/api.w.org\/{rel}","templated":true}]}}