{"id":2442,"date":"2025-03-20T05:16:09","date_gmt":"2025-03-20T05:16:09","guid":{"rendered":"http:\/\/es-natural.local\/product\/miel-de-naranjo-agrofresc-500-gr\/"},"modified":"2026-02-22T05:37:20","modified_gmt":"2026-02-22T05:37:20","slug":"miel-de-naranjo-agrofresc-500-gr","status":"publish","type":"product","link":"https:\/\/esnaturalbarcelona.com\/en\/product\/miel-de-naranjo-agrofresc-500-gr\/","title":{"rendered":"Agrofresc Orange Blossom Honey 500 GR"},"content":{"rendered":"<p>Agrofresc Orange Blossom Honey 500 GR<\/p>\n","protected":false},"excerpt":{"rendered":"<p>Miel de naranjo: estamos ante una de las mieles cl\u00e1sicas del mediterr\u00e1neo, la tierra de los naranjos, mandarinos y limoneros. Esta miel proviene del polen de estos \u00e1rboles frutales en los que encontramos la flor de azahar. La miel de azahar se recolecta durante los meses de la primavera\u00a0 y se trata de una las mieles m\u00e1s suaves que se pueden degustar, tanto por su espectacular aroma floral y su sabor dulce (aunque con un leve toque \u00e1cido). Su color es \u00e1mbar claro y pr\u00e1cticamente transparente cuando est\u00e1 l\u00edquida y un tono blanco cuando cristaliza. Es una miel muy recomendada para los iniciados en el mundo de la miel y para los ni\u00f1os al tener un sabor muy suave.<\/p>\n<p>Valor energ\u00e9tico por 100 gramos<br \/>\n1.283 KJ \/ 302 Kcal<br \/>\nProte\u00ednas 0,4 g<br \/>\nHidratos de carbono 75,1 g (Az\u00facares)<br \/>\nGrasas 0,1 g (Saturadas: 0,06 g)<br \/>\nFibra 0,1 g<br \/>\nSodio 0,01 g<\/p>\n","protected":false},"featured_media":2444,"comment_status":"open","ping_status":"closed","template":"","meta":[],"product_brand":[],"product_cat":[139,158],"product_tag":[],"class_list":{"0":"post-2442","1":"product","2":"type-product","3":"status-publish","4":"has-post-thumbnail","6":"product_cat-miel","7":"product_cat-untables-y-edulcorantes","8":"product_shipping_class-custom-delivery-radius","10":"first","11":"instock","12":"purchasable","13":"product-type-simple"},"_links":{"self":[{"href":"https:\/\/esnaturalbarcelona.com\/en\/wp-json\/wp\/v2\/product\/2442","targetHints":{"allow":["GET"]}}],"collection":[{"href":"https:\/\/esnaturalbarcelona.com\/en\/wp-json\/wp\/v2\/product"}],"about":[{"href":"https:\/\/esnaturalbarcelona.com\/en\/wp-json\/wp\/v2\/types\/product"}],"replies":[{"embeddable":true,"href":"https:\/\/esnaturalbarcelona.com\/en\/wp-json\/wp\/v2\/comments?post=2442"}],"version-history":[{"count":2,"href":"https:\/\/esnaturalbarcelona.com\/en\/wp-json\/wp\/v2\/product\/2442\/revisions"}],"predecessor-version":[{"id":8855,"href":"https:\/\/esnaturalbarcelona.com\/en\/wp-json\/wp\/v2\/product\/2442\/revisions\/8855"}],"wp:featuredmedia":[{"embeddable":true,"href":"https:\/\/esnaturalbarcelona.com\/en\/wp-json\/wp\/v2\/media\/2444"}],"wp:attachment":[{"href":"https:\/\/esnaturalbarcelona.com\/en\/wp-json\/wp\/v2\/media?parent=2442"}],"wp:term":[{"taxonomy":"product_brand","embeddable":true,"href":"https:\/\/esnaturalbarcelona.com\/en\/wp-json\/wp\/v2\/product_brand?post=2442"},{"taxonomy":"product_cat","embeddable":true,"href":"https:\/\/esnaturalbarcelona.com\/en\/wp-json\/wp\/v2\/product_cat?post=2442"},{"taxonomy":"product_tag","embeddable":true,"href":"https:\/\/esnaturalbarcelona.com\/en\/wp-json\/wp\/v2\/product_tag?post=2442"}],"curies":[{"name":"wp","href":"https:\/\/api.w.org\/{rel}","templated":true}]}}