{"id":2463,"date":"2025-03-20T05:16:09","date_gmt":"2025-03-20T05:16:09","guid":{"rendered":"http:\/\/es-natural.local\/product\/zumo-naranja-agrofresc-1-l\/"},"modified":"2026-02-22T05:37:31","modified_gmt":"2026-02-22T05:37:31","slug":"zumo-naranja-agrofresc-1-l","status":"publish","type":"product","link":"https:\/\/esnaturalbarcelona.com\/en\/product\/zumo-naranja-agrofresc-1-l\/","title":{"rendered":"Agrofresc Orange Juice 1 L"},"content":{"rendered":"<p>Agrofresc Orange Juice 1 L<\/p>\n","protected":false},"excerpt":{"rendered":"<p>Zumo de Naranja Natural Agrofresc 1L<\/p>\n<p>Ingredientes: zumo de naranja natural 100%<\/p>\n<p>El zumo de naranja natural de Agrofresc est\u00e1 elaborado con naranjas seleccionadas de gran calidad. Obtenemos el zumo mediante el prensado en fr\u00edo. De este modo mantenemos al m\u00e1ximo los nutrientes y las vitaminas.<\/p>\n<p>Informaci\u00f3n nutricional 100ml<br \/>\nValor energ\u00e9tico 43 kcal\/ 182 kJ<br \/>\nProte\u00ednas 0,4 g<br \/>\nHidratos de carbono 9,7 g<br \/>\nde los cuales az\u00facares 9,3 g<br \/>\nGrasas 0g<br \/>\nde las cuales saturadas 0g<br \/>\nFibra 0,4 g<br \/>\nSal 0 g<\/p>\n","protected":false},"featured_media":2465,"comment_status":"open","ping_status":"closed","template":"","meta":[],"product_brand":[],"product_cat":[96,122],"product_tag":[],"class_list":{"0":"post-2463","1":"product","2":"type-product","3":"status-publish","4":"has-post-thumbnail","6":"product_cat-bebidas","7":"product_cat-jugo-fresco","8":"product_shipping_class-custom-delivery-radius","10":"first","11":"instock","12":"purchasable","13":"product-type-simple"},"_links":{"self":[{"href":"https:\/\/esnaturalbarcelona.com\/en\/wp-json\/wp\/v2\/product\/2463","targetHints":{"allow":["GET"]}}],"collection":[{"href":"https:\/\/esnaturalbarcelona.com\/en\/wp-json\/wp\/v2\/product"}],"about":[{"href":"https:\/\/esnaturalbarcelona.com\/en\/wp-json\/wp\/v2\/types\/product"}],"replies":[{"embeddable":true,"href":"https:\/\/esnaturalbarcelona.com\/en\/wp-json\/wp\/v2\/comments?post=2463"}],"version-history":[{"count":3,"href":"https:\/\/esnaturalbarcelona.com\/en\/wp-json\/wp\/v2\/product\/2463\/revisions"}],"predecessor-version":[{"id":11122,"href":"https:\/\/esnaturalbarcelona.com\/en\/wp-json\/wp\/v2\/product\/2463\/revisions\/11122"}],"wp:featuredmedia":[{"embeddable":true,"href":"https:\/\/esnaturalbarcelona.com\/en\/wp-json\/wp\/v2\/media\/2465"}],"wp:attachment":[{"href":"https:\/\/esnaturalbarcelona.com\/en\/wp-json\/wp\/v2\/media?parent=2463"}],"wp:term":[{"taxonomy":"product_brand","embeddable":true,"href":"https:\/\/esnaturalbarcelona.com\/en\/wp-json\/wp\/v2\/product_brand?post=2463"},{"taxonomy":"product_cat","embeddable":true,"href":"https:\/\/esnaturalbarcelona.com\/en\/wp-json\/wp\/v2\/product_cat?post=2463"},{"taxonomy":"product_tag","embeddable":true,"href":"https:\/\/esnaturalbarcelona.com\/en\/wp-json\/wp\/v2\/product_tag?post=2463"}],"curies":[{"name":"wp","href":"https:\/\/api.w.org\/{rel}","templated":true}]}}