{"id":2472,"date":"2025-03-20T05:16:09","date_gmt":"2025-03-20T05:16:09","guid":{"rendered":"http:\/\/es-natural.local\/product\/tomate-natural-triturado-ferrer-350-gr\/"},"modified":"2026-02-22T05:37:36","modified_gmt":"2026-02-22T05:37:36","slug":"tomate-natural-triturado-ferrer-350-gr","status":"publish","type":"product","link":"https:\/\/esnaturalbarcelona.com\/en\/product\/tomate-natural-triturado-ferrer-350-gr\/","title":{"rendered":"Ferrer Crushed Natural Tomato 350 GR"},"content":{"rendered":"<p>Ferrer Crushed Natural Tomato 350 GR<\/p>\n","protected":false},"excerpt":{"rendered":"<div class=\"elementor-element elementor-element-fcd449c elementor-widget elementor-widget-heading\" data-id=\"fcd449c\" data-element_type=\"widget\" data-widget_type=\"heading.default\">\n<div class=\"elementor-widget-container\">\n<div class=\"elementor-element elementor-element-fcd449c elementor-widget elementor-widget-heading\" data-id=\"fcd449c\" data-element_type=\"widget\" data-widget_type=\"heading.default\">\n<div class=\"elementor-widget-container\">\n<p class=\"elementor-heading-title elementor-size-default\">ingredientes:<\/p>\n<\/div>\n<\/div>\n<div class=\"elementor-element elementor-element-a0516ba elementor-widget elementor-widget-woocommerce-product-short-description\" data-id=\"a0516ba\" data-element_type=\"widget\" data-widget_type=\"woocommerce-product-short-description.default\">\n<div class=\"elementor-widget-container\">\n<div class=\"woocommerce-product-details__short-description\">\n<p>Pur\u00e9 de tomate (99,9%), acidulante: \u00e1cido c\u00edtrico.<\/p>\n<\/div>\n<\/div>\n<\/div>\n<div class=\"elementor-element elementor-element-ee53199 elementor-widget elementor-widget-heading\" data-id=\"ee53199\" data-element_type=\"widget\" data-widget_type=\"heading.default\">\n<div class=\"elementor-widget-container\">\n<p class=\"elementor-heading-title elementor-size-default\">al\u00e9rgenos:<\/p>\n<\/div>\n<\/div>\n<div class=\"elementor-element elementor-element-144e25f elementor-widget elementor-widget-text-editor\" data-id=\"144e25f\" data-element_type=\"widget\" data-widget_type=\"text-editor.default\">\n<div class=\"elementor-widget-container\">\n<div class=\"elementor-text-editor elementor-clearfix\"><\/div>\n<\/div>\n<\/div>\n<div class=\"elementor-element elementor-element-e758b7b elementor-widget elementor-widget-heading\" data-id=\"e758b7b\" data-element_type=\"widget\" data-widget_type=\"heading.default\">\n<div class=\"elementor-widget-container\">\n<p class=\"elementor-heading-title elementor-size-default\">formato<\/p>\n<\/div>\n<\/div>\n<div class=\"elementor-element elementor-element-71266af elementor-widget elementor-widget-text-editor\" data-id=\"71266af\" data-element_type=\"widget\" data-widget_type=\"text-editor.default\">\n<div class=\"elementor-widget-container\">\n<div class=\"elementor-text-editor elementor-clearfix\">350g<\/div>\n<\/div>\n<\/div>\n<\/div>\n<\/div>\n","protected":false},"featured_media":2474,"comment_status":"open","ping_status":"closed","template":"","meta":[],"product_brand":[],"product_cat":[144,149],"product_tag":[],"class_list":{"0":"post-2472","1":"product","2":"type-product","3":"status-publish","4":"has-post-thumbnail","6":"product_cat-aderezos","7":"product_cat-despensa","8":"product_shipping_class-custom-delivery-radius","10":"first","11":"outofstock","12":"purchasable","13":"product-type-simple"},"_links":{"self":[{"href":"https:\/\/esnaturalbarcelona.com\/en\/wp-json\/wp\/v2\/product\/2472","targetHints":{"allow":["GET"]}}],"collection":[{"href":"https:\/\/esnaturalbarcelona.com\/en\/wp-json\/wp\/v2\/product"}],"about":[{"href":"https:\/\/esnaturalbarcelona.com\/en\/wp-json\/wp\/v2\/types\/product"}],"replies":[{"embeddable":true,"href":"https:\/\/esnaturalbarcelona.com\/en\/wp-json\/wp\/v2\/comments?post=2472"}],"version-history":[{"count":2,"href":"https:\/\/esnaturalbarcelona.com\/en\/wp-json\/wp\/v2\/product\/2472\/revisions"}],"predecessor-version":[{"id":8868,"href":"https:\/\/esnaturalbarcelona.com\/en\/wp-json\/wp\/v2\/product\/2472\/revisions\/8868"}],"wp:featuredmedia":[{"embeddable":true,"href":"https:\/\/esnaturalbarcelona.com\/en\/wp-json\/wp\/v2\/media\/2474"}],"wp:attachment":[{"href":"https:\/\/esnaturalbarcelona.com\/en\/wp-json\/wp\/v2\/media?parent=2472"}],"wp:term":[{"taxonomy":"product_brand","embeddable":true,"href":"https:\/\/esnaturalbarcelona.com\/en\/wp-json\/wp\/v2\/product_brand?post=2472"},{"taxonomy":"product_cat","embeddable":true,"href":"https:\/\/esnaturalbarcelona.com\/en\/wp-json\/wp\/v2\/product_cat?post=2472"},{"taxonomy":"product_tag","embeddable":true,"href":"https:\/\/esnaturalbarcelona.com\/en\/wp-json\/wp\/v2\/product_tag?post=2472"}],"curies":[{"name":"wp","href":"https:\/\/api.w.org\/{rel}","templated":true}]}}