{"id":2489,"date":"2025-03-20T05:17:28","date_gmt":"2025-03-20T05:17:28","guid":{"rendered":"http:\/\/es-natural.local\/product\/naranja-sanguina-500-gr\/"},"modified":"2026-02-22T05:32:58","modified_gmt":"2026-02-22T05:32:58","slug":"naranja-sanguina-500-gr","status":"publish","type":"product","link":"https:\/\/esnaturalbarcelona.com\/en\/product\/naranja-sanguina-500-gr\/","title":{"rendered":"Blood Orange 500 GR"},"content":{"rendered":"","protected":false},"excerpt":{"rendered":"<p>La naranja roja tiene una muy corta estacionalidad. Es de calibre peque\u00f1o y tiene un ligero sabor \u00e1cido. Es muy recomendada para hacer zumos naturales, granizados o sorbetes. La naranja sanguina es muy vistosa y llenar\u00e1 de color la fuente de fruta o los zumos y, que adem\u00e1s, contiene una gran cantidad de antioxidantes y vitaminas.<\/p>\n<p>ORIGEN\u00a0 \u00a0 \u00a0 \u00a0 \u00a0Valencia<\/p>\n<p>CATEGORIA Primera<\/p>\n<p>VARIEDAD\u00a0 \u00a0Sanguina<\/p>\n","protected":false},"featured_media":2491,"comment_status":"open","ping_status":"closed","template":"","meta":[],"product_brand":[],"product_cat":[159,77],"product_tag":[],"class_list":{"0":"post-2489","1":"product","2":"type-product","3":"status-publish","4":"has-post-thumbnail","6":"product_cat-productos-frescos","7":"product_cat-frutas","8":"product_shipping_class-fruits-vegetables","10":"first","11":"outofstock","12":"purchasable","13":"product-type-simple"},"_links":{"self":[{"href":"https:\/\/esnaturalbarcelona.com\/en\/wp-json\/wp\/v2\/product\/2489","targetHints":{"allow":["GET"]}}],"collection":[{"href":"https:\/\/esnaturalbarcelona.com\/en\/wp-json\/wp\/v2\/product"}],"about":[{"href":"https:\/\/esnaturalbarcelona.com\/en\/wp-json\/wp\/v2\/types\/product"}],"replies":[{"embeddable":true,"href":"https:\/\/esnaturalbarcelona.com\/en\/wp-json\/wp\/v2\/comments?post=2489"}],"version-history":[{"count":3,"href":"https:\/\/esnaturalbarcelona.com\/en\/wp-json\/wp\/v2\/product\/2489\/revisions"}],"predecessor-version":[{"id":9522,"href":"https:\/\/esnaturalbarcelona.com\/en\/wp-json\/wp\/v2\/product\/2489\/revisions\/9522"}],"wp:featuredmedia":[{"embeddable":true,"href":"https:\/\/esnaturalbarcelona.com\/en\/wp-json\/wp\/v2\/media\/2491"}],"wp:attachment":[{"href":"https:\/\/esnaturalbarcelona.com\/en\/wp-json\/wp\/v2\/media?parent=2489"}],"wp:term":[{"taxonomy":"product_brand","embeddable":true,"href":"https:\/\/esnaturalbarcelona.com\/en\/wp-json\/wp\/v2\/product_brand?post=2489"},{"taxonomy":"product_cat","embeddable":true,"href":"https:\/\/esnaturalbarcelona.com\/en\/wp-json\/wp\/v2\/product_cat?post=2489"},{"taxonomy":"product_tag","embeddable":true,"href":"https:\/\/esnaturalbarcelona.com\/en\/wp-json\/wp\/v2\/product_tag?post=2489"}],"curies":[{"name":"wp","href":"https:\/\/api.w.org\/{rel}","templated":true}]}}