{"id":2571,"date":"2025-03-20T05:18:17","date_gmt":"2025-03-20T05:18:17","guid":{"rendered":"http:\/\/es-natural.local\/product\/aceite-de-oliva-extra-virgen-duc-dop-terra-alta-750ml\/"},"modified":"2026-02-22T05:30:07","modified_gmt":"2026-02-22T05:30:07","slug":"aceite-de-oliva-extra-virgen-duc-dop-terra-alta-750ml","status":"publish","type":"product","link":"https:\/\/esnaturalbarcelona.com\/en\/product\/aceite-de-oliva-extra-virgen-duc-dop-terra-alta-750ml\/","title":{"rendered":"Extra Virgin Olive Oil DUC PDO Terra Alta 750ML"},"content":{"rendered":"<p data-sourcepos=\"1:1-1:106\">DUC DOP Terra Alta is the result of a selection of the best extra virgin olive oils from Arbequina olives.<\/p>\n<p data-sourcepos=\"3:1-3:211\">It has an aroma that evokes tomato, banana, and ripe fruit. On the palate, it is a rich, harmonious, and balanced oil that skillfully combines bitterness and spiciness, offering a pleasant sensation of fullness.<\/p>\n<p data-sourcepos=\"5:1-5:18\">750ml Glass Bottle<\/p>\n","protected":false},"excerpt":{"rendered":"<p>Duc DOP Terra Alta es fruto de una selecci\u00f3n de los mejores aceites virgen extra de aceituna arbequina.<\/p>\n<p>Tiene un aroma que nos evoca al tomate, al pl\u00e1tano y a la fruta madura. En boca encontramos un aceite rico, arm\u00f3nico y equilibrado, que combina con destreza el amargo y el picante, y nos ofrece una agradable sensaci\u00f3n de plenitud.<\/p>\n<p>Botella de Cristal 750ml<\/p>\n","protected":false},"featured_media":2573,"comment_status":"open","ping_status":"closed","template":"","meta":[],"product_brand":[],"product_cat":[111,149],"product_tag":[],"class_list":{"0":"post-2571","1":"product","2":"type-product","3":"status-publish","4":"has-post-thumbnail","6":"product_cat-aceites","7":"product_cat-despensa","8":"product_shipping_class-custom-delivery-radius","10":"first","11":"instock","12":"purchasable","13":"product-type-simple"},"_links":{"self":[{"href":"https:\/\/esnaturalbarcelona.com\/en\/wp-json\/wp\/v2\/product\/2571","targetHints":{"allow":["GET"]}}],"collection":[{"href":"https:\/\/esnaturalbarcelona.com\/en\/wp-json\/wp\/v2\/product"}],"about":[{"href":"https:\/\/esnaturalbarcelona.com\/en\/wp-json\/wp\/v2\/types\/product"}],"replies":[{"embeddable":true,"href":"https:\/\/esnaturalbarcelona.com\/en\/wp-json\/wp\/v2\/comments?post=2571"}],"version-history":[{"count":3,"href":"https:\/\/esnaturalbarcelona.com\/en\/wp-json\/wp\/v2\/product\/2571\/revisions"}],"predecessor-version":[{"id":8805,"href":"https:\/\/esnaturalbarcelona.com\/en\/wp-json\/wp\/v2\/product\/2571\/revisions\/8805"}],"wp:featuredmedia":[{"embeddable":true,"href":"https:\/\/esnaturalbarcelona.com\/en\/wp-json\/wp\/v2\/media\/2573"}],"wp:attachment":[{"href":"https:\/\/esnaturalbarcelona.com\/en\/wp-json\/wp\/v2\/media?parent=2571"}],"wp:term":[{"taxonomy":"product_brand","embeddable":true,"href":"https:\/\/esnaturalbarcelona.com\/en\/wp-json\/wp\/v2\/product_brand?post=2571"},{"taxonomy":"product_cat","embeddable":true,"href":"https:\/\/esnaturalbarcelona.com\/en\/wp-json\/wp\/v2\/product_cat?post=2571"},{"taxonomy":"product_tag","embeddable":true,"href":"https:\/\/esnaturalbarcelona.com\/en\/wp-json\/wp\/v2\/product_tag?post=2571"}],"curies":[{"name":"wp","href":"https:\/\/api.w.org\/{rel}","templated":true}]}}