{"id":2598,"date":"2025-03-20T05:19:03","date_gmt":"2025-03-20T05:19:03","guid":{"rendered":"http:\/\/es-natural.local\/product\/vinagre-gran-reserva-premium-espinaler-250ml-2\/"},"modified":"2026-02-22T05:29:25","modified_gmt":"2026-02-22T05:29:25","slug":"vinagre-gran-reserva-premium-espinaler-250ml-2","status":"publish","type":"product","link":"https:\/\/esnaturalbarcelona.com\/en\/product\/vinagre-gran-reserva-premium-espinaler-250ml-2\/","title":{"rendered":"Premium Gran Reserva Vinegar Espinaler 250ML"},"content":{"rendered":"<p><span class=\"citation-0 recitation citation-end-0\">Espinaler Premium Gran Reserva Vinegar is a wine vinegar with an intense and elegant flavor, mature and balanced.<sup class=\"superscript visible\" data-turn-source-index=\"1\"> 1 <\/sup><\/span> Aged for decades in old oak barrels, it is a premium vinegar with a deep mahogany color, with aromas of ripe fruits, chocolate, and plum. <span class=\"citation-1 recitation citation-end-1\">It is ideal for salads, traditional dishes, tuna or salmon tartare, fusion cuisine, or for stews and sauces.<\/span><\/p>\n","protected":false},"excerpt":{"rendered":"<p>El Vinagre Gran Reserva Premium Espinaler es un vinagre de vino de sabor intenso y elegante, maduro y equilibrado. Envejecido durante d\u00e9cadas en botas de roble viejo, es un vinagre premium con un profundo color caoba, con aroma a frutas maduras, chocolate y ciruela. Es ideal para ensaladas, platos tradicionales, t\u00e1rtars de at\u00fan o salm\u00f3n, cocina fusi\u00f3n o para guisos y salsas.<\/p>\n","protected":false},"featured_media":2600,"comment_status":"open","ping_status":"closed","template":"","meta":[],"product_brand":[],"product_cat":[149,112],"product_tag":[],"class_list":{"0":"post-2598","1":"product","2":"type-product","3":"status-publish","4":"has-post-thumbnail","6":"product_cat-despensa","7":"product_cat-vinagres","8":"product_shipping_class-custom-delivery-radius","10":"first","11":"instock","12":"purchasable","13":"product-type-simple"},"_links":{"self":[{"href":"https:\/\/esnaturalbarcelona.com\/en\/wp-json\/wp\/v2\/product\/2598","targetHints":{"allow":["GET"]}}],"collection":[{"href":"https:\/\/esnaturalbarcelona.com\/en\/wp-json\/wp\/v2\/product"}],"about":[{"href":"https:\/\/esnaturalbarcelona.com\/en\/wp-json\/wp\/v2\/types\/product"}],"replies":[{"embeddable":true,"href":"https:\/\/esnaturalbarcelona.com\/en\/wp-json\/wp\/v2\/comments?post=2598"}],"version-history":[{"count":3,"href":"https:\/\/esnaturalbarcelona.com\/en\/wp-json\/wp\/v2\/product\/2598\/revisions"}],"predecessor-version":[{"id":8767,"href":"https:\/\/esnaturalbarcelona.com\/en\/wp-json\/wp\/v2\/product\/2598\/revisions\/8767"}],"wp:featuredmedia":[{"embeddable":true,"href":"https:\/\/esnaturalbarcelona.com\/en\/wp-json\/wp\/v2\/media\/2600"}],"wp:attachment":[{"href":"https:\/\/esnaturalbarcelona.com\/en\/wp-json\/wp\/v2\/media?parent=2598"}],"wp:term":[{"taxonomy":"product_brand","embeddable":true,"href":"https:\/\/esnaturalbarcelona.com\/en\/wp-json\/wp\/v2\/product_brand?post=2598"},{"taxonomy":"product_cat","embeddable":true,"href":"https:\/\/esnaturalbarcelona.com\/en\/wp-json\/wp\/v2\/product_cat?post=2598"},{"taxonomy":"product_tag","embeddable":true,"href":"https:\/\/esnaturalbarcelona.com\/en\/wp-json\/wp\/v2\/product_tag?post=2598"}],"curies":[{"name":"wp","href":"https:\/\/api.w.org\/{rel}","templated":true}]}}