{"id":2660,"date":"2025-03-20T05:19:37","date_gmt":"2025-03-20T05:19:37","guid":{"rendered":"http:\/\/es-natural.local\/product\/mantequilla-tradicional-ato-250gr\/"},"modified":"2026-02-22T05:28:52","modified_gmt":"2026-02-22T05:28:52","slug":"mantequilla-tradicional-ato-250gr","status":"publish","type":"product","link":"https:\/\/esnaturalbarcelona.com\/en\/product\/mantequilla-tradicional-ato-250gr\/","title":{"rendered":"Traditional Butter ATO 250GR"},"content":{"rendered":"<p>Traditional Butter ATO 250GR<\/p>\n","protected":false},"excerpt":{"rendered":"<p>Con nuestra MANTEQUILLA ATO podr\u00e1s disfrutar del sabor tradicional de la mantequilla y su textura untuosa. El aliado perfecto para dar un toque a todos tus platos.<\/p>\n<p>Es ideal para todo tipo de elaboraciones, desde las m\u00e1s sencillas como untar tus tostadas del desayuno hasta las recetas m\u00e1s sofisticadas: bizcochos, asados, gratinado, etc.<\/p>\n<p>En 2008 nace Llet ATO SL, un grupo de 7 ganaderos catalanes, los cuales dan el significado al \u201cbienestar animal de la nostra terra\u201d.<br \/>\nD\u00eda a d\u00eda ponen todo su amor y dedicaci\u00f3n en el cuidado, en la buena alimentaci\u00f3n y descanso de sus vacas.<br \/>\nCon su trabajo, su honestidad y su compromiso con la calidad, nuestros ganaderos hacen posible ATO.<\/p>\n","protected":false},"featured_media":2662,"comment_status":"open","ping_status":"closed","template":"","meta":[],"product_brand":[],"product_cat":[162,150],"product_tag":[],"class_list":{"0":"post-2660","1":"product","2":"type-product","3":"status-publish","4":"has-post-thumbnail","6":"product_cat-mantequillas","7":"product_cat-lacteos-y-alternativas","8":"product_shipping_class-custom-delivery-radius","10":"first","11":"instock","12":"purchasable","13":"product-type-simple"},"_links":{"self":[{"href":"https:\/\/esnaturalbarcelona.com\/en\/wp-json\/wp\/v2\/product\/2660","targetHints":{"allow":["GET"]}}],"collection":[{"href":"https:\/\/esnaturalbarcelona.com\/en\/wp-json\/wp\/v2\/product"}],"about":[{"href":"https:\/\/esnaturalbarcelona.com\/en\/wp-json\/wp\/v2\/types\/product"}],"replies":[{"embeddable":true,"href":"https:\/\/esnaturalbarcelona.com\/en\/wp-json\/wp\/v2\/comments?post=2660"}],"version-history":[{"count":2,"href":"https:\/\/esnaturalbarcelona.com\/en\/wp-json\/wp\/v2\/product\/2660\/revisions"}],"predecessor-version":[{"id":8746,"href":"https:\/\/esnaturalbarcelona.com\/en\/wp-json\/wp\/v2\/product\/2660\/revisions\/8746"}],"wp:featuredmedia":[{"embeddable":true,"href":"https:\/\/esnaturalbarcelona.com\/en\/wp-json\/wp\/v2\/media\/2662"}],"wp:attachment":[{"href":"https:\/\/esnaturalbarcelona.com\/en\/wp-json\/wp\/v2\/media?parent=2660"}],"wp:term":[{"taxonomy":"product_brand","embeddable":true,"href":"https:\/\/esnaturalbarcelona.com\/en\/wp-json\/wp\/v2\/product_brand?post=2660"},{"taxonomy":"product_cat","embeddable":true,"href":"https:\/\/esnaturalbarcelona.com\/en\/wp-json\/wp\/v2\/product_cat?post=2660"},{"taxonomy":"product_tag","embeddable":true,"href":"https:\/\/esnaturalbarcelona.com\/en\/wp-json\/wp\/v2\/product_tag?post=2660"}],"curies":[{"name":"wp","href":"https:\/\/api.w.org\/{rel}","templated":true}]}}