{"id":2733,"date":"2025-03-20T05:20:11","date_gmt":"2025-03-20T05:20:11","guid":{"rendered":"http:\/\/es-natural.local\/product\/zumo-cal-valls-ecologico-de-tomate-200ml\/"},"modified":"2026-02-22T05:28:37","modified_gmt":"2026-02-22T05:28:37","slug":"zumo-cal-valls-ecologico-de-tomate-200ml","status":"publish","type":"product","link":"https:\/\/esnaturalbarcelona.com\/en\/product\/zumo-cal-valls-ecologico-de-tomate-200ml\/","title":{"rendered":"Organic Tomato Juice Cal Valls 200ML"},"content":{"rendered":"<p>Organic Tomato Juice Cal Valls 200ML<\/p>\n","protected":false},"excerpt":{"rendered":"<p>Zumo de Tomate Bio de Cal Valls se basa en materias primas de producci\u00f3n ecol\u00f3gica propia seg\u00fan el m\u00e9todo biodin\u00e1mico, tanto en lo que respecta a los tomates como a las hierbas que se a\u00f1aden.<\/p>\n<p>Cal Valls es una empresa familiar, dedicada desde 1978 a la producci\u00f3n y elaboraci\u00f3n de zumos y conservas vegetales de cultivo ecol\u00f3gico. Est\u00e1 ubicada en un pueblo de la provincia de Lleida, Vilanova de Bellpuig (Catalu\u00f1a-Espa\u00f1a).<\/p>\n","protected":false},"featured_media":2735,"comment_status":"open","ping_status":"closed","template":"","meta":[],"product_brand":[],"product_cat":[96,122],"product_tag":[],"class_list":{"0":"post-2733","1":"product","2":"type-product","3":"status-publish","4":"has-post-thumbnail","6":"product_cat-bebidas","7":"product_cat-jugo-fresco","8":"product_shipping_class-custom-delivery-radius","10":"first","11":"instock","12":"purchasable","13":"product-type-simple"},"_links":{"self":[{"href":"https:\/\/esnaturalbarcelona.com\/en\/wp-json\/wp\/v2\/product\/2733","targetHints":{"allow":["GET"]}}],"collection":[{"href":"https:\/\/esnaturalbarcelona.com\/en\/wp-json\/wp\/v2\/product"}],"about":[{"href":"https:\/\/esnaturalbarcelona.com\/en\/wp-json\/wp\/v2\/types\/product"}],"replies":[{"embeddable":true,"href":"https:\/\/esnaturalbarcelona.com\/en\/wp-json\/wp\/v2\/comments?post=2733"}],"version-history":[{"count":3,"href":"https:\/\/esnaturalbarcelona.com\/en\/wp-json\/wp\/v2\/product\/2733\/revisions"}],"predecessor-version":[{"id":8727,"href":"https:\/\/esnaturalbarcelona.com\/en\/wp-json\/wp\/v2\/product\/2733\/revisions\/8727"}],"wp:featuredmedia":[{"embeddable":true,"href":"https:\/\/esnaturalbarcelona.com\/en\/wp-json\/wp\/v2\/media\/2735"}],"wp:attachment":[{"href":"https:\/\/esnaturalbarcelona.com\/en\/wp-json\/wp\/v2\/media?parent=2733"}],"wp:term":[{"taxonomy":"product_brand","embeddable":true,"href":"https:\/\/esnaturalbarcelona.com\/en\/wp-json\/wp\/v2\/product_brand?post=2733"},{"taxonomy":"product_cat","embeddable":true,"href":"https:\/\/esnaturalbarcelona.com\/en\/wp-json\/wp\/v2\/product_cat?post=2733"},{"taxonomy":"product_tag","embeddable":true,"href":"https:\/\/esnaturalbarcelona.com\/en\/wp-json\/wp\/v2\/product_tag?post=2733"}],"curies":[{"name":"wp","href":"https:\/\/api.w.org\/{rel}","templated":true}]}}