{"id":2739,"date":"2025-03-20T05:20:11","date_gmt":"2025-03-20T05:20:11","guid":{"rendered":"http:\/\/es-natural.local\/product\/zumo-cal-valls-ecologico-de-naranja-200ml\/"},"modified":"2026-02-22T05:28:43","modified_gmt":"2026-02-22T05:28:43","slug":"zumo-cal-valls-ecologico-de-naranja-200ml","status":"publish","type":"product","link":"https:\/\/esnaturalbarcelona.com\/en\/product\/zumo-cal-valls-ecologico-de-naranja-200ml\/","title":{"rendered":"Organic Orange Juice Cal Valls 200ML"},"content":{"rendered":"<p>Organic Orange Juice Cal Valls 200ML<\/p>\n","protected":false},"excerpt":{"rendered":"<p>Zumo de Naranja Eco de Cal Valls es un zumo artesanal que est\u00e1 elaborado directamente de naranjas frescas de cultivo ecol\u00f3gico. No lleva ning\u00fan endulzante a\u00f1adido.<\/p>\n<p>Cal Valls es una empresa familiar, dedicada desde 1978 a la producci\u00f3n y elaboraci\u00f3n de zumos y conservas vegetales de cultivo ecol\u00f3gico. Est\u00e1 ubicada en un pueblo de la provincia de Lleida, Vilanova de Bellpuig (Catalu\u00f1a-Espa\u00f1a).<\/p>\n","protected":false},"featured_media":2741,"comment_status":"open","ping_status":"closed","template":"","meta":[],"product_brand":[],"product_cat":[96,122],"product_tag":[],"class_list":{"0":"post-2739","1":"product","2":"type-product","3":"status-publish","4":"has-post-thumbnail","6":"product_cat-bebidas","7":"product_cat-jugo-fresco","8":"product_shipping_class-custom-delivery-radius","10":"first","11":"instock","12":"purchasable","13":"product-type-simple"},"_links":{"self":[{"href":"https:\/\/esnaturalbarcelona.com\/en\/wp-json\/wp\/v2\/product\/2739","targetHints":{"allow":["GET"]}}],"collection":[{"href":"https:\/\/esnaturalbarcelona.com\/en\/wp-json\/wp\/v2\/product"}],"about":[{"href":"https:\/\/esnaturalbarcelona.com\/en\/wp-json\/wp\/v2\/types\/product"}],"replies":[{"embeddable":true,"href":"https:\/\/esnaturalbarcelona.com\/en\/wp-json\/wp\/v2\/comments?post=2739"}],"version-history":[{"count":3,"href":"https:\/\/esnaturalbarcelona.com\/en\/wp-json\/wp\/v2\/product\/2739\/revisions"}],"predecessor-version":[{"id":8731,"href":"https:\/\/esnaturalbarcelona.com\/en\/wp-json\/wp\/v2\/product\/2739\/revisions\/8731"}],"wp:featuredmedia":[{"embeddable":true,"href":"https:\/\/esnaturalbarcelona.com\/en\/wp-json\/wp\/v2\/media\/2741"}],"wp:attachment":[{"href":"https:\/\/esnaturalbarcelona.com\/en\/wp-json\/wp\/v2\/media?parent=2739"}],"wp:term":[{"taxonomy":"product_brand","embeddable":true,"href":"https:\/\/esnaturalbarcelona.com\/en\/wp-json\/wp\/v2\/product_brand?post=2739"},{"taxonomy":"product_cat","embeddable":true,"href":"https:\/\/esnaturalbarcelona.com\/en\/wp-json\/wp\/v2\/product_cat?post=2739"},{"taxonomy":"product_tag","embeddable":true,"href":"https:\/\/esnaturalbarcelona.com\/en\/wp-json\/wp\/v2\/product_tag?post=2739"}],"curies":[{"name":"wp","href":"https:\/\/api.w.org\/{rel}","templated":true}]}}