{"id":2833,"date":"2025-03-20T05:21:51","date_gmt":"2025-03-20T05:21:51","guid":{"rendered":"http:\/\/es-natural.local\/product\/leche-de-vaca-semidestanada-frisona-bio-1l\/"},"modified":"2026-02-22T05:27:14","modified_gmt":"2026-02-22T05:27:14","slug":"leche-de-vaca-semidestanada-frisona-bio-1l","status":"publish","type":"product","link":"https:\/\/esnaturalbarcelona.com\/en\/product\/leche-de-vaca-semidestanada-frisona-bio-1l\/","title":{"rendered":"Leche de vaca semidesnatada BIO Frisona 1L"},"content":{"rendered":"<p>Leche de vaca semidesnatada BIO Frisona 1L<\/p>\n","protected":false},"excerpt":{"rendered":"<p>Una leche 100% asturiana, tradicional, cremosa y sabrosa, de olor y color ancestrales, como la que anta\u00f1o dejaban las lecheras a la puerta de las casas de nuestras abuelas.<\/p>\n<p>Frisona Bio es un proyecto que nace en a finales de 2021 con el prop\u00f3sito de dignificar el trabajo de las ganader\u00edas de leche ecol\u00f3gica de Asturias produciendo y comercializando: LA PRIMERA LECHE ECOL\u00d3GICA DE VACA 100% ASTURIANA.<\/p>\n<p>Asturias, referente l\u00e1cteo nacional merced a la calidad de sus pastos, su clima, su agua y el buen hacer de las ganaderas y ganaderos que apuestan por la producci\u00f3n ecol\u00f3gica, debe tener una marca de leche ecol\u00f3gica de origen Asturias que, al tiempo que promueva la producci\u00f3n de leche ecol\u00f3gica ayudando a su comercializaci\u00f3n, democratice el consumo de un alimento primario como es la leche; un producto, en este caso, de la m\u00e1xima calidad y a un precio justo.<\/p>\n","protected":false},"featured_media":2835,"comment_status":"open","ping_status":"closed","template":"","meta":[],"product_brand":[],"product_cat":[150,147],"product_tag":[],"class_list":{"0":"post-2833","1":"product","2":"type-product","3":"status-publish","4":"has-post-thumbnail","6":"product_cat-lacteos-y-alternativas","7":"product_cat-leche","8":"product_shipping_class-custom-delivery-radius","10":"first","11":"instock","12":"purchasable","13":"product-type-simple"},"_links":{"self":[{"href":"https:\/\/esnaturalbarcelona.com\/en\/wp-json\/wp\/v2\/product\/2833","targetHints":{"allow":["GET"]}}],"collection":[{"href":"https:\/\/esnaturalbarcelona.com\/en\/wp-json\/wp\/v2\/product"}],"about":[{"href":"https:\/\/esnaturalbarcelona.com\/en\/wp-json\/wp\/v2\/types\/product"}],"replies":[{"embeddable":true,"href":"https:\/\/esnaturalbarcelona.com\/en\/wp-json\/wp\/v2\/comments?post=2833"}],"version-history":[{"count":2,"href":"https:\/\/esnaturalbarcelona.com\/en\/wp-json\/wp\/v2\/product\/2833\/revisions"}],"predecessor-version":[{"id":8669,"href":"https:\/\/esnaturalbarcelona.com\/en\/wp-json\/wp\/v2\/product\/2833\/revisions\/8669"}],"wp:featuredmedia":[{"embeddable":true,"href":"https:\/\/esnaturalbarcelona.com\/en\/wp-json\/wp\/v2\/media\/2835"}],"wp:attachment":[{"href":"https:\/\/esnaturalbarcelona.com\/en\/wp-json\/wp\/v2\/media?parent=2833"}],"wp:term":[{"taxonomy":"product_brand","embeddable":true,"href":"https:\/\/esnaturalbarcelona.com\/en\/wp-json\/wp\/v2\/product_brand?post=2833"},{"taxonomy":"product_cat","embeddable":true,"href":"https:\/\/esnaturalbarcelona.com\/en\/wp-json\/wp\/v2\/product_cat?post=2833"},{"taxonomy":"product_tag","embeddable":true,"href":"https:\/\/esnaturalbarcelona.com\/en\/wp-json\/wp\/v2\/product_tag?post=2833"}],"curies":[{"name":"wp","href":"https:\/\/api.w.org\/{rel}","templated":true}]}}