{"id":2848,"date":"2025-03-20T05:21:51","date_gmt":"2025-03-20T05:21:51","guid":{"rendered":"http:\/\/es-natural.local\/product\/bebida-de-avena-sin-azucares-bio-1l-monsoy\/"},"modified":"2026-03-03T04:45:17","modified_gmt":"2026-03-03T04:45:17","slug":"bebida-de-avena-sin-azucares-bio-1l-monsoy","status":"publish","type":"product","link":"https:\/\/esnaturalbarcelona.com\/en\/product\/bebida-de-avena-sin-azucares-bio-1l-monsoy\/","title":{"rendered":"Organic Sugar-Free Oat Drink Monsoy 1L"},"content":{"rendered":"<p>Organic Sugar-Free Oat Drink Monsoy 1L<\/p>\n","protected":false},"excerpt":{"rendered":"<p>Bebida de avena Monsoy,\u00a0elaborada con la pureza del agua del Parque Natural del Montserry y avena procedente de cultivos ecol\u00f3gicos.<\/p>\n<p>Muy equilibrada y f\u00e1cil de digerir que aporta prote\u00ednas a tu alimentaci\u00f3n\u00a0(1,2g\/100ml).<\/p>\n<ul>\n<li>Contribuye a que el organismo funcione mejor.<\/li>\n<li>Aporta amino\u00e1cidos esenciales.<\/li>\n<li>Muy ligera, libre de colesterol y lactosa.<\/li>\n<li>Sin az\u00facares a\u00f1adidos, sin conservantes ni colorantes.<\/li>\n<\/ul>\n","protected":false},"featured_media":2850,"comment_status":"open","ping_status":"closed","template":"","meta":[],"product_brand":[],"product_cat":[150,148],"product_tag":[],"class_list":{"0":"post-2848","1":"product","2":"type-product","3":"status-publish","4":"has-post-thumbnail","6":"product_cat-lacteos-y-alternativas","7":"product_cat-bebidas-vegetales","8":"product_shipping_class-custom-delivery-radius","10":"first","11":"instock","12":"purchasable","13":"product-type-simple"},"_links":{"self":[{"href":"https:\/\/esnaturalbarcelona.com\/en\/wp-json\/wp\/v2\/product\/2848","targetHints":{"allow":["GET"]}}],"collection":[{"href":"https:\/\/esnaturalbarcelona.com\/en\/wp-json\/wp\/v2\/product"}],"about":[{"href":"https:\/\/esnaturalbarcelona.com\/en\/wp-json\/wp\/v2\/types\/product"}],"replies":[{"embeddable":true,"href":"https:\/\/esnaturalbarcelona.com\/en\/wp-json\/wp\/v2\/comments?post=2848"}],"version-history":[{"count":2,"href":"https:\/\/esnaturalbarcelona.com\/en\/wp-json\/wp\/v2\/product\/2848\/revisions"}],"predecessor-version":[{"id":8675,"href":"https:\/\/esnaturalbarcelona.com\/en\/wp-json\/wp\/v2\/product\/2848\/revisions\/8675"}],"wp:featuredmedia":[{"embeddable":true,"href":"https:\/\/esnaturalbarcelona.com\/en\/wp-json\/wp\/v2\/media\/2850"}],"wp:attachment":[{"href":"https:\/\/esnaturalbarcelona.com\/en\/wp-json\/wp\/v2\/media?parent=2848"}],"wp:term":[{"taxonomy":"product_brand","embeddable":true,"href":"https:\/\/esnaturalbarcelona.com\/en\/wp-json\/wp\/v2\/product_brand?post=2848"},{"taxonomy":"product_cat","embeddable":true,"href":"https:\/\/esnaturalbarcelona.com\/en\/wp-json\/wp\/v2\/product_cat?post=2848"},{"taxonomy":"product_tag","embeddable":true,"href":"https:\/\/esnaturalbarcelona.com\/en\/wp-json\/wp\/v2\/product_tag?post=2848"}],"curies":[{"name":"wp","href":"https:\/\/api.w.org\/{rel}","templated":true}]}}