{"id":2857,"date":"2025-03-20T05:21:51","date_gmt":"2025-03-20T05:21:51","guid":{"rendered":"http:\/\/es-natural.local\/product\/bebida-de-leche-de-coco-y-agua-de-coco-bio-isola-1l-2\/"},"modified":"2026-03-03T04:48:31","modified_gmt":"2026-03-03T04:48:31","slug":"bebida-de-leche-de-coco-y-agua-de-coco-bio-isola-1l-2","status":"publish","type":"product","link":"https:\/\/esnaturalbarcelona.com\/en\/product\/bebida-de-leche-de-coco-y-agua-de-coco-bio-isola-1l-2\/","title":{"rendered":"Organic Coconut Milk and Coconut Water Drink Isola 1L"},"content":{"rendered":"<p>Organic Coconut Milk and Coconut Water Drink Isola 1L<\/p>\n","protected":false},"excerpt":{"rendered":"<p>La bebida de leche de coco y agua de coco Isola Bio es una bebida que\u00a0<strong>calma la sed\u00a0<\/strong>con un aroma intenso que te transporta a un lugar ex\u00f3tico. Adem\u00e1s, es una alternativa a las bebidas l\u00e1cteas elaboradas con leche de vaca o de cualquier otro animal.<\/p>\n<p><strong>Bebida de coco propiedades:<\/strong><\/p>\n<p>La Bebida de Leche de Coco y Agua de Coco es un\u00a0<strong>producto org\u00e1nico apto para todos<\/strong>, cel\u00edacos, intolerantes a la lactosa, veganos, vegetarianos, aquellos que desean un producto con pocos az\u00facares y grasas, elaborado solo con ingredientes naturales.<\/p>\n<p>La Bebida de Leche de Coco y Agua de Coco\u00a0<strong>ayuda a rehidratar el cuerpo<\/strong>. Adem\u00e1s, es ieal durante el estudio, antes y despu\u00e9s del deporte o simplemente para disfrutar.<\/p>\n","protected":false},"featured_media":2859,"comment_status":"open","ping_status":"closed","template":"","meta":[],"product_brand":[],"product_cat":[150,147],"product_tag":[],"class_list":{"0":"post-2857","1":"product","2":"type-product","3":"status-publish","4":"has-post-thumbnail","6":"product_cat-lacteos-y-alternativas","7":"product_cat-leche","8":"product_shipping_class-custom-delivery-radius","10":"first","11":"instock","12":"purchasable","13":"product-type-simple"},"_links":{"self":[{"href":"https:\/\/esnaturalbarcelona.com\/en\/wp-json\/wp\/v2\/product\/2857","targetHints":{"allow":["GET"]}}],"collection":[{"href":"https:\/\/esnaturalbarcelona.com\/en\/wp-json\/wp\/v2\/product"}],"about":[{"href":"https:\/\/esnaturalbarcelona.com\/en\/wp-json\/wp\/v2\/types\/product"}],"replies":[{"embeddable":true,"href":"https:\/\/esnaturalbarcelona.com\/en\/wp-json\/wp\/v2\/comments?post=2857"}],"version-history":[{"count":2,"href":"https:\/\/esnaturalbarcelona.com\/en\/wp-json\/wp\/v2\/product\/2857\/revisions"}],"predecessor-version":[{"id":8679,"href":"https:\/\/esnaturalbarcelona.com\/en\/wp-json\/wp\/v2\/product\/2857\/revisions\/8679"}],"wp:featuredmedia":[{"embeddable":true,"href":"https:\/\/esnaturalbarcelona.com\/en\/wp-json\/wp\/v2\/media\/2859"}],"wp:attachment":[{"href":"https:\/\/esnaturalbarcelona.com\/en\/wp-json\/wp\/v2\/media?parent=2857"}],"wp:term":[{"taxonomy":"product_brand","embeddable":true,"href":"https:\/\/esnaturalbarcelona.com\/en\/wp-json\/wp\/v2\/product_brand?post=2857"},{"taxonomy":"product_cat","embeddable":true,"href":"https:\/\/esnaturalbarcelona.com\/en\/wp-json\/wp\/v2\/product_cat?post=2857"},{"taxonomy":"product_tag","embeddable":true,"href":"https:\/\/esnaturalbarcelona.com\/en\/wp-json\/wp\/v2\/product_tag?post=2857"}],"curies":[{"name":"wp","href":"https:\/\/api.w.org\/{rel}","templated":true}]}}