{"id":2923,"date":"2025-03-20T05:22:33","date_gmt":"2025-03-20T05:22:33","guid":{"rendered":"http:\/\/es-natural.local\/product\/refresco-naranja-y-limon-eco-whole-earth-330ml\/"},"modified":"2026-02-22T05:26:56","modified_gmt":"2026-02-22T05:26:56","slug":"refresco-naranja-y-limon-eco-whole-earth-330ml","status":"publish","type":"product","link":"https:\/\/esnaturalbarcelona.com\/en\/product\/refresco-naranja-y-limon-eco-whole-earth-330ml\/","title":{"rendered":"Organic Orange and Lemon Soda Whole Earth 330ML"},"content":{"rendered":"<p>Organic Orange and Lemon Soda Whole Earth 330ML<\/p>\n","protected":false},"excerpt":{"rendered":"<p>Refresco de Naranja y Lim\u00f3n de Whole Earth es un producto de cultivo ecol\u00f3gico ideal para refrescarte en cualquier momento del d\u00eda.<\/p>\n<ul class=\"claims\">\n<li>Elaborado con ingredientes naturales.<\/li>\n<li>Sin aromas ni colorantes artificiales.<\/li>\n<li>Apto para vegetarianos y veganos.<\/li>\n<\/ul>\n","protected":false},"featured_media":2925,"comment_status":"open","ping_status":"closed","template":"","meta":[],"product_brand":[],"product_cat":[96,122],"product_tag":[],"class_list":{"0":"post-2923","1":"product","2":"type-product","3":"status-publish","4":"has-post-thumbnail","6":"product_cat-bebidas","7":"product_cat-jugo-fresco","8":"product_shipping_class-custom-delivery-radius","10":"first","11":"instock","12":"purchasable","13":"product-type-simple"},"_links":{"self":[{"href":"https:\/\/esnaturalbarcelona.com\/en\/wp-json\/wp\/v2\/product\/2923","targetHints":{"allow":["GET"]}}],"collection":[{"href":"https:\/\/esnaturalbarcelona.com\/en\/wp-json\/wp\/v2\/product"}],"about":[{"href":"https:\/\/esnaturalbarcelona.com\/en\/wp-json\/wp\/v2\/types\/product"}],"replies":[{"embeddable":true,"href":"https:\/\/esnaturalbarcelona.com\/en\/wp-json\/wp\/v2\/comments?post=2923"}],"version-history":[{"count":2,"href":"https:\/\/esnaturalbarcelona.com\/en\/wp-json\/wp\/v2\/product\/2923\/revisions"}],"predecessor-version":[{"id":8653,"href":"https:\/\/esnaturalbarcelona.com\/en\/wp-json\/wp\/v2\/product\/2923\/revisions\/8653"}],"wp:featuredmedia":[{"embeddable":true,"href":"https:\/\/esnaturalbarcelona.com\/en\/wp-json\/wp\/v2\/media\/2925"}],"wp:attachment":[{"href":"https:\/\/esnaturalbarcelona.com\/en\/wp-json\/wp\/v2\/media?parent=2923"}],"wp:term":[{"taxonomy":"product_brand","embeddable":true,"href":"https:\/\/esnaturalbarcelona.com\/en\/wp-json\/wp\/v2\/product_brand?post=2923"},{"taxonomy":"product_cat","embeddable":true,"href":"https:\/\/esnaturalbarcelona.com\/en\/wp-json\/wp\/v2\/product_cat?post=2923"},{"taxonomy":"product_tag","embeddable":true,"href":"https:\/\/esnaturalbarcelona.com\/en\/wp-json\/wp\/v2\/product_tag?post=2923"}],"curies":[{"name":"wp","href":"https:\/\/api.w.org\/{rel}","templated":true}]}}