{"id":2947,"date":"2025-03-20T05:22:33","date_gmt":"2025-03-20T05:22:33","guid":{"rendered":"http:\/\/es-natural.local\/product\/miel-de-lavanda-ca-la-nuria-1k\/"},"modified":"2026-02-22T05:27:10","modified_gmt":"2026-02-22T05:27:10","slug":"miel-de-lavanda-ca-la-nuria-1k","status":"publish","type":"product","link":"https:\/\/esnaturalbarcelona.com\/en\/product\/miel-de-lavanda-ca-la-nuria-1k\/","title":{"rendered":"Lavender Honey Ca La N\u00faria 1K"},"content":{"rendered":"<p>Lavender Honey Ca La N\u00faria 1K<\/p>\n","protected":false},"excerpt":{"rendered":"<p>Nuestra miel proviene directamente de Setcases, en el coraz\u00f3n del Valle de Camprodon. Es natural, sin az\u00facares a\u00f1adidos ni conservantes. Es completamente Artesanal.<\/p>\n","protected":false},"featured_media":2946,"comment_status":"open","ping_status":"closed","template":"","meta":[],"product_brand":[],"product_cat":[139,158],"product_tag":[],"class_list":{"0":"post-2947","1":"product","2":"type-product","3":"status-publish","4":"has-post-thumbnail","6":"product_cat-miel","7":"product_cat-untables-y-edulcorantes","8":"product_shipping_class-custom-delivery-radius","10":"first","11":"instock","12":"purchasable","13":"product-type-simple"},"_links":{"self":[{"href":"https:\/\/esnaturalbarcelona.com\/en\/wp-json\/wp\/v2\/product\/2947","targetHints":{"allow":["GET"]}}],"collection":[{"href":"https:\/\/esnaturalbarcelona.com\/en\/wp-json\/wp\/v2\/product"}],"about":[{"href":"https:\/\/esnaturalbarcelona.com\/en\/wp-json\/wp\/v2\/types\/product"}],"replies":[{"embeddable":true,"href":"https:\/\/esnaturalbarcelona.com\/en\/wp-json\/wp\/v2\/comments?post=2947"}],"version-history":[{"count":3,"href":"https:\/\/esnaturalbarcelona.com\/en\/wp-json\/wp\/v2\/product\/2947\/revisions"}],"predecessor-version":[{"id":8667,"href":"https:\/\/esnaturalbarcelona.com\/en\/wp-json\/wp\/v2\/product\/2947\/revisions\/8667"}],"wp:featuredmedia":[{"embeddable":true,"href":"https:\/\/esnaturalbarcelona.com\/en\/wp-json\/wp\/v2\/media\/2946"}],"wp:attachment":[{"href":"https:\/\/esnaturalbarcelona.com\/en\/wp-json\/wp\/v2\/media?parent=2947"}],"wp:term":[{"taxonomy":"product_brand","embeddable":true,"href":"https:\/\/esnaturalbarcelona.com\/en\/wp-json\/wp\/v2\/product_brand?post=2947"},{"taxonomy":"product_cat","embeddable":true,"href":"https:\/\/esnaturalbarcelona.com\/en\/wp-json\/wp\/v2\/product_cat?post=2947"},{"taxonomy":"product_tag","embeddable":true,"href":"https:\/\/esnaturalbarcelona.com\/en\/wp-json\/wp\/v2\/product_tag?post=2947"}],"curies":[{"name":"wp","href":"https:\/\/api.w.org\/{rel}","templated":true}]}}