{"id":2960,"date":"2025-03-20T05:23:14","date_gmt":"2025-03-20T05:23:14","guid":{"rendered":"http:\/\/es-natural.local\/product\/miel-de-castano-ca-la-nuria-1k\/"},"modified":"2026-02-22T05:17:37","modified_gmt":"2026-02-22T05:17:37","slug":"miel-de-castano-ca-la-nuria-1k","status":"publish","type":"product","link":"https:\/\/esnaturalbarcelona.com\/en\/product\/miel-de-castano-ca-la-nuria-1k\/","title":{"rendered":"Chestnut Honey Ca La N\u00faria 1K"},"content":{"rendered":"<div id=\"98f7050e5d4324ae\" class=\"conversation-container message-actions-hover-boundary ng-star-inserted\">\n<div>\n<div class=\"response-container ng-tns-c4243487128-401 response-container-with-gpi is-mobile ng-star-inserted response-container-has-multiple-responses\">\n<div class=\"presented-response-container ng-tns-c4243487128-401\">\n<div class=\"response-container-content ng-tns-c4243487128-401 is-mobile\">\n<div class=\"response-content ng-tns-c4243487128-401\">\n<div id=\"model-response-message-contentr_98f7050e5d4324ae\" class=\"markdown markdown-main-panel stronger enable-updated-hr-color\" dir=\"ltr\">\n<p data-sourcepos=\"1:1-1:29\">Chestnut Honey Ca La N\u00faria 1K<\/p>\n<\/div>\n<div class=\"response-footer is-mobile gap complete\"><\/div>\n<\/div>\n<\/div>\n<\/div>\n<div class=\"response-container-footer ng-tns-c4243487128-401\">\n<div class=\"actions-container-v2 ng-tns-c143769653-403 mobile\">\n<div class=\"spacer ng-tns-c143769653-403 ng-star-inserted\"><\/div>\n<\/div>\n<\/div>\n<\/div>\n<div id=\"feedback-form-77\" class=\"feedback-form-turn-index\"><\/div>\n<\/div>\n<div class=\"restart-chat-button-scroll-placeholder ng-star-inserted\"><\/div>\n<\/div>\n","protected":false},"excerpt":{"rendered":"<p>Nuestra miel proviene directamente de Setcases, en el coraz\u00f3n del Valle de Camprodon. Es natural, sin az\u00facares a\u00f1adidos ni conservantes. Es completamente Artesanal.<\/p>\n","protected":false},"featured_media":2946,"comment_status":"open","ping_status":"closed","template":"","meta":[],"product_brand":[],"product_cat":[139,158],"product_tag":[],"class_list":{"0":"post-2960","1":"product","2":"type-product","3":"status-publish","4":"has-post-thumbnail","6":"product_cat-miel","7":"product_cat-untables-y-edulcorantes","8":"product_shipping_class-custom-delivery-radius","10":"first","11":"instock","12":"purchasable","13":"product-type-simple"},"_links":{"self":[{"href":"https:\/\/esnaturalbarcelona.com\/en\/wp-json\/wp\/v2\/product\/2960","targetHints":{"allow":["GET"]}}],"collection":[{"href":"https:\/\/esnaturalbarcelona.com\/en\/wp-json\/wp\/v2\/product"}],"about":[{"href":"https:\/\/esnaturalbarcelona.com\/en\/wp-json\/wp\/v2\/types\/product"}],"replies":[{"embeddable":true,"href":"https:\/\/esnaturalbarcelona.com\/en\/wp-json\/wp\/v2\/comments?post=2960"}],"version-history":[{"count":2,"href":"https:\/\/esnaturalbarcelona.com\/en\/wp-json\/wp\/v2\/product\/2960\/revisions"}],"predecessor-version":[{"id":8616,"href":"https:\/\/esnaturalbarcelona.com\/en\/wp-json\/wp\/v2\/product\/2960\/revisions\/8616"}],"wp:featuredmedia":[{"embeddable":true,"href":"https:\/\/esnaturalbarcelona.com\/en\/wp-json\/wp\/v2\/media\/2946"}],"wp:attachment":[{"href":"https:\/\/esnaturalbarcelona.com\/en\/wp-json\/wp\/v2\/media?parent=2960"}],"wp:term":[{"taxonomy":"product_brand","embeddable":true,"href":"https:\/\/esnaturalbarcelona.com\/en\/wp-json\/wp\/v2\/product_brand?post=2960"},{"taxonomy":"product_cat","embeddable":true,"href":"https:\/\/esnaturalbarcelona.com\/en\/wp-json\/wp\/v2\/product_cat?post=2960"},{"taxonomy":"product_tag","embeddable":true,"href":"https:\/\/esnaturalbarcelona.com\/en\/wp-json\/wp\/v2\/product_tag?post=2960"}],"curies":[{"name":"wp","href":"https:\/\/api.w.org\/{rel}","templated":true}]}}