{"id":2986,"date":"2025-03-20T05:23:14","date_gmt":"2025-03-20T05:23:14","guid":{"rendered":"http:\/\/es-natural.local\/product\/jarabe-de-agave-bio-sol-natural-500ml\/"},"modified":"2026-02-22T05:17:57","modified_gmt":"2026-02-22T05:17:57","slug":"jarabe-de-agave-bio-sol-natural-500ml","status":"publish","type":"product","link":"https:\/\/esnaturalbarcelona.com\/en\/product\/jarabe-de-agave-bio-sol-natural-500ml\/","title":{"rendered":"Organic Agave Syrup Sol Natural 500ML"},"content":{"rendered":"<div id=\"896ae2ec59a6364b\" class=\"conversation-container message-actions-hover-boundary ng-star-inserted\">\n<div>\n<div class=\"response-container ng-tns-c4243487128-451 response-container-with-gpi is-mobile ng-star-inserted response-container-has-multiple-responses\">\n<div class=\"presented-response-container ng-tns-c4243487128-451\">\n<div class=\"response-container-content ng-tns-c4243487128-451 is-mobile\">\n<div class=\"response-content ng-tns-c4243487128-451\">\n<div id=\"model-response-message-contentr_896ae2ec59a6364b\" class=\"markdown markdown-main-panel stronger enable-updated-hr-color\" dir=\"ltr\">\n<p data-sourcepos=\"1:1-1:37\">Organic Agave Syrup Sol Natural 500ML<\/p>\n<\/div>\n<div class=\"response-footer is-mobile gap complete\"><\/div>\n<\/div>\n<\/div>\n<\/div>\n<div class=\"response-container-footer ng-tns-c4243487128-451\">\n<div class=\"actions-container-v2 ng-tns-c143769653-453 mobile\">\n<div class=\"spacer ng-tns-c143769653-453 ng-star-inserted\"><\/div>\n<\/div>\n<\/div>\n<\/div>\n<div id=\"feedback-form-87\" class=\"feedback-form-turn-index\"><\/div>\n<\/div>\n<div class=\"restart-chat-button-scroll-placeholder ng-star-inserted\"><\/div>\n<\/div>\n","protected":false},"excerpt":{"rendered":"<p>Jarabe de Agave Bio de Sol Natural es un sustituto del az\u00facar, de bajo \u00edndice glic\u00e9mico, alto en fibra y vitaminas. Es de agricultura ecol\u00f3gica certificada desde los hermosos plant\u00edos del Agave Tequilana Weber en Jalisco Mexico<\/p>\n<p>Tiene un sabor neutro, pr\u00e1cticamente el doble de dulce que el az\u00facar y ayuda a realzar el aroma y el sabor de los alimentos.<\/p>\n","protected":false},"featured_media":2988,"comment_status":"open","ping_status":"closed","template":"","meta":[],"product_brand":[],"product_cat":[158,138],"product_tag":[],"class_list":{"0":"post-2986","1":"product","2":"type-product","3":"status-publish","4":"has-post-thumbnail","6":"product_cat-untables-y-edulcorantes","7":"product_cat-jarabes","8":"product_shipping_class-custom-delivery-radius","10":"first","11":"instock","12":"purchasable","13":"product-type-simple"},"_links":{"self":[{"href":"https:\/\/esnaturalbarcelona.com\/en\/wp-json\/wp\/v2\/product\/2986","targetHints":{"allow":["GET"]}}],"collection":[{"href":"https:\/\/esnaturalbarcelona.com\/en\/wp-json\/wp\/v2\/product"}],"about":[{"href":"https:\/\/esnaturalbarcelona.com\/en\/wp-json\/wp\/v2\/types\/product"}],"replies":[{"embeddable":true,"href":"https:\/\/esnaturalbarcelona.com\/en\/wp-json\/wp\/v2\/comments?post=2986"}],"version-history":[{"count":2,"href":"https:\/\/esnaturalbarcelona.com\/en\/wp-json\/wp\/v2\/product\/2986\/revisions"}],"predecessor-version":[{"id":8630,"href":"https:\/\/esnaturalbarcelona.com\/en\/wp-json\/wp\/v2\/product\/2986\/revisions\/8630"}],"wp:featuredmedia":[{"embeddable":true,"href":"https:\/\/esnaturalbarcelona.com\/en\/wp-json\/wp\/v2\/media\/2988"}],"wp:attachment":[{"href":"https:\/\/esnaturalbarcelona.com\/en\/wp-json\/wp\/v2\/media?parent=2986"}],"wp:term":[{"taxonomy":"product_brand","embeddable":true,"href":"https:\/\/esnaturalbarcelona.com\/en\/wp-json\/wp\/v2\/product_brand?post=2986"},{"taxonomy":"product_cat","embeddable":true,"href":"https:\/\/esnaturalbarcelona.com\/en\/wp-json\/wp\/v2\/product_cat?post=2986"},{"taxonomy":"product_tag","embeddable":true,"href":"https:\/\/esnaturalbarcelona.com\/en\/wp-json\/wp\/v2\/product_tag?post=2986"}],"curies":[{"name":"wp","href":"https:\/\/api.w.org\/{rel}","templated":true}]}}