{"id":2992,"date":"2025-03-20T05:23:14","date_gmt":"2025-03-20T05:23:14","guid":{"rendered":"http:\/\/es-natural.local\/product\/jarabe-de-agave-raw-crudo-bio-sol-natural-500ml\/"},"modified":"2026-02-22T05:26:42","modified_gmt":"2026-02-22T05:26:42","slug":"jarabe-de-agave-raw-crudo-bio-sol-natural-500ml","status":"publish","type":"product","link":"https:\/\/esnaturalbarcelona.com\/en\/product\/jarabe-de-agave-raw-crudo-bio-sol-natural-500ml\/","title":{"rendered":"Organic Raw Agave Syrup Sol Natural 500ML"},"content":{"rendered":"<p>Organic Raw Agave Syrup Sol Natural 500ML<\/p>\n","protected":false},"excerpt":{"rendered":"<p>Jarabe de Agave Raw (crudo), Bio de Sol Natural es un sustituto del az\u00facar, de bajo \u00edndice glic\u00e9mico, alto en fibra y vitaminas. Es de agricultura ecol\u00f3gica certificada desde los hermosos plant\u00edos del Agave Tequilana Weber en Jalisco Mexico.<\/p>\n<p>Esta versi\u00f3n es con menos procesos de filtrado, lo que lo hace un jarabe de agave concentrado, m\u00e1s alto en fibra y minerales que el jarabe de agave tradicional. Su sabor es m\u00e1s intenso.<\/p>\n<p>&nbsp;<\/p>\n","protected":false},"featured_media":2994,"comment_status":"open","ping_status":"closed","template":"","meta":[],"product_brand":[],"product_cat":[158,138],"product_tag":[],"class_list":{"0":"post-2992","1":"product","2":"type-product","3":"status-publish","4":"has-post-thumbnail","6":"product_cat-untables-y-edulcorantes","7":"product_cat-jarabes","8":"product_shipping_class-custom-delivery-radius","10":"first","11":"instock","12":"purchasable","13":"product-type-simple"},"_links":{"self":[{"href":"https:\/\/esnaturalbarcelona.com\/en\/wp-json\/wp\/v2\/product\/2992","targetHints":{"allow":["GET"]}}],"collection":[{"href":"https:\/\/esnaturalbarcelona.com\/en\/wp-json\/wp\/v2\/product"}],"about":[{"href":"https:\/\/esnaturalbarcelona.com\/en\/wp-json\/wp\/v2\/types\/product"}],"replies":[{"embeddable":true,"href":"https:\/\/esnaturalbarcelona.com\/en\/wp-json\/wp\/v2\/comments?post=2992"}],"version-history":[{"count":3,"href":"https:\/\/esnaturalbarcelona.com\/en\/wp-json\/wp\/v2\/product\/2992\/revisions"}],"predecessor-version":[{"id":8634,"href":"https:\/\/esnaturalbarcelona.com\/en\/wp-json\/wp\/v2\/product\/2992\/revisions\/8634"}],"wp:featuredmedia":[{"embeddable":true,"href":"https:\/\/esnaturalbarcelona.com\/en\/wp-json\/wp\/v2\/media\/2994"}],"wp:attachment":[{"href":"https:\/\/esnaturalbarcelona.com\/en\/wp-json\/wp\/v2\/media?parent=2992"}],"wp:term":[{"taxonomy":"product_brand","embeddable":true,"href":"https:\/\/esnaturalbarcelona.com\/en\/wp-json\/wp\/v2\/product_brand?post=2992"},{"taxonomy":"product_cat","embeddable":true,"href":"https:\/\/esnaturalbarcelona.com\/en\/wp-json\/wp\/v2\/product_cat?post=2992"},{"taxonomy":"product_tag","embeddable":true,"href":"https:\/\/esnaturalbarcelona.com\/en\/wp-json\/wp\/v2\/product_tag?post=2992"}],"curies":[{"name":"wp","href":"https:\/\/api.w.org\/{rel}","templated":true}]}}