{"id":3022,"date":"2025-03-20T05:23:57","date_gmt":"2025-03-20T05:23:57","guid":{"rendered":"http:\/\/es-natural.local\/product\/mantequilla-de-cacahuate-crujiente-bio-whole-earth-227g\/"},"modified":"2026-02-22T05:16:50","modified_gmt":"2026-02-22T05:16:50","slug":"mantequilla-de-cacahuate-crujiente-bio-whole-earth-227g","status":"publish","type":"product","link":"https:\/\/esnaturalbarcelona.com\/en\/product\/mantequilla-de-cacahuate-crujiente-bio-whole-earth-227g\/","title":{"rendered":"Organic Crunchy Peanut Butter Whole Earth 227G"},"content":{"rendered":"<div id=\"128cc7b581deadf1\" class=\"conversation-container message-actions-hover-boundary ng-star-inserted\">\n<div>\n<div class=\"response-container ng-tns-c4243487128-311 response-container-with-gpi is-mobile ng-star-inserted response-container-has-multiple-responses\">\n<div class=\"presented-response-container ng-tns-c4243487128-311\">\n<div class=\"response-container-content ng-tns-c4243487128-311 is-mobile\">\n<div class=\"response-content ng-tns-c4243487128-311\">\n<div id=\"model-response-message-contentr_128cc7b581deadf1\" class=\"markdown markdown-main-panel stronger enable-updated-hr-color\" dir=\"ltr\">\n<p data-sourcepos=\"1:1-1:46\">Organic Crunchy Peanut Butter Whole Earth 227G<\/p>\n<\/div>\n<div class=\"response-footer is-mobile gap complete\"><\/div>\n<\/div>\n<\/div>\n<\/div>\n<div class=\"response-container-footer ng-tns-c4243487128-311\">\n<div class=\"actions-container-v2 ng-tns-c143769653-313 mobile\">\n<div class=\"spacer ng-tns-c143769653-313 ng-star-inserted\"><\/div>\n<\/div>\n<\/div>\n<\/div>\n<div id=\"feedback-form-59\" class=\"feedback-form-turn-index\"><\/div>\n<\/div>\n<div class=\"restart-chat-button-scroll-placeholder ng-star-inserted\"><\/div>\n<\/div>\n","protected":false},"excerpt":{"rendered":"<p>La mantequilla de cacahuete crujiente contiene la piel de los cacahuates, eso es lo que le da ese sabor tan caracter\u00edstico a nuez. Tanto si la unta en una tostada como si la hornea en brownies, es un cl\u00e1sico de la casa.<\/p>\n<p>S\u00f3lo contiene cacahuetes ecol\u00f3gicos, mezclados en trozos grandes, y absolutamente nada m\u00e1s.<\/p>\n<ul>\n<li>Sin az\u00facares a\u00f1adidos<\/li>\n<li>Fuente natural de prote\u00edna de origen vegetal.<\/li>\n<li>Alta fuente de fibra.<\/li>\n<li>Apto para vegetarianos y veganos<\/li>\n<\/ul>\n","protected":false},"featured_media":3024,"comment_status":"open","ping_status":"closed","template":"","meta":[],"product_brand":[],"product_cat":[131,158],"product_tag":[],"class_list":{"0":"post-3022","1":"product","2":"type-product","3":"status-publish","4":"has-post-thumbnail","6":"product_cat-manteca-de-cacahuete","7":"product_cat-untables-y-edulcorantes","8":"product_shipping_class-custom-delivery-radius","10":"first","11":"instock","12":"purchasable","13":"product-type-simple"},"_links":{"self":[{"href":"https:\/\/esnaturalbarcelona.com\/en\/wp-json\/wp\/v2\/product\/3022","targetHints":{"allow":["GET"]}}],"collection":[{"href":"https:\/\/esnaturalbarcelona.com\/en\/wp-json\/wp\/v2\/product"}],"about":[{"href":"https:\/\/esnaturalbarcelona.com\/en\/wp-json\/wp\/v2\/types\/product"}],"replies":[{"embeddable":true,"href":"https:\/\/esnaturalbarcelona.com\/en\/wp-json\/wp\/v2\/comments?post=3022"}],"version-history":[{"count":2,"href":"https:\/\/esnaturalbarcelona.com\/en\/wp-json\/wp\/v2\/product\/3022\/revisions"}],"predecessor-version":[{"id":8594,"href":"https:\/\/esnaturalbarcelona.com\/en\/wp-json\/wp\/v2\/product\/3022\/revisions\/8594"}],"wp:featuredmedia":[{"embeddable":true,"href":"https:\/\/esnaturalbarcelona.com\/en\/wp-json\/wp\/v2\/media\/3024"}],"wp:attachment":[{"href":"https:\/\/esnaturalbarcelona.com\/en\/wp-json\/wp\/v2\/media?parent=3022"}],"wp:term":[{"taxonomy":"product_brand","embeddable":true,"href":"https:\/\/esnaturalbarcelona.com\/en\/wp-json\/wp\/v2\/product_brand?post=3022"},{"taxonomy":"product_cat","embeddable":true,"href":"https:\/\/esnaturalbarcelona.com\/en\/wp-json\/wp\/v2\/product_cat?post=3022"},{"taxonomy":"product_tag","embeddable":true,"href":"https:\/\/esnaturalbarcelona.com\/en\/wp-json\/wp\/v2\/product_tag?post=3022"}],"curies":[{"name":"wp","href":"https:\/\/api.w.org\/{rel}","templated":true}]}}