{"id":3043,"date":"2025-03-20T05:23:57","date_gmt":"2025-03-20T05:23:57","guid":{"rendered":"http:\/\/es-natural.local\/product\/tahin-mantequilla-de-sesamo-bio-oleander-210g\/"},"modified":"2026-03-03T06:43:46","modified_gmt":"2026-03-03T06:43:46","slug":"tahin-mantequilla-de-sesamo-bio-oleander-210g","status":"publish","type":"product","link":"https:\/\/esnaturalbarcelona.com\/en\/product\/tahin-mantequilla-de-sesamo-bio-oleander-210g\/","title":{"rendered":"Organic Tahini (Sesame Butter) Oleander 210G"},"content":{"rendered":"<div id=\"359004332de5ba94\" class=\"conversation-container message-actions-hover-boundary ng-star-inserted\">\n<div>\n<div class=\"response-container ng-tns-c4243487128-346 response-container-with-gpi is-mobile ng-star-inserted response-container-has-multiple-responses\">\n<div class=\"presented-response-container ng-tns-c4243487128-346\">\n<div class=\"response-container-content ng-tns-c4243487128-346 is-mobile\">\n<div class=\"response-content ng-tns-c4243487128-346\">\n<div id=\"model-response-message-contentr_359004332de5ba94\" class=\"markdown markdown-main-panel stronger enable-updated-hr-color\" dir=\"ltr\">\n<p data-sourcepos=\"1:1-1:44\">Organic Tahini (Sesame Butter) Oleander 210G<\/p>\n<\/div>\n<div class=\"response-footer is-mobile gap complete\"><\/div>\n<\/div>\n<\/div>\n<\/div>\n<div class=\"response-container-footer ng-tns-c4243487128-346\">\n<div class=\"actions-container-v2 ng-tns-c143769653-348 mobile\">\n<div class=\"spacer ng-tns-c143769653-348 ng-star-inserted\"><\/div>\n<\/div>\n<\/div>\n<\/div>\n<div id=\"feedback-form-66\" class=\"feedback-form-turn-index\"><\/div>\n<\/div>\n<div class=\"restart-chat-button-scroll-placeholder ng-star-inserted\"><\/div>\n<\/div>\n","protected":false},"excerpt":{"rendered":"<p>El tah\u00edn de sabor intenso, se la conoce como mantequilla de s\u00e9samo. Alto valor energ\u00e9tico y buena fuente de proteinas y fibra. Posee magnesio, calcio, hierro, f\u00f3sforo, zinc, sodio y vitamina B1 (tiamina).<\/p>\n<p>Se recomienda tomar directamente sobre tostadas, como aderezo o base de salsas y se puede utilizar tambi\u00e9n para preparaciones dulces.<\/p>\n","protected":false},"featured_media":3045,"comment_status":"open","ping_status":"closed","template":"","meta":[],"product_brand":[],"product_cat":[149,130],"product_tag":[],"class_list":{"0":"post-3043","1":"product","2":"type-product","3":"status-publish","4":"has-post-thumbnail","6":"product_cat-despensa","7":"product_cat-tahin","8":"product_shipping_class-custom-delivery-radius","10":"first","11":"outofstock","12":"purchasable","13":"product-type-simple"},"_links":{"self":[{"href":"https:\/\/esnaturalbarcelona.com\/en\/wp-json\/wp\/v2\/product\/3043","targetHints":{"allow":["GET"]}}],"collection":[{"href":"https:\/\/esnaturalbarcelona.com\/en\/wp-json\/wp\/v2\/product"}],"about":[{"href":"https:\/\/esnaturalbarcelona.com\/en\/wp-json\/wp\/v2\/types\/product"}],"replies":[{"embeddable":true,"href":"https:\/\/esnaturalbarcelona.com\/en\/wp-json\/wp\/v2\/comments?post=3043"}],"version-history":[{"count":2,"href":"https:\/\/esnaturalbarcelona.com\/en\/wp-json\/wp\/v2\/product\/3043\/revisions"}],"predecessor-version":[{"id":8602,"href":"https:\/\/esnaturalbarcelona.com\/en\/wp-json\/wp\/v2\/product\/3043\/revisions\/8602"}],"wp:featuredmedia":[{"embeddable":true,"href":"https:\/\/esnaturalbarcelona.com\/en\/wp-json\/wp\/v2\/media\/3045"}],"wp:attachment":[{"href":"https:\/\/esnaturalbarcelona.com\/en\/wp-json\/wp\/v2\/media?parent=3043"}],"wp:term":[{"taxonomy":"product_brand","embeddable":true,"href":"https:\/\/esnaturalbarcelona.com\/en\/wp-json\/wp\/v2\/product_brand?post=3043"},{"taxonomy":"product_cat","embeddable":true,"href":"https:\/\/esnaturalbarcelona.com\/en\/wp-json\/wp\/v2\/product_cat?post=3043"},{"taxonomy":"product_tag","embeddable":true,"href":"https:\/\/esnaturalbarcelona.com\/en\/wp-json\/wp\/v2\/product_tag?post=3043"}],"curies":[{"name":"wp","href":"https:\/\/api.w.org\/{rel}","templated":true}]}}