{"id":3061,"date":"2025-03-20T05:23:57","date_gmt":"2025-03-20T05:23:57","guid":{"rendered":"http:\/\/es-natural.local\/product\/caldo-de-pollo-ecologico-aneto-1l\/"},"modified":"2026-02-22T05:17:28","modified_gmt":"2026-02-22T05:17:28","slug":"caldo-de-pollo-ecologico-aneto-1l","status":"publish","type":"product","link":"https:\/\/esnaturalbarcelona.com\/en\/product\/caldo-de-pollo-ecologico-aneto-1l\/","title":{"rendered":"Organic Chicken Broth Aneto 1L"},"content":{"rendered":"<div id=\"6f2ca3b4c188a96d\" class=\"conversation-container message-actions-hover-boundary ng-star-inserted\">\n<div>\n<div class=\"response-container ng-tns-c4243487128-376 response-container-with-gpi is-mobile ng-star-inserted response-container-has-multiple-responses\">\n<div class=\"presented-response-container ng-tns-c4243487128-376\">\n<div class=\"response-container-content ng-tns-c4243487128-376 is-mobile\">\n<div class=\"response-content ng-tns-c4243487128-376\">\n<div id=\"model-response-message-contentr_6f2ca3b4c188a96d\" class=\"markdown markdown-main-panel stronger enable-updated-hr-color\" dir=\"ltr\">\n<p data-sourcepos=\"1:1-1:30\">Organic Chicken Broth Aneto 1L<\/p>\n<\/div>\n<div class=\"response-footer is-mobile gap complete\"><\/div>\n<\/div>\n<\/div>\n<\/div>\n<div class=\"response-container-footer ng-tns-c4243487128-376\">\n<div class=\"actions-container-v2 ng-tns-c143769653-378 mobile\">\n<div class=\"spacer ng-tns-c143769653-378 ng-star-inserted\"><\/div>\n<\/div>\n<\/div>\n<\/div>\n<div id=\"feedback-form-72\" class=\"feedback-form-turn-index\"><\/div>\n<\/div>\n<div class=\"restart-chat-button-scroll-placeholder ng-star-inserted\"><\/div>\n<\/div>\n","protected":false},"excerpt":{"rendered":"<p>Caldos Aneto selecciona las verduras m\u00e1s frescas y el mejor pollo procedente de la ganader\u00eda ecol\u00f3gica, lavan todos los ingredientes cuidadosamente y los sumergen en agua fr\u00eda, despu\u00e9s lo cocinan todo a fuego lento durante m\u00e1s de 3 horas. Porque s\u00f3lo hay una forma de hacer caldo NATURAL, como lo haces en casa, como lo hacen en Aneto.<\/p>\n","protected":false},"featured_media":3063,"comment_status":"open","ping_status":"closed","template":"","meta":[],"product_brand":[],"product_cat":[125,88],"product_tag":[],"class_list":{"0":"post-3061","1":"product","2":"type-product","3":"status-publish","4":"has-post-thumbnail","6":"product_cat-caldos","7":"product_cat-conservas","8":"product_shipping_class-custom-delivery-radius","10":"first","11":"instock","12":"purchasable","13":"product-type-simple"},"_links":{"self":[{"href":"https:\/\/esnaturalbarcelona.com\/en\/wp-json\/wp\/v2\/product\/3061","targetHints":{"allow":["GET"]}}],"collection":[{"href":"https:\/\/esnaturalbarcelona.com\/en\/wp-json\/wp\/v2\/product"}],"about":[{"href":"https:\/\/esnaturalbarcelona.com\/en\/wp-json\/wp\/v2\/types\/product"}],"replies":[{"embeddable":true,"href":"https:\/\/esnaturalbarcelona.com\/en\/wp-json\/wp\/v2\/comments?post=3061"}],"version-history":[{"count":3,"href":"https:\/\/esnaturalbarcelona.com\/en\/wp-json\/wp\/v2\/product\/3061\/revisions"}],"predecessor-version":[{"id":8611,"href":"https:\/\/esnaturalbarcelona.com\/en\/wp-json\/wp\/v2\/product\/3061\/revisions\/8611"}],"wp:featuredmedia":[{"embeddable":true,"href":"https:\/\/esnaturalbarcelona.com\/en\/wp-json\/wp\/v2\/media\/3063"}],"wp:attachment":[{"href":"https:\/\/esnaturalbarcelona.com\/en\/wp-json\/wp\/v2\/media?parent=3061"}],"wp:term":[{"taxonomy":"product_brand","embeddable":true,"href":"https:\/\/esnaturalbarcelona.com\/en\/wp-json\/wp\/v2\/product_brand?post=3061"},{"taxonomy":"product_cat","embeddable":true,"href":"https:\/\/esnaturalbarcelona.com\/en\/wp-json\/wp\/v2\/product_cat?post=3061"},{"taxonomy":"product_tag","embeddable":true,"href":"https:\/\/esnaturalbarcelona.com\/en\/wp-json\/wp\/v2\/product_tag?post=3061"}],"curies":[{"name":"wp","href":"https:\/\/api.w.org\/{rel}","templated":true}]}}