{"id":3100,"date":"2025-03-20T05:24:41","date_gmt":"2025-03-20T05:24:41","guid":{"rendered":"http:\/\/es-natural.local\/product\/mermelada-de-fresa-ecologica-destination-300g\/"},"modified":"2026-02-22T05:16:37","modified_gmt":"2026-02-22T05:16:37","slug":"mermelada-de-fresa-ecologica-destination-300g","status":"publish","type":"product","link":"https:\/\/esnaturalbarcelona.com\/en\/product\/mermelada-de-fresa-ecologica-destination-300g\/","title":{"rendered":"MERMELADA DE FRESA ECOL\u00d3GICA DESTINATION 300G"},"content":{"rendered":"<p>MERMELADA DE FRESA ECOL\u00d3GICA DESTINATION 300G<\/p>\n","protected":false},"excerpt":{"rendered":"<p>Mermelada de fresa ecol\u00f3gica 100% a base de futas, elaborada artesanalmente. Sin colorantes, conservantes, aromas ni az\u00facares a\u00f1adidos.<\/p>\n","protected":false},"featured_media":3102,"comment_status":"open","ping_status":"closed","template":"","meta":[],"product_brand":[],"product_cat":[135,158],"product_tag":[],"class_list":{"0":"post-3100","1":"product","2":"type-product","3":"status-publish","4":"has-post-thumbnail","6":"product_cat-mermeladas","7":"product_cat-untables-y-edulcorantes","8":"product_shipping_class-custom-delivery-radius","10":"first","11":"instock","12":"purchasable","13":"product-type-simple"},"_links":{"self":[{"href":"https:\/\/esnaturalbarcelona.com\/en\/wp-json\/wp\/v2\/product\/3100","targetHints":{"allow":["GET"]}}],"collection":[{"href":"https:\/\/esnaturalbarcelona.com\/en\/wp-json\/wp\/v2\/product"}],"about":[{"href":"https:\/\/esnaturalbarcelona.com\/en\/wp-json\/wp\/v2\/types\/product"}],"replies":[{"embeddable":true,"href":"https:\/\/esnaturalbarcelona.com\/en\/wp-json\/wp\/v2\/comments?post=3100"}],"version-history":[{"count":1,"href":"https:\/\/esnaturalbarcelona.com\/en\/wp-json\/wp\/v2\/product\/3100\/revisions"}],"predecessor-version":[{"id":3101,"href":"https:\/\/esnaturalbarcelona.com\/en\/wp-json\/wp\/v2\/product\/3100\/revisions\/3101"}],"wp:featuredmedia":[{"embeddable":true,"href":"https:\/\/esnaturalbarcelona.com\/en\/wp-json\/wp\/v2\/media\/3102"}],"wp:attachment":[{"href":"https:\/\/esnaturalbarcelona.com\/en\/wp-json\/wp\/v2\/media?parent=3100"}],"wp:term":[{"taxonomy":"product_brand","embeddable":true,"href":"https:\/\/esnaturalbarcelona.com\/en\/wp-json\/wp\/v2\/product_brand?post=3100"},{"taxonomy":"product_cat","embeddable":true,"href":"https:\/\/esnaturalbarcelona.com\/en\/wp-json\/wp\/v2\/product_cat?post=3100"},{"taxonomy":"product_tag","embeddable":true,"href":"https:\/\/esnaturalbarcelona.com\/en\/wp-json\/wp\/v2\/product_tag?post=3100"}],"curies":[{"name":"wp","href":"https:\/\/api.w.org\/{rel}","templated":true}]}}