{"id":3103,"date":"2025-03-20T05:24:41","date_gmt":"2025-03-20T05:24:41","guid":{"rendered":"http:\/\/es-natural.local\/product\/mermelada-de-albaricoque-ecologica-destination-300g\/"},"modified":"2026-02-22T05:16:39","modified_gmt":"2026-02-22T05:16:39","slug":"mermelada-de-albaricoque-ecologica-destination-300g","status":"publish","type":"product","link":"https:\/\/esnaturalbarcelona.com\/en\/product\/mermelada-de-albaricoque-ecologica-destination-300g\/","title":{"rendered":"Organic Apricot Jam Destination 300G"},"content":{"rendered":"<div id=\"bfea1e14154f40b9\" class=\"conversation-container message-actions-hover-boundary ng-star-inserted\">\n<div>\n<div class=\"response-container ng-tns-c4243487128-241 response-container-with-gpi is-mobile ng-star-inserted response-container-has-multiple-responses\">\n<div class=\"presented-response-container ng-tns-c4243487128-241\">\n<div class=\"response-container-content ng-tns-c4243487128-241 is-mobile\">\n<div class=\"response-content ng-tns-c4243487128-241\">\n<div id=\"model-response-message-contentr_bfea1e14154f40b9\" class=\"markdown markdown-main-panel stronger enable-updated-hr-color\" dir=\"ltr\">\n<p data-sourcepos=\"1:1-1:36\">Organic Apricot Jam Destination 300G<\/p>\n<\/div>\n<div class=\"response-footer is-mobile gap complete\"><\/div>\n<\/div>\n<\/div>\n<\/div>\n<div class=\"response-container-footer ng-tns-c4243487128-241\">\n<div class=\"actions-container-v2 ng-tns-c143769653-243 mobile\">\n<div class=\"spacer ng-tns-c143769653-243 ng-star-inserted\"><\/div>\n<\/div>\n<\/div>\n<\/div>\n<div id=\"feedback-form-45\" class=\"feedback-form-turn-index\"><\/div>\n<\/div>\n<div class=\"restart-chat-button-scroll-placeholder ng-star-inserted\"><\/div>\n<\/div>\n","protected":false},"excerpt":{"rendered":"<p>Encuentra todo el buen sabor de los albaricoques ecol\u00f3gicos, en esta mermelada sin az\u00facares a\u00f1adidos 100% fruta cocida en caldero. Para disfrutar por la ma\u00f1ana en el desayuno sobre una rebanada de pan, o como merienda para grandes y peque\u00f1os.<\/p>\n","protected":false},"featured_media":3105,"comment_status":"open","ping_status":"closed","template":"","meta":[],"product_brand":[],"product_cat":[135,158],"product_tag":[],"class_list":{"0":"post-3103","1":"product","2":"type-product","3":"status-publish","4":"has-post-thumbnail","6":"product_cat-mermeladas","7":"product_cat-untables-y-edulcorantes","8":"product_shipping_class-custom-delivery-radius","10":"first","11":"instock","12":"purchasable","13":"product-type-simple"},"_links":{"self":[{"href":"https:\/\/esnaturalbarcelona.com\/en\/wp-json\/wp\/v2\/product\/3103","targetHints":{"allow":["GET"]}}],"collection":[{"href":"https:\/\/esnaturalbarcelona.com\/en\/wp-json\/wp\/v2\/product"}],"about":[{"href":"https:\/\/esnaturalbarcelona.com\/en\/wp-json\/wp\/v2\/types\/product"}],"replies":[{"embeddable":true,"href":"https:\/\/esnaturalbarcelona.com\/en\/wp-json\/wp\/v2\/comments?post=3103"}],"version-history":[{"count":2,"href":"https:\/\/esnaturalbarcelona.com\/en\/wp-json\/wp\/v2\/product\/3103\/revisions"}],"predecessor-version":[{"id":8578,"href":"https:\/\/esnaturalbarcelona.com\/en\/wp-json\/wp\/v2\/product\/3103\/revisions\/8578"}],"wp:featuredmedia":[{"embeddable":true,"href":"https:\/\/esnaturalbarcelona.com\/en\/wp-json\/wp\/v2\/media\/3105"}],"wp:attachment":[{"href":"https:\/\/esnaturalbarcelona.com\/en\/wp-json\/wp\/v2\/media?parent=3103"}],"wp:term":[{"taxonomy":"product_brand","embeddable":true,"href":"https:\/\/esnaturalbarcelona.com\/en\/wp-json\/wp\/v2\/product_brand?post=3103"},{"taxonomy":"product_cat","embeddable":true,"href":"https:\/\/esnaturalbarcelona.com\/en\/wp-json\/wp\/v2\/product_cat?post=3103"},{"taxonomy":"product_tag","embeddable":true,"href":"https:\/\/esnaturalbarcelona.com\/en\/wp-json\/wp\/v2\/product_tag?post=3103"}],"curies":[{"name":"wp","href":"https:\/\/api.w.org\/{rel}","templated":true}]}}