{"id":3133,"date":"2025-03-20T05:25:32","date_gmt":"2025-03-20T05:25:32","guid":{"rendered":"http:\/\/es-natural.local\/product\/chips-de-vegetales-bio-sol-natural-80-gr\/"},"modified":"2026-02-22T05:15:36","modified_gmt":"2026-02-22T05:15:36","slug":"chips-de-vegetales-bio-sol-natural-80-gr","status":"publish","type":"product","link":"https:\/\/esnaturalbarcelona.com\/en\/product\/chips-de-vegetales-bio-sol-natural-80-gr\/","title":{"rendered":"Organic Vegetable Sticks Sol Natural 70 GR"},"content":{"rendered":"<div id=\"353a4fc14371e536\" class=\"conversation-container message-actions-hover-boundary ng-star-inserted\">\n<div>\n<div class=\"response-container ng-tns-c4243487128-96 response-container-with-gpi is-mobile ng-star-inserted response-container-has-multiple-responses\">\n<div class=\"presented-response-container ng-tns-c4243487128-96\">\n<div class=\"response-container-content ng-tns-c4243487128-96 is-mobile\">\n<div class=\"response-content ng-tns-c4243487128-96\">\n<div id=\"model-response-message-contentr_353a4fc14371e536\" class=\"markdown markdown-main-panel stronger enable-updated-hr-color\" dir=\"ltr\">\n<p data-sourcepos=\"1:1-1:42\">Organic Vegetable Sticks Sol Natural 70 GR<\/p>\n<\/div>\n<div class=\"response-footer is-mobile gap complete\"><\/div>\n<\/div>\n<\/div>\n<\/div>\n<div class=\"response-container-footer ng-tns-c4243487128-96\">\n<div class=\"actions-container-v2 ng-tns-c143769653-98 mobile\">\n<div class=\"spacer ng-tns-c143769653-98 ng-star-inserted\"><\/div>\n<\/div>\n<\/div>\n<\/div>\n<div id=\"feedback-form-16\" class=\"feedback-form-turn-index\"><\/div>\n<\/div>\n<div class=\"restart-chat-button-scroll-placeholder ng-star-inserted\"><\/div>\n<\/div>\n","protected":false},"excerpt":{"rendered":"<p>Palitos vegetales bio de Sol Natural ofrece calidad y nutrici\u00f3n con ingredientes cultivados de forma respetuosa y sin productos qu\u00edmicos.<\/p>\n<p class=\"product-rich-descriptive-content-title\"><strong>Ingredientes:<\/strong> Harina de Ma\u00edz*, Aceite de Girasol*, Harina de Patata*, F\u00e9cula de Patata*, Almid\u00f3n de Ma\u00edz*, Harina de Arroz*, Sal Marina, Az\u00facar de Ca\u00f1a*, Espinacas en Polvo*, Tomate en Polvo*, Remolacha en Polvo* y C\u00farcuma*.<br \/>\n(*) Procedente de Agricultura Ecol\u00f3gica<\/p>\n","protected":false},"featured_media":3135,"comment_status":"open","ping_status":"closed","template":"","meta":[],"product_brand":[],"product_cat":[127,155],"product_tag":[],"class_list":{"0":"post-3133","1":"product","2":"type-product","3":"status-publish","4":"has-post-thumbnail","6":"product_cat-papas-fritas","7":"product_cat-aperitivos","8":"product_shipping_class-custom-delivery-radius","10":"first","11":"instock","12":"purchasable","13":"product-type-simple"},"_links":{"self":[{"href":"https:\/\/esnaturalbarcelona.com\/en\/wp-json\/wp\/v2\/product\/3133","targetHints":{"allow":["GET"]}}],"collection":[{"href":"https:\/\/esnaturalbarcelona.com\/en\/wp-json\/wp\/v2\/product"}],"about":[{"href":"https:\/\/esnaturalbarcelona.com\/en\/wp-json\/wp\/v2\/types\/product"}],"replies":[{"embeddable":true,"href":"https:\/\/esnaturalbarcelona.com\/en\/wp-json\/wp\/v2\/comments?post=3133"}],"version-history":[{"count":3,"href":"https:\/\/esnaturalbarcelona.com\/en\/wp-json\/wp\/v2\/product\/3133\/revisions"}],"predecessor-version":[{"id":8536,"href":"https:\/\/esnaturalbarcelona.com\/en\/wp-json\/wp\/v2\/product\/3133\/revisions\/8536"}],"wp:featuredmedia":[{"embeddable":true,"href":"https:\/\/esnaturalbarcelona.com\/en\/wp-json\/wp\/v2\/media\/3135"}],"wp:attachment":[{"href":"https:\/\/esnaturalbarcelona.com\/en\/wp-json\/wp\/v2\/media?parent=3133"}],"wp:term":[{"taxonomy":"product_brand","embeddable":true,"href":"https:\/\/esnaturalbarcelona.com\/en\/wp-json\/wp\/v2\/product_brand?post=3133"},{"taxonomy":"product_cat","embeddable":true,"href":"https:\/\/esnaturalbarcelona.com\/en\/wp-json\/wp\/v2\/product_cat?post=3133"},{"taxonomy":"product_tag","embeddable":true,"href":"https:\/\/esnaturalbarcelona.com\/en\/wp-json\/wp\/v2\/product_tag?post=3133"}],"curies":[{"name":"wp","href":"https:\/\/api.w.org\/{rel}","templated":true}]}}