{"id":3148,"date":"2025-03-20T05:25:32","date_gmt":"2025-03-20T05:25:32","guid":{"rendered":"http:\/\/es-natural.local\/product\/nachos-de-legumbres-bio-y-sin-gluten-sol-natural-80g\/"},"modified":"2026-02-22T05:15:45","modified_gmt":"2026-02-22T05:15:45","slug":"nachos-de-legumbres-bio-y-sin-gluten-sol-natural-80g","status":"publish","type":"product","link":"https:\/\/esnaturalbarcelona.com\/en\/product\/nachos-de-legumbres-bio-y-sin-gluten-sol-natural-80g\/","title":{"rendered":"Legume Nachos, Organic and Gluten-Free, Sol Natural 80G"},"content":{"rendered":"<div id=\"86f9f0f9cd975a91\" class=\"conversation-container message-actions-hover-boundary ng-star-inserted\">\n<div>\n<div class=\"response-container ng-tns-c4243487128-121 response-container-with-gpi is-mobile ng-star-inserted response-container-has-multiple-responses\">\n<div class=\"presented-response-container ng-tns-c4243487128-121\">\n<div class=\"response-container-content ng-tns-c4243487128-121 is-mobile\">\n<div class=\"response-content ng-tns-c4243487128-121\">\n<div id=\"model-response-message-contentr_86f9f0f9cd975a91\" class=\"markdown markdown-main-panel stronger enable-updated-hr-color\" dir=\"ltr\">\n<p data-sourcepos=\"1:1-1:55\">Legume Nachos, Organic and Gluten-Free, Sol Natural 80G<\/p>\n<\/div>\n<div class=\"response-footer is-mobile gap complete\"><\/div>\n<\/div>\n<\/div>\n<\/div>\n<div class=\"response-container-footer ng-tns-c4243487128-121\">\n<div class=\"actions-container-v2 ng-tns-c143769653-123 mobile\">\n<div class=\"spacer ng-tns-c143769653-123 ng-star-inserted\"><\/div>\n<\/div>\n<\/div>\n<\/div>\n<div id=\"feedback-form-21\" class=\"feedback-form-turn-index\"><\/div>\n<\/div>\n<div class=\"restart-chat-button-scroll-placeholder ng-star-inserted\"><\/div>\n<\/div>\n","protected":false},"excerpt":{"rendered":"<p>Los Nachos de legumbres Bio de Sol Natural son altos en fibra y prote\u00edna. Excelentes para acompa\u00f1ar cualquier dip, salsa y alimento salado.<\/p>\n<p class=\"product-rich-descriptive-content-title\"><strong>Ingredientes:<\/strong> Ma\u00edz (57,4 %), Legumbres Mezcladas en Proporciones Variables (30 %) ( Guisantes, Frijoles, Lentejas, Garbanzos), Aceite de Ma\u00edz, Prote\u00edna de Guisante, Sal Marina, Sabor Natural de Oliva.Ma\u00edz (57,4 %), Legumbres Mezcladas en Proporciones Variables (30 %) (Guisantes, Frijoles, Lentejas, Garbanzos), Aceite de Ma\u00edz, Prote\u00edna de Guisante, Sal Marina, Sabor Natural de Oliva.<\/p>\n","protected":false},"featured_media":3150,"comment_status":"open","ping_status":"closed","template":"","meta":[],"product_brand":[],"product_cat":[128,155],"product_tag":[],"class_list":{"0":"post-3148","1":"product","2":"type-product","3":"status-publish","4":"has-post-thumbnail","6":"product_cat-nachos","7":"product_cat-aperitivos","8":"product_shipping_class-custom-delivery-radius","10":"first","11":"instock","12":"purchasable","13":"product-type-simple"},"_links":{"self":[{"href":"https:\/\/esnaturalbarcelona.com\/en\/wp-json\/wp\/v2\/product\/3148","targetHints":{"allow":["GET"]}}],"collection":[{"href":"https:\/\/esnaturalbarcelona.com\/en\/wp-json\/wp\/v2\/product"}],"about":[{"href":"https:\/\/esnaturalbarcelona.com\/en\/wp-json\/wp\/v2\/types\/product"}],"replies":[{"embeddable":true,"href":"https:\/\/esnaturalbarcelona.com\/en\/wp-json\/wp\/v2\/comments?post=3148"}],"version-history":[{"count":3,"href":"https:\/\/esnaturalbarcelona.com\/en\/wp-json\/wp\/v2\/product\/3148\/revisions"}],"predecessor-version":[{"id":8544,"href":"https:\/\/esnaturalbarcelona.com\/en\/wp-json\/wp\/v2\/product\/3148\/revisions\/8544"}],"wp:featuredmedia":[{"embeddable":true,"href":"https:\/\/esnaturalbarcelona.com\/en\/wp-json\/wp\/v2\/media\/3150"}],"wp:attachment":[{"href":"https:\/\/esnaturalbarcelona.com\/en\/wp-json\/wp\/v2\/media?parent=3148"}],"wp:term":[{"taxonomy":"product_brand","embeddable":true,"href":"https:\/\/esnaturalbarcelona.com\/en\/wp-json\/wp\/v2\/product_brand?post=3148"},{"taxonomy":"product_cat","embeddable":true,"href":"https:\/\/esnaturalbarcelona.com\/en\/wp-json\/wp\/v2\/product_cat?post=3148"},{"taxonomy":"product_tag","embeddable":true,"href":"https:\/\/esnaturalbarcelona.com\/en\/wp-json\/wp\/v2\/product_tag?post=3148"}],"curies":[{"name":"wp","href":"https:\/\/api.w.org\/{rel}","templated":true}]}}