{"id":3283,"date":"2025-03-20T05:27:04","date_gmt":"2025-03-20T05:27:04","guid":{"rendered":"http:\/\/es-natural.local\/product\/habitas-mini-baby-ferrer-235gr\/"},"modified":"2026-02-22T05:14:54","modified_gmt":"2026-02-22T05:14:54","slug":"habitas-mini-baby-ferrer-235gr","status":"publish","type":"product","link":"https:\/\/esnaturalbarcelona.com\/en\/product\/habitas-mini-baby-ferrer-235gr\/","title":{"rendered":"Ferrer Mini Baby Broad Beans 235g"},"content":{"rendered":"<p>Ferrer Mini Baby Broad Beans 235g<\/p>\n","protected":false},"excerpt":{"rendered":"<p>Las habitas mini baby son un tipo de haba peque\u00f1a muy tierna y sabrosa, por lo que te resultar\u00e1n muy f\u00e1ciles de utilizar en m\u00faltiples recetas de ensaladas o como acompa\u00f1amiento de otros platos.<\/p>\n","protected":false},"featured_media":3285,"comment_status":"open","ping_status":"closed","template":"","meta":[],"product_brand":[],"product_cat":[88],"product_tag":[],"class_list":{"0":"post-3283","1":"product","2":"type-product","3":"status-publish","4":"has-post-thumbnail","6":"product_cat-conservas","7":"product_shipping_class-custom-delivery-radius","9":"first","10":"instock","11":"purchasable","12":"product-type-simple"},"_links":{"self":[{"href":"https:\/\/esnaturalbarcelona.com\/en\/wp-json\/wp\/v2\/product\/3283","targetHints":{"allow":["GET"]}}],"collection":[{"href":"https:\/\/esnaturalbarcelona.com\/en\/wp-json\/wp\/v2\/product"}],"about":[{"href":"https:\/\/esnaturalbarcelona.com\/en\/wp-json\/wp\/v2\/types\/product"}],"replies":[{"embeddable":true,"href":"https:\/\/esnaturalbarcelona.com\/en\/wp-json\/wp\/v2\/comments?post=3283"}],"version-history":[{"count":2,"href":"https:\/\/esnaturalbarcelona.com\/en\/wp-json\/wp\/v2\/product\/3283\/revisions"}],"predecessor-version":[{"id":8496,"href":"https:\/\/esnaturalbarcelona.com\/en\/wp-json\/wp\/v2\/product\/3283\/revisions\/8496"}],"wp:featuredmedia":[{"embeddable":true,"href":"https:\/\/esnaturalbarcelona.com\/en\/wp-json\/wp\/v2\/media\/3285"}],"wp:attachment":[{"href":"https:\/\/esnaturalbarcelona.com\/en\/wp-json\/wp\/v2\/media?parent=3283"}],"wp:term":[{"taxonomy":"product_brand","embeddable":true,"href":"https:\/\/esnaturalbarcelona.com\/en\/wp-json\/wp\/v2\/product_brand?post=3283"},{"taxonomy":"product_cat","embeddable":true,"href":"https:\/\/esnaturalbarcelona.com\/en\/wp-json\/wp\/v2\/product_cat?post=3283"},{"taxonomy":"product_tag","embeddable":true,"href":"https:\/\/esnaturalbarcelona.com\/en\/wp-json\/wp\/v2\/product_tag?post=3283"}],"curies":[{"name":"wp","href":"https:\/\/api.w.org\/{rel}","templated":true}]}}