{"id":3343,"date":"2025-03-20T05:27:45","date_gmt":"2025-03-20T05:27:45","guid":{"rendered":"http:\/\/es-natural.local\/product\/alubias-blancas-eco-cal-valls-500g\/"},"modified":"2026-02-22T05:14:25","modified_gmt":"2026-02-22T05:14:25","slug":"alubias-blancas-eco-cal-valls-500g","status":"publish","type":"product","link":"https:\/\/esnaturalbarcelona.com\/en\/product\/alubias-blancas-eco-cal-valls-500g\/","title":{"rendered":"Organic white beans Cal Valls 500g"},"content":{"rendered":"<p>Organic white beans Cal Valls 500g<\/p>\n","protected":false},"excerpt":{"rendered":"<p>Jud\u00edas Blancas Cocidas Eco de Cal Valls cocidas, para consumir directamente o para elaborar un rico plato acompa\u00f1ado de ensaladas.<\/p>\n<p>Cal Valls es una empresa familiar, dedicada desde 1978 a la producci\u00f3n y elaboraci\u00f3n de zumos y conservas vegetales de cultivo ecol\u00f3gico.<\/p>\n","protected":false},"featured_media":3345,"comment_status":"open","ping_status":"closed","template":"","meta":[],"product_brand":[],"product_cat":[88],"product_tag":[],"class_list":{"0":"post-3343","1":"product","2":"type-product","3":"status-publish","4":"has-post-thumbnail","6":"product_cat-conservas","7":"product_shipping_class-custom-delivery-radius","9":"first","10":"instock","11":"purchasable","12":"product-type-simple"},"_links":{"self":[{"href":"https:\/\/esnaturalbarcelona.com\/en\/wp-json\/wp\/v2\/product\/3343","targetHints":{"allow":["GET"]}}],"collection":[{"href":"https:\/\/esnaturalbarcelona.com\/en\/wp-json\/wp\/v2\/product"}],"about":[{"href":"https:\/\/esnaturalbarcelona.com\/en\/wp-json\/wp\/v2\/types\/product"}],"replies":[{"embeddable":true,"href":"https:\/\/esnaturalbarcelona.com\/en\/wp-json\/wp\/v2\/comments?post=3343"}],"version-history":[{"count":3,"href":"https:\/\/esnaturalbarcelona.com\/en\/wp-json\/wp\/v2\/product\/3343\/revisions"}],"predecessor-version":[{"id":8473,"href":"https:\/\/esnaturalbarcelona.com\/en\/wp-json\/wp\/v2\/product\/3343\/revisions\/8473"}],"wp:featuredmedia":[{"embeddable":true,"href":"https:\/\/esnaturalbarcelona.com\/en\/wp-json\/wp\/v2\/media\/3345"}],"wp:attachment":[{"href":"https:\/\/esnaturalbarcelona.com\/en\/wp-json\/wp\/v2\/media?parent=3343"}],"wp:term":[{"taxonomy":"product_brand","embeddable":true,"href":"https:\/\/esnaturalbarcelona.com\/en\/wp-json\/wp\/v2\/product_brand?post=3343"},{"taxonomy":"product_cat","embeddable":true,"href":"https:\/\/esnaturalbarcelona.com\/en\/wp-json\/wp\/v2\/product_cat?post=3343"},{"taxonomy":"product_tag","embeddable":true,"href":"https:\/\/esnaturalbarcelona.com\/en\/wp-json\/wp\/v2\/product_tag?post=3343"}],"curies":[{"name":"wp","href":"https:\/\/api.w.org\/{rel}","templated":true}]}}