{"id":3390,"date":"2025-03-20T05:28:50","date_gmt":"2025-03-20T05:28:50","guid":{"rendered":"http:\/\/es-natural.local\/product\/hongos-rovellon-boton-ferrer-190gr\/"},"modified":"2026-02-22T05:05:00","modified_gmt":"2026-02-22T05:05:00","slug":"hongos-rovellon-boton-ferrer-190gr","status":"publish","type":"product","link":"https:\/\/esnaturalbarcelona.com\/en\/product\/hongos-rovellon-boton-ferrer-190gr\/","title":{"rendered":"Rovellon mushroom buttons Ferrer 190g"},"content":{"rendered":"<p>Rovellon mushroom buttons Ferrer 190g<\/p>\n","protected":false},"excerpt":{"rendered":"<p>En Ferrer se han seleccionado los rovellones m\u00e1s peque\u00f1os, que reciben este nombre por su forma. Es una de las setas m\u00e1s apreciadas en Espa\u00f1a gracias a su exquisito sabor y calidad de la carne. Adem\u00e1s, presenta unas caracter\u00edsticas nutricionales excelentes.<\/p>\n<p>Disfruta del rovell\u00f3n bot\u00f3n de Ferrer en un abrir y cerrar de ojos, a\u00f1\u00e1delo a tus guisos, en tortillas o ensaladas, prep\u00e1ralos en tapas o util\u00edzalos para acompa\u00f1ar tus platos. \u00a1Da rienda suelta a tu imaginaci\u00f3n y disfruta de esta deliciosa seta!<\/p>\n","protected":false},"featured_media":3392,"comment_status":"open","ping_status":"closed","template":"","meta":[],"product_brand":[],"product_cat":[88],"product_tag":[],"class_list":{"0":"post-3390","1":"product","2":"type-product","3":"status-publish","4":"has-post-thumbnail","6":"product_cat-conservas","7":"product_shipping_class-custom-delivery-radius","9":"first","10":"instock","11":"purchasable","12":"product-type-simple"},"_links":{"self":[{"href":"https:\/\/esnaturalbarcelona.com\/en\/wp-json\/wp\/v2\/product\/3390","targetHints":{"allow":["GET"]}}],"collection":[{"href":"https:\/\/esnaturalbarcelona.com\/en\/wp-json\/wp\/v2\/product"}],"about":[{"href":"https:\/\/esnaturalbarcelona.com\/en\/wp-json\/wp\/v2\/types\/product"}],"replies":[{"embeddable":true,"href":"https:\/\/esnaturalbarcelona.com\/en\/wp-json\/wp\/v2\/comments?post=3390"}],"version-history":[{"count":3,"href":"https:\/\/esnaturalbarcelona.com\/en\/wp-json\/wp\/v2\/product\/3390\/revisions"}],"predecessor-version":[{"id":8437,"href":"https:\/\/esnaturalbarcelona.com\/en\/wp-json\/wp\/v2\/product\/3390\/revisions\/8437"}],"wp:featuredmedia":[{"embeddable":true,"href":"https:\/\/esnaturalbarcelona.com\/en\/wp-json\/wp\/v2\/media\/3392"}],"wp:attachment":[{"href":"https:\/\/esnaturalbarcelona.com\/en\/wp-json\/wp\/v2\/media?parent=3390"}],"wp:term":[{"taxonomy":"product_brand","embeddable":true,"href":"https:\/\/esnaturalbarcelona.com\/en\/wp-json\/wp\/v2\/product_brand?post=3390"},{"taxonomy":"product_cat","embeddable":true,"href":"https:\/\/esnaturalbarcelona.com\/en\/wp-json\/wp\/v2\/product_cat?post=3390"},{"taxonomy":"product_tag","embeddable":true,"href":"https:\/\/esnaturalbarcelona.com\/en\/wp-json\/wp\/v2\/product_tag?post=3390"}],"curies":[{"name":"wp","href":"https:\/\/api.w.org\/{rel}","templated":true}]}}